{"id":716,"date":"2022-11-11T10:56:54","date_gmt":"2022-11-11T09:56:54","guid":{"rendered":"https:\/\/www.valaz.es\/?post_type=product&#038;p=716"},"modified":"2026-03-18T13:38:24","modified_gmt":"2026-03-18T12:38:24","slug":"grifo-de-lavabo-alto-para-pica-monomando-redondo-cano-recto-negro-serie-palancia","status":"publish","type":"product","link":"https:\/\/www.valaz.es\/it\/prodotto\/grifo-de-lavabo-alto-para-pica-monomando-redondo-cano-recto-negro-serie-palancia\/","title":{"rendered":"Grifo de lavabo alto para pica monomando redondo ca\u00f1o recto negro &#8211; Serie Palancia"},"content":{"rendered":"<p class=\"\" data-start=\"88\" data-end=\"478\">Este grifo de lavabo alto de la Serie Palancia destaca por su dise\u00f1o moderno y minimalista con un acabado negro, perfecto para lavabos de pica. Su ca\u00f1o recto y redondo le otorgan un toque elegante y funcional, ideal para quienes buscan un estilo contempor\u00e1neo y sencillo. El funcionamiento monomando permite ajustar f\u00e1cilmente tanto el caudal como la temperatura del agua.<\/p>\n<p class=\"\" data-start=\"480\" data-end=\"502\"><strong data-start=\"480\" data-end=\"500\">Especificaciones<\/strong><\/p>\n<ul data-start=\"503\" data-end=\"735\">\n<li class=\"\" data-start=\"503\" data-end=\"535\">\n<p class=\"\" data-start=\"505\" data-end=\"535\"><strong data-start=\"505\" data-end=\"523\">Tipo de grifo:<\/strong> Monomando<\/p>\n<\/li>\n<li class=\"\" data-start=\"536\" data-end=\"570\">\n<p class=\"\" data-start=\"538\" data-end=\"570\"><strong data-start=\"538\" data-end=\"562\">Material del cuerpo:<\/strong> Lat\u00f3n<\/p>\n<\/li>\n<li class=\"\" data-start=\"571\" data-end=\"593\">\n<p class=\"\" data-start=\"573\" data-end=\"593\"><strong data-start=\"573\" data-end=\"585\">Acabado:<\/strong> Negro<\/p>\n<\/li>\n<li class=\"\" data-start=\"594\" data-end=\"631\">\n<p class=\"\" data-start=\"596\" data-end=\"631\"><strong data-start=\"596\" data-end=\"613\">Tipo de ca\u00f1o:<\/strong> Recto y redondo<\/p>\n<\/li>\n<li class=\"\" data-start=\"632\" data-end=\"658\">\n<p class=\"\" data-start=\"634\" data-end=\"658\"><strong data-start=\"634\" data-end=\"647\">Cartucho:<\/strong> Cer\u00e1mico<\/p>\n<\/li>\n<li class=\"\" data-start=\"659\" data-end=\"692\">\n<p class=\"\" data-start=\"661\" data-end=\"692\"><strong data-start=\"661\" data-end=\"690\">Apto para lavabos de pica<\/strong><\/p>\n<\/li>\n<li class=\"\" data-start=\"693\" data-end=\"735\">\n<p class=\"\" data-start=\"695\" data-end=\"735\"><strong data-start=\"695\" data-end=\"706\">Altura:<\/strong> Ideal para lavabos de pica<\/p>\n<\/li>\n<\/ul>\n","protected":false},"excerpt":{"rendered":"<p>Serie Palancia es la cl\u00e1sica redonda que nos aportan confort, elegancia y bienestar, perfecta para todo tipo de ba\u00f1os. Disponemos de diferentes acabados cromados, acero cepillado, dorado cepillado, negro mate. Cuenta con barras de ducha\/ba\u00f1era, grifo de lavabo, grifo para pica , grifo de bid\u00e9, generando tambi\u00e9n una combinaci\u00f3n perfecta con la serie Ebro en la que encontraras grifos de ba\u00f1era exenta y t\u00f3tem.<\/p>\n<p>La garant\u00eda de todos nuestros productos es de 3 a\u00f1os, para funcionamiento, duraci\u00f3n del esmaltado y anticorrosi\u00f3n.<\/p>\n<p>Recomendamos para un correcto mantenimiento de la grifer\u00eda y evitar el deterioro por el uso. Secar las gotas de agua con un pa\u00f1o suave despu\u00e9s del uso, evitando que se posen en la superficie y deterioran el acabado, no utilizar esponjas que puedan rayar la grifer\u00eda, utilizar limpiadores como vinagre limpieza, agua caliente y jab\u00f3n con ph neutro.<\/p>\n<p>&nbsp;<\/p>\n<p><strong>Nuestro departamento\u00a0t\u00e9cnico\u00a0dispone de\u00a0gu\u00edas\u00a0de todos los\u00a0modelos\u00a0empotrados\u00a0que vendemos<\/strong><strong>,\u00a0si tiene alguna duda con la\u00a0instalaci\u00f3n\u00a0contacte con nosotros mediante\u00a0tel\u00e9fono,\u00a0WhatsApp\u00a0o email dentro del horario laboral indicado en la web.<\/strong><\/p>\n<p><strong>Recuerden que una vez instalado el cuerpo\u00a0empotrado\u00a0de la\u00a0grifer\u00eda\u00a0revisar de su correcto funcionamiento de paso de agua, comprobaci\u00f3n de cartuchos y corte de agua, si detecta alguna\u00a0anomal\u00eda\u00a0informe a nuestro\u00a0departamento\u00a0para darle una\u00a0soluci\u00f3n, no\u00a0contin\u00fae\u00a0con la\u00a0instalaci\u00f3n\u00a0de cerramiento de la pared.<\/strong><\/p>\n<p>&nbsp;<\/p>\n","protected":false},"featured_media":721,"template":"","meta":[],"product_brand":[],"product_cat":[48],"product_tag":[],"serie":[37],"manual-de-instalacion":[83],"color":[27],"class_list":{"0":"post-716","1":"product","2":"type-product","3":"status-publish","4":"has-post-thumbnail","6":"product_cat-grifos-de-lavabo","7":"serie-palancia","8":"manual-de-instalacion-guia-instalacion-grifo-superficie","9":"color-negro-mate","11":"first","12":"instock","13":"taxable","14":"shipping-taxable","15":"product-type-simple"},"_links":{"self":[{"href":"https:\/\/www.valaz.es\/it\/wp-json\/wp\/v2\/product\/716","targetHints":{"allow":["GET"]}}],"collection":[{"href":"https:\/\/www.valaz.es\/it\/wp-json\/wp\/v2\/product"}],"about":[{"href":"https:\/\/www.valaz.es\/it\/wp-json\/wp\/v2\/types\/product"}],"wp:featuredmedia":[{"embeddable":true,"href":"https:\/\/www.valaz.es\/it\/wp-json\/wp\/v2\/media\/721"}],"wp:attachment":[{"href":"https:\/\/www.valaz.es\/it\/wp-json\/wp\/v2\/media?parent=716"}],"wp:term":[{"taxonomy":"product_brand","embeddable":true,"href":"https:\/\/www.valaz.es\/it\/wp-json\/wp\/v2\/product_brand?post=716"},{"taxonomy":"product_cat","embeddable":true,"href":"https:\/\/www.valaz.es\/it\/wp-json\/wp\/v2\/product_cat?post=716"},{"taxonomy":"product_tag","embeddable":true,"href":"https:\/\/www.valaz.es\/it\/wp-json\/wp\/v2\/product_tag?post=716"},{"taxonomy":"serie","embeddable":true,"href":"https:\/\/www.valaz.es\/it\/wp-json\/wp\/v2\/serie?post=716"},{"taxonomy":"manual-de-instalacion","embeddable":true,"href":"https:\/\/www.valaz.es\/it\/wp-json\/wp\/v2\/manual-de-instalacion?post=716"},{"taxonomy":"color","embeddable":true,"href":"https:\/\/www.valaz.es\/it\/wp-json\/wp\/v2\/color?post=716"}],"curies":[{"name":"wp","href":"https:\/\/api.w.org\/{rel}","templated":true}]}}