{"id":7133,"date":"2023-09-15T08:54:01","date_gmt":"2023-09-15T06:54:01","guid":{"rendered":"https:\/\/www.valaz.es\/?post_type=product&#038;p=7133"},"modified":"2026-02-14T18:23:43","modified_gmt":"2026-02-14T17:23:43","slug":"grifo-lavabo-empotrado-redondo-monomando-dorado-cepillado-cano-fino-y-fijo-serie-deva","status":"publish","type":"product","link":"https:\/\/www.valaz.es\/it\/prodotto\/grifo-lavabo-empotrado-redondo-monomando-dorado-cepillado-cano-fino-y-fijo-serie-deva\/","title":{"rendered":"Grifo lavabo empotrado redondo monomando con ca\u00f1o de de 21CM fino y fijo oro mate con protecci\u00f3n PVD  &#8211; Serie Deva"},"content":{"rendered":"<p class=\"\" data-start=\"116\" data-end=\"460\">Este grifo lavabo empotrado redondo monomando de la serie Deva en acabado oro mate con protecci\u00f3n PVD combina dise\u00f1o y durabilidad, ofreciendo una est\u00e9tica sofisticada y moderna para tu ba\u00f1o. Su ca\u00f1o de 21 cm fino y fijo proporciona un flujo de agua eficiente y controlado, mientras que el acabado en oro mate le da un toque de elegancia \u00fanica.<\/p>\n<p class=\"\" data-start=\"462\" data-end=\"483\"><strong data-start=\"462\" data-end=\"483\">Especificaciones:<\/strong><\/p>\n<ul data-start=\"485\" data-end=\"874\">\n<li class=\"\" data-start=\"485\" data-end=\"546\">\n<p class=\"\" data-start=\"487\" data-end=\"546\"><strong data-start=\"487\" data-end=\"504\">Tipo de grifo<\/strong>: Grifo lavabo empotrado redondo monomando<\/p>\n<\/li>\n<li class=\"\" data-start=\"547\" data-end=\"617\">\n<p class=\"\" data-start=\"549\" data-end=\"564\"><strong data-start=\"549\" data-end=\"563\">Materiales<\/strong>:<\/p>\n<ul data-start=\"567\" data-end=\"617\">\n<li class=\"\" data-start=\"567\" data-end=\"596\">\n<p class=\"\" data-start=\"569\" data-end=\"596\">Cuerpo de grifer\u00eda en lat\u00f3n<\/p>\n<\/li>\n<li class=\"\" data-start=\"599\" data-end=\"617\">\n<p class=\"\" data-start=\"601\" data-end=\"617\">Maneta monomando<\/p>\n<\/li>\n<\/ul>\n<\/li>\n<li class=\"\" data-start=\"618\" data-end=\"660\">\n<p class=\"\" data-start=\"620\" data-end=\"660\"><strong data-start=\"620\" data-end=\"631\">Acabado<\/strong>: Oro mate con protecci\u00f3n PVD<\/p>\n<\/li>\n<li class=\"\" data-start=\"661\" data-end=\"694\">\n<p class=\"\" data-start=\"663\" data-end=\"694\"><strong data-start=\"663\" data-end=\"675\">Cartucho<\/strong>: Cer\u00e1mico de 35 mm<\/p>\n<\/li>\n<li class=\"\" data-start=\"695\" data-end=\"725\">\n<p class=\"\" data-start=\"697\" data-end=\"725\"><strong data-start=\"697\" data-end=\"705\">Ca\u00f1o<\/strong>: 21 cm, fino y fijo<\/p>\n<\/li>\n<li class=\"\" data-start=\"726\" data-end=\"770\">\n<p class=\"\" data-start=\"728\" data-end=\"770\"><strong data-start=\"728\" data-end=\"740\">Conexi\u00f3n<\/strong>: 3\/8\u201d (latiguillos incluidos)<\/p>\n<\/li>\n<li class=\"\" data-start=\"771\" data-end=\"811\">\n<p class=\"\" data-start=\"773\" data-end=\"811\"><strong data-start=\"773\" data-end=\"788\">Instalaci\u00f3n<\/strong>: Empotrado en la pared<\/p>\n<\/li>\n<li class=\"\" data-start=\"812\" data-end=\"874\">\n<p class=\"\" data-start=\"814\" data-end=\"874\"><strong data-start=\"814\" data-end=\"832\">Protecci\u00f3n PVD<\/strong>: Alta resistencia a rayaduras y corrosi\u00f3n<\/p>\n<\/li>\n<\/ul>\n","protected":false},"excerpt":{"rendered":"<p>Este grifo lavabo empotrado redondo monomando de la serie Deva  [&#8230;]<\/p>\n","protected":false},"featured_media":20554,"template":"","meta":[],"product_brand":[],"product_cat":[58],"product_tag":[],"serie":[347],"manual-de-instalacion":[81],"color":[350],"class_list":{"0":"post-7133","1":"product","2":"type-product","3":"status-publish","4":"has-post-thumbnail","6":"product_cat-grifos-de-lavabo-empotrados","7":"serie-deva","8":"manual-de-instalacion-guia-instalacion-grifo-lavabo-empotrado-sin-caja","9":"color-oro-mate-cepillado","11":"first","12":"instock","13":"taxable","14":"shipping-taxable","15":"product-type-simple"},"_links":{"self":[{"href":"https:\/\/www.valaz.es\/it\/wp-json\/wp\/v2\/product\/7133","targetHints":{"allow":["GET"]}}],"collection":[{"href":"https:\/\/www.valaz.es\/it\/wp-json\/wp\/v2\/product"}],"about":[{"href":"https:\/\/www.valaz.es\/it\/wp-json\/wp\/v2\/types\/product"}],"wp:featuredmedia":[{"embeddable":true,"href":"https:\/\/www.valaz.es\/it\/wp-json\/wp\/v2\/media\/20554"}],"wp:attachment":[{"href":"https:\/\/www.valaz.es\/it\/wp-json\/wp\/v2\/media?parent=7133"}],"wp:term":[{"taxonomy":"product_brand","embeddable":true,"href":"https:\/\/www.valaz.es\/it\/wp-json\/wp\/v2\/product_brand?post=7133"},{"taxonomy":"product_cat","embeddable":true,"href":"https:\/\/www.valaz.es\/it\/wp-json\/wp\/v2\/product_cat?post=7133"},{"taxonomy":"product_tag","embeddable":true,"href":"https:\/\/www.valaz.es\/it\/wp-json\/wp\/v2\/product_tag?post=7133"},{"taxonomy":"serie","embeddable":true,"href":"https:\/\/www.valaz.es\/it\/wp-json\/wp\/v2\/serie?post=7133"},{"taxonomy":"manual-de-instalacion","embeddable":true,"href":"https:\/\/www.valaz.es\/it\/wp-json\/wp\/v2\/manual-de-instalacion?post=7133"},{"taxonomy":"color","embeddable":true,"href":"https:\/\/www.valaz.es\/it\/wp-json\/wp\/v2\/color?post=7133"}],"curies":[{"name":"wp","href":"https:\/\/api.w.org\/{rel}","templated":true}]}}