{"id":690,"date":"2022-11-10T17:04:18","date_gmt":"2022-11-10T16:04:18","guid":{"rendered":"https:\/\/www.valaz.es\/?post_type=product&#038;p=690"},"modified":"2026-04-21T11:12:49","modified_gmt":"2026-04-21T09:12:49","slug":"grifo-de-bidet-empotrado-redondo-dorado-cepillado-serie-guadiana","status":"publish","type":"product","link":"https:\/\/www.valaz.es\/it\/prodotto\/grifo-de-bidet-empotrado-redondo-dorado-cepillado-serie-guadiana\/","title":{"rendered":"Grifo de bidet empotrado redondo dorado cepillado &#8211; Serie Guadiana"},"content":{"rendered":"<p class=\"\" data-start=\"72\" data-end=\"366\">El grifo de bidet empotrado de la Serie Guadiana combina funcionalidad y dise\u00f1o elegante en un formato compacto y moderno. Su acabado en dorado cepillado aporta un toque sofisticado al ba\u00f1o, mientras que su sistema de 2 v\u00edas permite regular f\u00e1cilmente la temperatura del agua.<\/p>\n<p class=\"\" data-start=\"368\" data-end=\"390\"><strong data-start=\"368\" data-end=\"388\">Especificaciones<\/strong><\/p>\n<ul data-start=\"391\" data-end=\"685\">\n<li class=\"\" data-start=\"391\" data-end=\"434\">\n<p class=\"\" data-start=\"393\" data-end=\"434\"><strong data-start=\"393\" data-end=\"411\">Tipo de grifo:<\/strong> Empotrado para bidet<\/p>\n<\/li>\n<li class=\"\" data-start=\"435\" data-end=\"478\">\n<p class=\"\" data-start=\"437\" data-end=\"478\"><strong data-start=\"437\" data-end=\"446\">V\u00edas:<\/strong> 2 v\u00edas (agua fr\u00eda y caliente)<\/p>\n<\/li>\n<li class=\"\" data-start=\"479\" data-end=\"501\">\n<p class=\"\" data-start=\"481\" data-end=\"501\"><strong data-start=\"481\" data-end=\"494\">Conexi\u00f3n:<\/strong> G1\/2<\/p>\n<\/li>\n<li class=\"\" data-start=\"502\" data-end=\"541\">\n<p class=\"\" data-start=\"504\" data-end=\"541\"><strong data-start=\"504\" data-end=\"527\">Presi\u00f3n de trabajo:<\/strong> 0.1\u20131.0 Mpa<\/p>\n<\/li>\n<li class=\"\" data-start=\"542\" data-end=\"651\">\n<p class=\"\" data-start=\"544\" data-end=\"561\"><strong data-start=\"544\" data-end=\"559\">Materiales:<\/strong><\/p>\n<ul data-start=\"564\" data-end=\"651\">\n<li class=\"\" data-start=\"564\" data-end=\"598\">\n<p class=\"\" data-start=\"566\" data-end=\"598\">Cuerpo de la grifer\u00eda en lat\u00f3n<\/p>\n<\/li>\n<li class=\"\" data-start=\"601\" data-end=\"622\">\n<p class=\"\" data-start=\"603\" data-end=\"622\">Cartucho cer\u00e1mico<\/p>\n<\/li>\n<li class=\"\" data-start=\"625\" data-end=\"651\">\n<p class=\"\" data-start=\"627\" data-end=\"651\">Flexo de PVC de 120 cm<\/p>\n<\/li>\n<\/ul>\n<\/li>\n<li class=\"\" data-start=\"652\" data-end=\"685\">\n<p class=\"\" data-start=\"654\" data-end=\"685\"><strong data-start=\"654\" data-end=\"666\">Acabado:<\/strong> Dorado cepillado<\/p>\n<\/li>\n<\/ul>\n","protected":false},"excerpt":{"rendered":"<p>Serie Guadiana con l\u00edneas curvas y redondas, destacada por su sencillez y elegancia, una de nuestras series m\u00e1s minimalista y moderna. Disponemos de ducha empotrada tanto a pared como a techo, grifo de lavabo empotrado, grifo de bid\u00e9 empotrado. Es una de las series m\u00e1s completas en cuanto a productos con la mejor relaci\u00f3n calidad precio y unos acabados en cromado, dorado cepillado, negro mate, acero cepillado, Gun metal, dorado envejecido, blanco.<\/p>\n<p>La garant\u00eda de todos nuestros productos es de 3 a\u00f1os, para funcionamiento, duraci\u00f3n del esmaltado y anticorrosi\u00f3n.<\/p>\n<p>Recomendamos para un correcto mantenimiento de la grifer\u00eda y evitar el deterioro por el uso. Secar las gotas de agua con un pa\u00f1o suave despu\u00e9s del uso, evitando que se posen en la superficie y deterioran el acabado, no utilizar esponjas que puedan rayar la grifer\u00eda, utilizar limpiadores como vinagre limpieza, agua caliente y jab\u00f3n con pH neutro.<\/p>\n<p>&nbsp;<\/p>\n<p><strong>Nuestro departamento\u00a0t\u00e9cnico\u00a0dispone de\u00a0gu\u00edas\u00a0de todos los\u00a0modelos\u00a0empotrados\u00a0que vendemos<\/strong><strong>,\u00a0si tiene alguna duda con la\u00a0instalaci\u00f3n\u00a0contacte con nosotros mediante\u00a0tel\u00e9fono,\u00a0WhatsApp\u00a0o email dentro del horario laboral indicado en la web.<\/strong><\/p>\n<p><strong>Recuerden que una vez instalado el cuerpo\u00a0empotrado\u00a0de la\u00a0grifer\u00eda\u00a0revisar de su correcto funcionamiento de paso de agua, comprobaci\u00f3n de cartuchos y corte de agua, si detecta alguna\u00a0anomal\u00eda\u00a0informe a nuestro\u00a0departamento\u00a0para darle una\u00a0soluci\u00f3n, no\u00a0contin\u00fae\u00a0con la\u00a0instalaci\u00f3n\u00a0de cerramiento de la pared.<\/strong><\/p>\n","protected":false},"featured_media":11801,"template":"","meta":[],"product_brand":[],"product_cat":[54,59],"product_tag":[],"serie":[63],"manual-de-instalacion":[88],"color":[34],"class_list":{"0":"post-690","1":"product","2":"type-product","3":"status-publish","4":"has-post-thumbnail","6":"product_cat-grifos-de-bidet","7":"product_cat-grifos-de-bidet-empotrados","8":"serie-guadiana","9":"manual-de-instalacion-guia-instalacion-bide-empotrado","10":"color-dorado-cepillado","12":"first","13":"instock","14":"taxable","15":"shipping-taxable","16":"product-type-simple"},"_links":{"self":[{"href":"https:\/\/www.valaz.es\/it\/wp-json\/wp\/v2\/product\/690","targetHints":{"allow":["GET"]}}],"collection":[{"href":"https:\/\/www.valaz.es\/it\/wp-json\/wp\/v2\/product"}],"about":[{"href":"https:\/\/www.valaz.es\/it\/wp-json\/wp\/v2\/types\/product"}],"wp:featuredmedia":[{"embeddable":true,"href":"https:\/\/www.valaz.es\/it\/wp-json\/wp\/v2\/media\/11801"}],"wp:attachment":[{"href":"https:\/\/www.valaz.es\/it\/wp-json\/wp\/v2\/media?parent=690"}],"wp:term":[{"taxonomy":"product_brand","embeddable":true,"href":"https:\/\/www.valaz.es\/it\/wp-json\/wp\/v2\/product_brand?post=690"},{"taxonomy":"product_cat","embeddable":true,"href":"https:\/\/www.valaz.es\/it\/wp-json\/wp\/v2\/product_cat?post=690"},{"taxonomy":"product_tag","embeddable":true,"href":"https:\/\/www.valaz.es\/it\/wp-json\/wp\/v2\/product_tag?post=690"},{"taxonomy":"serie","embeddable":true,"href":"https:\/\/www.valaz.es\/it\/wp-json\/wp\/v2\/serie?post=690"},{"taxonomy":"manual-de-instalacion","embeddable":true,"href":"https:\/\/www.valaz.es\/it\/wp-json\/wp\/v2\/manual-de-instalacion?post=690"},{"taxonomy":"color","embeddable":true,"href":"https:\/\/www.valaz.es\/it\/wp-json\/wp\/v2\/color?post=690"}],"curies":[{"name":"wp","href":"https:\/\/api.w.org\/{rel}","templated":true}]}}