{"id":6892,"date":"2023-09-01T12:10:50","date_gmt":"2023-09-01T10:10:50","guid":{"rendered":"https:\/\/www.valaz.es\/?post_type=product&#038;p=6892"},"modified":"2026-04-21T22:23:09","modified_gmt":"2026-04-21T20:23:09","slug":"grifo-de-lavabo-con-apertura-en-agua-fria-monomando-cano-recto-oro-mate-con-proteccion-pvd-serie-nansa","status":"publish","type":"product","link":"https:\/\/www.valaz.es\/it\/prodotto\/grifo-de-lavabo-con-apertura-en-agua-fria-monomando-cano-recto-oro-mate-con-proteccion-pvd-serie-nansa\/","title":{"rendered":"Grifo de lavabo con apertura en agua fr\u00eda monomando ca\u00f1o recto oro mate con protecci\u00f3n PVD &#8211; Serie Nansa"},"content":{"rendered":"<p class=\"\" data-start=\"110\" data-end=\"518\">Este grifo de lavabo de la serie Nansa destaca por su elegante acabado en oro mate con protecci\u00f3n PVD, que le otorga una resistencia superior a la corrosi\u00f3n y desgaste, manteniendo su aspecto impecable por m\u00e1s tiempo. Con un dise\u00f1o minimalista y ca\u00f1o recto, es ideal para quienes buscan una est\u00e9tica sofisticada y moderna en su ba\u00f1o. Su apertura en agua fr\u00eda lo convierte en una opci\u00f3n eficiente y funcional.<\/p>\n<p class=\"\" data-start=\"520\" data-end=\"541\"><strong data-start=\"520\" data-end=\"541\">Especificaciones:<\/strong><\/p>\n<ul data-start=\"543\" data-end=\"846\">\n<li class=\"\" data-start=\"543\" data-end=\"600\">\n<p class=\"\" data-start=\"545\" data-end=\"600\"><strong data-start=\"545\" data-end=\"562\">Tipo de grifo<\/strong>: Grifo de lavabo monomando ca\u00f1o recto<\/p>\n<\/li>\n<li class=\"\" data-start=\"601\" data-end=\"643\">\n<p class=\"\" data-start=\"603\" data-end=\"643\"><strong data-start=\"603\" data-end=\"614\">Acabado<\/strong>: Oro mate con protecci\u00f3n PVD<\/p>\n<\/li>\n<li class=\"\" data-start=\"644\" data-end=\"724\">\n<p class=\"\" data-start=\"646\" data-end=\"661\"><strong data-start=\"646\" data-end=\"660\">Materiales<\/strong>:<\/p>\n<ul data-start=\"664\" data-end=\"724\">\n<li class=\"\" data-start=\"664\" data-end=\"693\">\n<p class=\"\" data-start=\"666\" data-end=\"693\">Cuerpo de grifer\u00eda en lat\u00f3n<\/p>\n<\/li>\n<li class=\"\" data-start=\"696\" data-end=\"724\">\n<p class=\"\" data-start=\"698\" data-end=\"724\">Cartucho cer\u00e1mico de 35 mm<\/p>\n<\/li>\n<\/ul>\n<\/li>\n<li class=\"\" data-start=\"725\" data-end=\"753\">\n<p class=\"\" data-start=\"727\" data-end=\"753\"><strong data-start=\"727\" data-end=\"747\">Apertura de agua<\/strong>: Fr\u00eda<\/p>\n<\/li>\n<li class=\"\" data-start=\"754\" data-end=\"798\">\n<p class=\"\" data-start=\"756\" data-end=\"798\"><strong data-start=\"756\" data-end=\"768\">Conexi\u00f3n<\/strong>: 3\/8\u201d (latiguillos incluidos)<\/p>\n<\/li>\n<li class=\"\" data-start=\"799\" data-end=\"846\">\n<p class=\"\" data-start=\"801\" data-end=\"846\"><strong data-start=\"801\" data-end=\"816\">Instalaci\u00f3n<\/strong>: Monomando, f\u00e1cil instalaci\u00f3n<\/p>\n<\/li>\n<\/ul>\n","protected":false},"excerpt":{"rendered":"<p>Este grifo de lavabo de la serie Nansa destaca por  [&#8230;]<\/p>\n","protected":false},"featured_media":11633,"template":"","meta":[],"product_brand":[],"product_cat":[48],"product_tag":[],"serie":[344],"manual-de-instalacion":[83],"color":[350],"class_list":{"0":"post-6892","1":"product","2":"type-product","3":"status-publish","4":"has-post-thumbnail","6":"product_cat-grifos-de-lavabo","7":"serie-nansa","8":"manual-de-instalacion-guia-instalacion-grifo-superficie","9":"color-oro-mate-cepillado","11":"first","12":"instock","13":"taxable","14":"shipping-taxable","15":"product-type-simple"},"_links":{"self":[{"href":"https:\/\/www.valaz.es\/it\/wp-json\/wp\/v2\/product\/6892","targetHints":{"allow":["GET"]}}],"collection":[{"href":"https:\/\/www.valaz.es\/it\/wp-json\/wp\/v2\/product"}],"about":[{"href":"https:\/\/www.valaz.es\/it\/wp-json\/wp\/v2\/types\/product"}],"wp:featuredmedia":[{"embeddable":true,"href":"https:\/\/www.valaz.es\/it\/wp-json\/wp\/v2\/media\/11633"}],"wp:attachment":[{"href":"https:\/\/www.valaz.es\/it\/wp-json\/wp\/v2\/media?parent=6892"}],"wp:term":[{"taxonomy":"product_brand","embeddable":true,"href":"https:\/\/www.valaz.es\/it\/wp-json\/wp\/v2\/product_brand?post=6892"},{"taxonomy":"product_cat","embeddable":true,"href":"https:\/\/www.valaz.es\/it\/wp-json\/wp\/v2\/product_cat?post=6892"},{"taxonomy":"product_tag","embeddable":true,"href":"https:\/\/www.valaz.es\/it\/wp-json\/wp\/v2\/product_tag?post=6892"},{"taxonomy":"serie","embeddable":true,"href":"https:\/\/www.valaz.es\/it\/wp-json\/wp\/v2\/serie?post=6892"},{"taxonomy":"manual-de-instalacion","embeddable":true,"href":"https:\/\/www.valaz.es\/it\/wp-json\/wp\/v2\/manual-de-instalacion?post=6892"},{"taxonomy":"color","embeddable":true,"href":"https:\/\/www.valaz.es\/it\/wp-json\/wp\/v2\/color?post=6892"}],"curies":[{"name":"wp","href":"https:\/\/api.w.org\/{rel}","templated":true}]}}