{"id":6890,"date":"2023-08-30T14:22:18","date_gmt":"2023-08-30T12:22:18","guid":{"rendered":"https:\/\/www.valaz.es\/?post_type=product&#038;p=6890"},"modified":"2025-11-11T13:54:37","modified_gmt":"2025-11-11T12:54:37","slug":"grifo-de-lavabo-alto-para-pica-negro-mate-con-apertura-en-agua-fria-monomando-cano-recto-serie-nansa","status":"publish","type":"product","link":"https:\/\/www.valaz.es\/it\/prodotto\/grifo-de-lavabo-alto-para-pica-negro-mate-con-apertura-en-agua-fria-monomando-cano-recto-serie-nansa\/","title":{"rendered":"Grifo de lavabo alto para pica negro mate con apertura en agua fr\u00eda monomando ca\u00f1o recto &#8211; Serie Nansa"},"content":{"rendered":"<p class=\"\" data-start=\"108\" data-end=\"439\">Este grifo de lavabo alto de la serie Nansa combina un dise\u00f1o moderno con una excelente funcionalidad. Su acabado en negro mate y su ca\u00f1o recto lo convierten en una opci\u00f3n ideal para ba\u00f1os contempor\u00e1neos, ofreciendo un estilo elegante y minimalista. Adem\u00e1s, su apertura en agua fr\u00eda te permite un control preciso del flujo de agua.<\/p>\n<p class=\"\" data-start=\"441\" data-end=\"462\"><strong data-start=\"441\" data-end=\"462\">Especificaciones:<\/strong><\/p>\n<ul data-start=\"464\" data-end=\"759\">\n<li class=\"\" data-start=\"464\" data-end=\"530\">\n<p class=\"\" data-start=\"466\" data-end=\"530\"><strong data-start=\"466\" data-end=\"483\">Tipo de grifo<\/strong>: Grifo de lavabo alto monomando con ca\u00f1o recto<\/p>\n<\/li>\n<li class=\"\" data-start=\"531\" data-end=\"556\">\n<p class=\"\" data-start=\"533\" data-end=\"556\"><strong data-start=\"533\" data-end=\"544\">Acabado<\/strong>: Negro mate<\/p>\n<\/li>\n<li class=\"\" data-start=\"557\" data-end=\"637\">\n<p class=\"\" data-start=\"559\" data-end=\"574\"><strong data-start=\"559\" data-end=\"573\">Materiales<\/strong>:<\/p>\n<ul data-start=\"577\" data-end=\"637\">\n<li class=\"\" data-start=\"577\" data-end=\"606\">\n<p class=\"\" data-start=\"579\" data-end=\"606\">Cuerpo de grifer\u00eda en lat\u00f3n<\/p>\n<\/li>\n<li class=\"\" data-start=\"609\" data-end=\"637\">\n<p class=\"\" data-start=\"611\" data-end=\"637\">Cartucho cer\u00e1mico de 35 mm<\/p>\n<\/li>\n<\/ul>\n<\/li>\n<li class=\"\" data-start=\"638\" data-end=\"666\">\n<p class=\"\" data-start=\"640\" data-end=\"666\"><strong data-start=\"640\" data-end=\"660\">Apertura de agua<\/strong>: Fr\u00eda<\/p>\n<\/li>\n<li class=\"\" data-start=\"667\" data-end=\"711\">\n<p class=\"\" data-start=\"669\" data-end=\"711\"><strong data-start=\"669\" data-end=\"681\">Conexi\u00f3n<\/strong>: 3\/8\u201d (latiguillos incluidos)<\/p>\n<\/li>\n<li class=\"\" data-start=\"712\" data-end=\"759\">\n<p class=\"\" data-start=\"714\" data-end=\"759\"><strong data-start=\"714\" data-end=\"729\">Instalaci\u00f3n<\/strong>: Monomando, f\u00e1cil instalaci\u00f3n<\/p>\n<\/li>\n<\/ul>\n","protected":false},"excerpt":{"rendered":"<p>Este grifo de lavabo alto de la serie Nansa combina  [&#8230;]<\/p>\n","protected":false},"featured_media":6897,"template":"","meta":[],"product_brand":[],"product_cat":[48],"product_tag":[],"serie":[344],"manual-de-instalacion":[83],"color":[27],"class_list":{"0":"post-6890","1":"product","2":"type-product","3":"status-publish","4":"has-post-thumbnail","6":"product_cat-grifos-de-lavabo","7":"serie-nansa","8":"manual-de-instalacion-guia-instalacion-grifo-superficie","9":"color-negro-mate","11":"first","12":"instock","13":"taxable","14":"shipping-taxable","15":"product-type-simple"},"_links":{"self":[{"href":"https:\/\/www.valaz.es\/it\/wp-json\/wp\/v2\/product\/6890","targetHints":{"allow":["GET"]}}],"collection":[{"href":"https:\/\/www.valaz.es\/it\/wp-json\/wp\/v2\/product"}],"about":[{"href":"https:\/\/www.valaz.es\/it\/wp-json\/wp\/v2\/types\/product"}],"wp:featuredmedia":[{"embeddable":true,"href":"https:\/\/www.valaz.es\/it\/wp-json\/wp\/v2\/media\/6897"}],"wp:attachment":[{"href":"https:\/\/www.valaz.es\/it\/wp-json\/wp\/v2\/media?parent=6890"}],"wp:term":[{"taxonomy":"product_brand","embeddable":true,"href":"https:\/\/www.valaz.es\/it\/wp-json\/wp\/v2\/product_brand?post=6890"},{"taxonomy":"product_cat","embeddable":true,"href":"https:\/\/www.valaz.es\/it\/wp-json\/wp\/v2\/product_cat?post=6890"},{"taxonomy":"product_tag","embeddable":true,"href":"https:\/\/www.valaz.es\/it\/wp-json\/wp\/v2\/product_tag?post=6890"},{"taxonomy":"serie","embeddable":true,"href":"https:\/\/www.valaz.es\/it\/wp-json\/wp\/v2\/serie?post=6890"},{"taxonomy":"manual-de-instalacion","embeddable":true,"href":"https:\/\/www.valaz.es\/it\/wp-json\/wp\/v2\/manual-de-instalacion?post=6890"},{"taxonomy":"color","embeddable":true,"href":"https:\/\/www.valaz.es\/it\/wp-json\/wp\/v2\/color?post=6890"}],"curies":[{"name":"wp","href":"https:\/\/api.w.org\/{rel}","templated":true}]}}