{"id":689,"date":"2022-11-10T16:58:45","date_gmt":"2022-11-10T15:58:45","guid":{"rendered":"https:\/\/www.valaz.es\/?post_type=product&#038;p=689"},"modified":"2026-04-23T16:40:17","modified_gmt":"2026-04-23T14:40:17","slug":"grifo-de-bidet-empotrado-redondo-negro-mate-serie-guadiana","status":"publish","type":"product","link":"https:\/\/www.valaz.es\/it\/prodotto\/grifo-de-bidet-empotrado-redondo-negro-mate-serie-guadiana\/","title":{"rendered":"Grifo de bidet empotrado redondo negro mate &#8211; Serie Guadiana"},"content":{"rendered":"<p class=\"\" data-start=\"66\" data-end=\"370\">El grifo empotrado de bidet de la Serie Guadiana ofrece un dise\u00f1o contempor\u00e1neo con l\u00edneas limpias y un acabado negro mate que aporta car\u00e1cter y elegancia al ba\u00f1o. Su sistema de 2 v\u00edas permite controlar tanto el agua fr\u00eda como la caliente, ofreciendo una experiencia c\u00f3moda y funcional.<\/p>\n<p class=\"\" data-start=\"372\" data-end=\"394\"><strong data-start=\"372\" data-end=\"392\">Especificaciones<\/strong><\/p>\n<ul data-start=\"395\" data-end=\"696\">\n<li class=\"\" data-start=\"395\" data-end=\"438\">\n<p class=\"\" data-start=\"397\" data-end=\"438\"><strong data-start=\"397\" data-end=\"415\">Tipo de grifo:<\/strong> Empotrado para bidet<\/p>\n<\/li>\n<li class=\"\" data-start=\"439\" data-end=\"482\">\n<p class=\"\" data-start=\"441\" data-end=\"482\"><strong data-start=\"441\" data-end=\"450\">V\u00edas:<\/strong> 2 v\u00edas (agua fr\u00eda y caliente)<\/p>\n<\/li>\n<li class=\"\" data-start=\"483\" data-end=\"505\">\n<p class=\"\" data-start=\"485\" data-end=\"505\"><strong data-start=\"485\" data-end=\"498\">Conexi\u00f3n:<\/strong> G1\/2<\/p>\n<\/li>\n<li class=\"\" data-start=\"506\" data-end=\"545\">\n<p class=\"\" data-start=\"508\" data-end=\"545\"><strong data-start=\"508\" data-end=\"531\">Presi\u00f3n de trabajo:<\/strong> 0.1\u20131.0 Mpa<\/p>\n<\/li>\n<li class=\"\" data-start=\"546\" data-end=\"668\">\n<p class=\"\" data-start=\"548\" data-end=\"565\"><strong data-start=\"548\" data-end=\"563\">Materiales:<\/strong><\/p>\n<ul data-start=\"568\" data-end=\"668\">\n<li class=\"\" data-start=\"568\" data-end=\"602\">\n<p class=\"\" data-start=\"570\" data-end=\"602\">Cuerpo de la grifer\u00eda en lat\u00f3n<\/p>\n<\/li>\n<li class=\"\" data-start=\"605\" data-end=\"626\">\n<p class=\"\" data-start=\"607\" data-end=\"626\">Cartucho cer\u00e1mico<\/p>\n<\/li>\n<li class=\"\" data-start=\"629\" data-end=\"668\">\n<p class=\"\" data-start=\"631\" data-end=\"668\">Flexo de PVC de 120 cm<\/p>\n<\/li>\n<\/ul>\n<\/li>\n<li class=\"\" data-start=\"669\" data-end=\"696\">\n<p class=\"\" data-start=\"671\" data-end=\"696\"><strong data-start=\"671\" data-end=\"683\">Acabado:<\/strong> Negro mate<\/p>\n<\/li>\n<\/ul>\n","protected":false},"excerpt":{"rendered":"<p>Serie Guadiana con l\u00edneas curvas y redondas, destacada por su sencillez y elegancia, una de nuestras series m\u00e1s minimalista y moderna. Disponemos de ducha empotrada tanto a pared como a techo, grifo de lavabo empotrado, grifo de bid\u00e9 empotrado. Es una de las series m\u00e1s completas en cuanto a productos con la mejor relaci\u00f3n calidad precio y unos acabados en cromado, dorado cepillado, negro mate, acero cepillado, Gun metal, dorado envejecido, blanco.<\/p>\n<p>La garant\u00eda de todos nuestros productos es de 3 a\u00f1os, para funcionamiento, duraci\u00f3n del esmaltado y anticorrosi\u00f3n.<\/p>\n<p>Recomendamos para un correcto mantenimiento de la grifer\u00eda y evitar el deterioro por el uso. Secar las gotas de agua con un pa\u00f1o suave despu\u00e9s del uso, evitando que se posen en la superficie y deterioran el acabado, no utilizar esponjas que puedan rayar la grifer\u00eda, utilizar limpiadores como vinagre limpieza, agua caliente y jab\u00f3n con pH neutro.<\/p>\n<p>&nbsp;<\/p>\n<p><strong>Nuestro departamento\u00a0t\u00e9cnico\u00a0dispone de\u00a0gu\u00edas\u00a0de todos los\u00a0modelos\u00a0empotrados\u00a0que vendemos<\/strong><strong>,\u00a0si tiene alguna duda con la\u00a0instalaci\u00f3n\u00a0contacte con nosotros mediante\u00a0tel\u00e9fono,\u00a0WhatsApp\u00a0o email dentro del horario laboral indicado en la web.<\/strong><\/p>\n<p><strong>Recuerden que una vez instalado el cuerpo\u00a0empotrado\u00a0de la\u00a0grifer\u00eda\u00a0revisar de su correcto funcionamiento de paso de agua, comprobaci\u00f3n de cartuchos y corte de agua, si detecta alguna\u00a0anomal\u00eda\u00a0informe a nuestro\u00a0departamento\u00a0para darle una\u00a0soluci\u00f3n, no\u00a0contin\u00fae\u00a0con la\u00a0instalaci\u00f3n\u00a0de cerramiento de la pared.<\/strong><\/p>\n","protected":false},"featured_media":697,"template":"","meta":[],"product_brand":[],"product_cat":[54,59],"product_tag":[],"serie":[63],"manual-de-instalacion":[88],"color":[27],"class_list":{"0":"post-689","1":"product","2":"type-product","3":"status-publish","4":"has-post-thumbnail","6":"product_cat-grifos-de-bidet","7":"product_cat-grifos-de-bidet-empotrados","8":"serie-guadiana","9":"manual-de-instalacion-guia-instalacion-bide-empotrado","10":"color-negro-mate","12":"first","13":"instock","14":"taxable","15":"shipping-taxable","16":"product-type-simple"},"_links":{"self":[{"href":"https:\/\/www.valaz.es\/it\/wp-json\/wp\/v2\/product\/689","targetHints":{"allow":["GET"]}}],"collection":[{"href":"https:\/\/www.valaz.es\/it\/wp-json\/wp\/v2\/product"}],"about":[{"href":"https:\/\/www.valaz.es\/it\/wp-json\/wp\/v2\/types\/product"}],"wp:featuredmedia":[{"embeddable":true,"href":"https:\/\/www.valaz.es\/it\/wp-json\/wp\/v2\/media\/697"}],"wp:attachment":[{"href":"https:\/\/www.valaz.es\/it\/wp-json\/wp\/v2\/media?parent=689"}],"wp:term":[{"taxonomy":"product_brand","embeddable":true,"href":"https:\/\/www.valaz.es\/it\/wp-json\/wp\/v2\/product_brand?post=689"},{"taxonomy":"product_cat","embeddable":true,"href":"https:\/\/www.valaz.es\/it\/wp-json\/wp\/v2\/product_cat?post=689"},{"taxonomy":"product_tag","embeddable":true,"href":"https:\/\/www.valaz.es\/it\/wp-json\/wp\/v2\/product_tag?post=689"},{"taxonomy":"serie","embeddable":true,"href":"https:\/\/www.valaz.es\/it\/wp-json\/wp\/v2\/serie?post=689"},{"taxonomy":"manual-de-instalacion","embeddable":true,"href":"https:\/\/www.valaz.es\/it\/wp-json\/wp\/v2\/manual-de-instalacion?post=689"},{"taxonomy":"color","embeddable":true,"href":"https:\/\/www.valaz.es\/it\/wp-json\/wp\/v2\/color?post=689"}],"curies":[{"name":"wp","href":"https:\/\/api.w.org\/{rel}","templated":true}]}}