{"id":6884,"date":"2023-09-01T12:10:46","date_gmt":"2023-09-01T10:10:46","guid":{"rendered":"https:\/\/www.valaz.es\/?post_type=product&#038;p=6884"},"modified":"2025-12-08T20:54:33","modified_gmt":"2025-12-08T19:54:33","slug":"grifo-de-lavabo-alto-para-pica-con-apertura-en-agua-fria-monomando-redondo-oro-mate-con-proteccion-pvd-serie-ason","status":"publish","type":"product","link":"https:\/\/www.valaz.es\/it\/prodotto\/grifo-de-lavabo-alto-para-pica-con-apertura-en-agua-fria-monomando-redondo-oro-mate-con-proteccion-pvd-serie-ason\/","title":{"rendered":"Grifo de lavabo alto para pica con apertura en agua fr\u00eda monomando redondo oro mate con protecci\u00f3n PVD &#8211; Serie Ason"},"content":{"rendered":"<p class=\"\" data-start=\"121\" data-end=\"507\">Este grifo de lavabo alto de la serie Ason es ideal para picas modernas o de dise\u00f1o elevado, ofreciendo una est\u00e9tica elegante con su acabado en oro mate con protecci\u00f3n PVD, que le brinda una alta resistencia al desgaste y a la corrosi\u00f3n. Su apertura en agua fr\u00eda asegura un funcionamiento eficiente, mientras que su dise\u00f1o redondo y estilizado lo convierte en un punto focal de tu ba\u00f1o.<\/p>\n<p class=\"\" data-start=\"509\" data-end=\"530\"><strong data-start=\"509\" data-end=\"530\">Especificaciones:<\/strong><\/p>\n<ul data-start=\"532\" data-end=\"837\">\n<li class=\"\" data-start=\"532\" data-end=\"591\">\n<p class=\"\" data-start=\"534\" data-end=\"591\"><strong data-start=\"534\" data-end=\"551\">Tipo de grifo<\/strong>: Grifo de lavabo alto monomando redondo<\/p>\n<\/li>\n<li class=\"\" data-start=\"592\" data-end=\"634\">\n<p class=\"\" data-start=\"594\" data-end=\"634\"><strong data-start=\"594\" data-end=\"605\">Acabado<\/strong>: Oro mate con protecci\u00f3n PVD<\/p>\n<\/li>\n<li class=\"\" data-start=\"635\" data-end=\"715\">\n<p class=\"\" data-start=\"637\" data-end=\"652\"><strong data-start=\"637\" data-end=\"651\">Materiales<\/strong>:<\/p>\n<ul data-start=\"655\" data-end=\"715\">\n<li class=\"\" data-start=\"655\" data-end=\"684\">\n<p class=\"\" data-start=\"657\" data-end=\"684\">Cuerpo de grifer\u00eda en lat\u00f3n<\/p>\n<\/li>\n<li class=\"\" data-start=\"687\" data-end=\"715\">\n<p class=\"\" data-start=\"689\" data-end=\"715\">Cartucho cer\u00e1mico de 35 mm<\/p>\n<\/li>\n<\/ul>\n<\/li>\n<li class=\"\" data-start=\"716\" data-end=\"744\">\n<p class=\"\" data-start=\"718\" data-end=\"744\"><strong data-start=\"718\" data-end=\"738\">Apertura de agua<\/strong>: Fr\u00eda<\/p>\n<\/li>\n<li class=\"\" data-start=\"745\" data-end=\"789\">\n<p class=\"\" data-start=\"747\" data-end=\"789\"><strong data-start=\"747\" data-end=\"759\">Conexi\u00f3n<\/strong>: 3\/8\u201d (latiguillos incluidos)<\/p>\n<\/li>\n<li class=\"\" data-start=\"790\" data-end=\"837\">\n<p class=\"\" data-start=\"792\" data-end=\"837\"><strong data-start=\"792\" data-end=\"807\">Instalaci\u00f3n<\/strong>: Monomando, f\u00e1cil instalaci\u00f3n<\/p>\n<\/li>\n<\/ul>\n","protected":false},"excerpt":{"rendered":"<p>Este grifo de lavabo alto de la serie Ason es  [&#8230;]<\/p>\n","protected":false},"featured_media":10699,"template":"","meta":[],"product_brand":[],"product_cat":[48],"product_tag":[],"serie":[343],"manual-de-instalacion":[83],"color":[350],"class_list":{"0":"post-6884","1":"product","2":"type-product","3":"status-publish","4":"has-post-thumbnail","6":"product_cat-grifos-de-lavabo","7":"serie-ason","8":"manual-de-instalacion-guia-instalacion-grifo-superficie","9":"color-oro-mate-cepillado","11":"first","12":"instock","13":"taxable","14":"shipping-taxable","15":"product-type-simple"},"_links":{"self":[{"href":"https:\/\/www.valaz.es\/it\/wp-json\/wp\/v2\/product\/6884","targetHints":{"allow":["GET"]}}],"collection":[{"href":"https:\/\/www.valaz.es\/it\/wp-json\/wp\/v2\/product"}],"about":[{"href":"https:\/\/www.valaz.es\/it\/wp-json\/wp\/v2\/types\/product"}],"wp:featuredmedia":[{"embeddable":true,"href":"https:\/\/www.valaz.es\/it\/wp-json\/wp\/v2\/media\/10699"}],"wp:attachment":[{"href":"https:\/\/www.valaz.es\/it\/wp-json\/wp\/v2\/media?parent=6884"}],"wp:term":[{"taxonomy":"product_brand","embeddable":true,"href":"https:\/\/www.valaz.es\/it\/wp-json\/wp\/v2\/product_brand?post=6884"},{"taxonomy":"product_cat","embeddable":true,"href":"https:\/\/www.valaz.es\/it\/wp-json\/wp\/v2\/product_cat?post=6884"},{"taxonomy":"product_tag","embeddable":true,"href":"https:\/\/www.valaz.es\/it\/wp-json\/wp\/v2\/product_tag?post=6884"},{"taxonomy":"serie","embeddable":true,"href":"https:\/\/www.valaz.es\/it\/wp-json\/wp\/v2\/serie?post=6884"},{"taxonomy":"manual-de-instalacion","embeddable":true,"href":"https:\/\/www.valaz.es\/it\/wp-json\/wp\/v2\/manual-de-instalacion?post=6884"},{"taxonomy":"color","embeddable":true,"href":"https:\/\/www.valaz.es\/it\/wp-json\/wp\/v2\/color?post=6884"}],"curies":[{"name":"wp","href":"https:\/\/api.w.org\/{rel}","templated":true}]}}