{"id":6799,"date":"2023-10-11T13:31:31","date_gmt":"2023-10-11T11:31:31","guid":{"rendered":"https:\/\/www.valaz.es\/?post_type=product&#038;p=6799"},"modified":"2026-04-06T21:23:09","modified_gmt":"2026-04-06T19:23:09","slug":"grifo-de-cocina-extraible-redondo-dorado-cepillado-serie-amur","status":"publish","type":"product","link":"https:\/\/www.valaz.es\/it\/prodotto\/grifo-de-cocina-extraible-redondo-dorado-cepillado-serie-amur\/","title":{"rendered":"Grifo de cocina extra\u00edble redondo dorado cepillado &#8211; Serie Amur"},"content":{"rendered":"<p class=\"\" data-start=\"69\" data-end=\"352\">Este elegante grifo de cocina con dise\u00f1o redondo y acabado dorado cepillado es ideal para quienes buscan una soluci\u00f3n pr\u00e1ctica y est\u00e9tica. Su ca\u00f1o extra\u00edble facilita la limpieza y el acceso a \u00e1reas dif\u00edciles, mientras que su construcci\u00f3n en lat\u00f3n garantiza resistencia y durabilidad.<\/p>\n<p class=\"\" data-start=\"354\" data-end=\"375\"><strong data-start=\"354\" data-end=\"375\">Especificaciones:<\/strong><\/p>\n<ul data-start=\"377\" data-end=\"664\" data-is-last-node=\"\" data-is-only-node=\"\">\n<li class=\"\" data-start=\"377\" data-end=\"423\">\n<p class=\"\" data-start=\"379\" data-end=\"423\"><strong data-start=\"379\" data-end=\"396\">Tipo de grifo<\/strong>: Grifo de cocina extra\u00edble<\/p>\n<\/li>\n<li class=\"\" data-start=\"424\" data-end=\"445\">\n<p class=\"\" data-start=\"426\" data-end=\"445\"><strong data-start=\"426\" data-end=\"436\">Dise\u00f1o<\/strong>: Redondo<\/p>\n<\/li>\n<li class=\"\" data-start=\"446\" data-end=\"475\">\n<p class=\"\" data-start=\"448\" data-end=\"475\"><strong data-start=\"448\" data-end=\"457\">Color<\/strong>: Dorado cepillado<\/p>\n<\/li>\n<li class=\"\" data-start=\"476\" data-end=\"519\">\n<p class=\"\" data-start=\"478\" data-end=\"519\"><strong data-start=\"478\" data-end=\"490\">Material<\/strong>: Cuerpo de grifer\u00eda de lat\u00f3n<\/p>\n<\/li>\n<li class=\"\" data-start=\"520\" data-end=\"555\">\n<p class=\"\" data-start=\"522\" data-end=\"555\"><strong data-start=\"522\" data-end=\"534\">Cartucho<\/strong>: Cer\u00e1mico de \u00f8 35 mm<\/p>\n<\/li>\n<li class=\"\" data-start=\"556\" data-end=\"637\">\n<p class=\"\" data-start=\"558\" data-end=\"637\"><strong data-start=\"558\" data-end=\"570\">Conexi\u00f3n<\/strong>: Manguera de conexi\u00f3n de 3\/8 \u201d + 1\/2\u2033 de acero inoxidable con DVGW<\/p>\n<\/li>\n<li class=\"\" data-start=\"638\" data-end=\"664\">\n<p class=\"\" data-start=\"640\" data-end=\"664\"><strong data-start=\"640\" data-end=\"658\">Ca\u00f1o giratorio<\/strong>: 360\u00b0<\/p>\n<\/li>\n<\/ul>\n","protected":false},"excerpt":{"rendered":"<p>Este elegante grifo de cocina con dise\u00f1o redondo y acabado  [&#8230;]<\/p>\n","protected":false},"featured_media":8679,"template":"","meta":[],"product_brand":[],"product_cat":[50],"product_tag":[],"serie":[105],"manual-de-instalacion":[83],"color":[34],"class_list":{"0":"post-6799","1":"product","2":"type-product","3":"status-publish","4":"has-post-thumbnail","6":"product_cat-grifos-de-cocina","7":"serie-amur","8":"manual-de-instalacion-guia-instalacion-grifo-superficie","9":"color-dorado-cepillado","11":"first","12":"instock","13":"taxable","14":"shipping-taxable","15":"product-type-simple"},"_links":{"self":[{"href":"https:\/\/www.valaz.es\/it\/wp-json\/wp\/v2\/product\/6799","targetHints":{"allow":["GET"]}}],"collection":[{"href":"https:\/\/www.valaz.es\/it\/wp-json\/wp\/v2\/product"}],"about":[{"href":"https:\/\/www.valaz.es\/it\/wp-json\/wp\/v2\/types\/product"}],"wp:featuredmedia":[{"embeddable":true,"href":"https:\/\/www.valaz.es\/it\/wp-json\/wp\/v2\/media\/8679"}],"wp:attachment":[{"href":"https:\/\/www.valaz.es\/it\/wp-json\/wp\/v2\/media?parent=6799"}],"wp:term":[{"taxonomy":"product_brand","embeddable":true,"href":"https:\/\/www.valaz.es\/it\/wp-json\/wp\/v2\/product_brand?post=6799"},{"taxonomy":"product_cat","embeddable":true,"href":"https:\/\/www.valaz.es\/it\/wp-json\/wp\/v2\/product_cat?post=6799"},{"taxonomy":"product_tag","embeddable":true,"href":"https:\/\/www.valaz.es\/it\/wp-json\/wp\/v2\/product_tag?post=6799"},{"taxonomy":"serie","embeddable":true,"href":"https:\/\/www.valaz.es\/it\/wp-json\/wp\/v2\/serie?post=6799"},{"taxonomy":"manual-de-instalacion","embeddable":true,"href":"https:\/\/www.valaz.es\/it\/wp-json\/wp\/v2\/manual-de-instalacion?post=6799"},{"taxonomy":"color","embeddable":true,"href":"https:\/\/www.valaz.es\/it\/wp-json\/wp\/v2\/color?post=6799"}],"curies":[{"name":"wp","href":"https:\/\/api.w.org\/{rel}","templated":true}]}}