{"id":6779,"date":"2023-08-21T14:52:05","date_gmt":"2023-08-21T12:52:05","guid":{"rendered":"https:\/\/www.valaz.es\/?post_type=product&#038;p=6779"},"modified":"2025-11-28T12:54:26","modified_gmt":"2025-11-28T11:54:26","slug":"grifo-de-cocina-oros-rosa-cepillado-monomando-extraible-serie-parana","status":"publish","type":"product","link":"https:\/\/www.valaz.es\/it\/prodotto\/grifo-de-cocina-oros-rosa-cepillado-monomando-extraible-serie-parana\/","title":{"rendered":"Grifo de cocina oro rosa cepillado monomando extra\u00edble &#8211; Serie Paran\u00e1"},"content":{"rendered":"<p class=\"\" data-start=\"0\" data-end=\"358\">Grifo de cocina extra\u00edble en oro rosa cepillado, una pieza sofisticada que a\u00f1ade un toque de elegancia a tu cocina. Su dise\u00f1o extra\u00edble y ca\u00f1o giratorio de 360 grados lo hacen perfecto para tareas de lavado, facilitando el acceso a todas las \u00e1reas del fregadero. Con un acabado oro rosa, este grifo se adapta a ambientes modernos y lujosos.<\/p>\n<p class=\"\" data-start=\"360\" data-end=\"382\"><strong data-start=\"360\" data-end=\"380\">Especificaciones<\/strong><\/p>\n<ul data-start=\"383\" data-end=\"541\">\n<li class=\"\" data-start=\"383\" data-end=\"434\">\n<p class=\"\" data-start=\"385\" data-end=\"434\"><strong data-start=\"385\" data-end=\"399\">Materiales<\/strong>: Cuerpo de la grifer\u00eda de lat\u00f3n.<\/p>\n<\/li>\n<li class=\"\" data-start=\"435\" data-end=\"461\">\n<p class=\"\" data-start=\"437\" data-end=\"461\"><strong data-start=\"437\" data-end=\"449\">Cartucho<\/strong>: \u00f8 35 mm.<\/p>\n<\/li>\n<li class=\"\" data-start=\"462\" data-end=\"505\">\n<p class=\"\" data-start=\"464\" data-end=\"505\"><strong data-start=\"464\" data-end=\"489\">Mangueras de conexi\u00f3n<\/strong>: 2 incluidas.<\/p>\n<\/li>\n<li class=\"\" data-start=\"506\" data-end=\"541\">\n<p class=\"\" data-start=\"508\" data-end=\"541\"><strong data-start=\"508\" data-end=\"526\">Ca\u00f1o giratorio<\/strong>: 360 grados.<\/p>\n<\/li>\n<\/ul>\n","protected":false},"excerpt":{"rendered":"<p>Grifo de cocina extra\u00edble en oro rosa cepillado, una pieza  [&#8230;]<\/p>\n","protected":false},"featured_media":6784,"template":"","meta":[],"product_brand":[],"product_cat":[50],"product_tag":[],"serie":[111],"manual-de-instalacion":[],"color":[62],"class_list":{"0":"post-6779","1":"product","2":"type-product","3":"status-publish","4":"has-post-thumbnail","6":"product_cat-grifos-de-cocina","7":"serie-parana","8":"color-oro-rosa","10":"first","11":"instock","12":"taxable","13":"shipping-taxable","14":"product-type-simple"},"_links":{"self":[{"href":"https:\/\/www.valaz.es\/it\/wp-json\/wp\/v2\/product\/6779","targetHints":{"allow":["GET"]}}],"collection":[{"href":"https:\/\/www.valaz.es\/it\/wp-json\/wp\/v2\/product"}],"about":[{"href":"https:\/\/www.valaz.es\/it\/wp-json\/wp\/v2\/types\/product"}],"wp:featuredmedia":[{"embeddable":true,"href":"https:\/\/www.valaz.es\/it\/wp-json\/wp\/v2\/media\/6784"}],"wp:attachment":[{"href":"https:\/\/www.valaz.es\/it\/wp-json\/wp\/v2\/media?parent=6779"}],"wp:term":[{"taxonomy":"product_brand","embeddable":true,"href":"https:\/\/www.valaz.es\/it\/wp-json\/wp\/v2\/product_brand?post=6779"},{"taxonomy":"product_cat","embeddable":true,"href":"https:\/\/www.valaz.es\/it\/wp-json\/wp\/v2\/product_cat?post=6779"},{"taxonomy":"product_tag","embeddable":true,"href":"https:\/\/www.valaz.es\/it\/wp-json\/wp\/v2\/product_tag?post=6779"},{"taxonomy":"serie","embeddable":true,"href":"https:\/\/www.valaz.es\/it\/wp-json\/wp\/v2\/serie?post=6779"},{"taxonomy":"manual-de-instalacion","embeddable":true,"href":"https:\/\/www.valaz.es\/it\/wp-json\/wp\/v2\/manual-de-instalacion?post=6779"},{"taxonomy":"color","embeddable":true,"href":"https:\/\/www.valaz.es\/it\/wp-json\/wp\/v2\/color?post=6779"}],"curies":[{"name":"wp","href":"https:\/\/api.w.org\/{rel}","templated":true}]}}