{"id":672,"date":"2022-11-10T16:42:44","date_gmt":"2022-11-10T15:42:44","guid":{"rendered":"https:\/\/www.valaz.es\/?post_type=product&#038;p=672"},"modified":"2026-04-13T21:23:09","modified_gmt":"2026-04-13T19:23:09","slug":"ducha-empotrada-monomando-1-via-redonda-negro-mate-a-pared-serie-guadiana","status":"publish","type":"product","link":"https:\/\/www.valaz.es\/it\/prodotto\/ducha-empotrada-monomando-1-via-redonda-negro-mate-a-pared-serie-guadiana\/","title":{"rendered":"Ducha empotrada monomando 1 via redonda negro mate a pared &#8211; Serie Guadiana"},"content":{"rendered":"<p class=\"\" data-start=\"81\" data-end=\"399\">La ducha empotrada de la Serie Guadiana ofrece una opci\u00f3n sofisticada y funcional para tu ba\u00f1o, combinando un dise\u00f1o moderno con un acabado negro mate que aporta elegancia y estilo. Ideal para quienes buscan un toque contempor\u00e1neo en sus instalaciones de ba\u00f1o sin renunciar a la calidad y el confort.<\/p>\n<p class=\"\" data-start=\"401\" data-end=\"423\"><strong data-start=\"401\" data-end=\"421\">Especificaciones<\/strong><\/p>\n<ul data-start=\"424\" data-end=\"749\">\n<li class=\"\" data-start=\"424\" data-end=\"468\">\n<p class=\"\" data-start=\"426\" data-end=\"468\"><strong data-start=\"426\" data-end=\"444\">Tipo de grifo:<\/strong> Monomando de 1 salida<\/p>\n<\/li>\n<li class=\"\" data-start=\"469\" data-end=\"529\">\n<p class=\"\" data-start=\"471\" data-end=\"529\"><strong data-start=\"471\" data-end=\"484\">Rociador:<\/strong> Disponible en tama\u00f1os 20 cm, 25 cm y 30 cm<\/p>\n<\/li>\n<li class=\"\" data-start=\"530\" data-end=\"641\">\n<p class=\"\" data-start=\"532\" data-end=\"549\"><strong data-start=\"532\" data-end=\"547\">Materiales:<\/strong><\/p>\n<ul data-start=\"552\" data-end=\"641\">\n<li class=\"\" data-start=\"552\" data-end=\"575\">\n<p class=\"\" data-start=\"554\" data-end=\"575\">V\u00e1lvula de cer\u00e1mica<\/p>\n<\/li>\n<li class=\"\" data-start=\"578\" data-end=\"611\">\n<p class=\"\" data-start=\"580\" data-end=\"611\">Grifo de agua fr\u00eda y caliente<\/p>\n<\/li>\n<li class=\"\" data-start=\"614\" data-end=\"641\">\n<p class=\"\" data-start=\"616\" data-end=\"641\">Cuerpo y grifo de lat\u00f3n<\/p>\n<\/li>\n<\/ul>\n<\/li>\n<li class=\"\" data-start=\"642\" data-end=\"669\">\n<p class=\"\" data-start=\"644\" data-end=\"669\"><strong data-start=\"644\" data-end=\"656\">Acabado:<\/strong> Negro mate<\/p>\n<\/li>\n<li class=\"\" data-start=\"670\" data-end=\"749\">\n<p class=\"\" data-start=\"672\" data-end=\"688\"><strong data-start=\"672\" data-end=\"686\">Funciones:<\/strong><\/p>\n<ul data-start=\"424\" data-end=\"749\">\n<li class=\"\" data-start=\"670\" data-end=\"749\">\n<p class=\"\" data-start=\"672\" data-end=\"688\">Una salida de agua para rociador (agua fr\u00eda y caliente)<\/p>\n<\/li>\n<\/ul>\n<\/li>\n<\/ul>\n","protected":false},"excerpt":{"rendered":"<p>Serie Guadiana con l\u00edneas curvas y redondas, destacada por su sencillez y elegancia, una de nuestras series m\u00e1s minimalista y moderna. Disponemos de ducha empotrada tanto a pared como a techo, grifo de lavabo empotrado, grifo de bid\u00e9 empotrado. Es una de las series m\u00e1s completas en cuanto a productos con la mejor relaci\u00f3n calidad precio y unos acabados en cromado, dorado cepillado, negro mate, acero cepillado, Gun metal, dorado envejecido, blanco.<\/p>\n<p>La garant\u00eda de todos nuestros productos es de 3 a\u00f1os, para funcionamiento, duraci\u00f3n del esmaltado y anticorrosi\u00f3n.<\/p>\n<p>Recomendamos para un correcto mantenimiento de la grifer\u00eda y evitar el deterioro por el uso. Secar las gotas de agua con un pa\u00f1o suave despu\u00e9s del uso, evitando que se posen en la superficie y deterioran el acabado, no utilizar esponjas que puedan rayar la grifer\u00eda, utilizar limpiadores como vinagre limpieza, agua caliente y jab\u00f3n con pH neutro.<\/p>\n<p>&nbsp;<\/p>\n<p><strong>Nuestro departamento\u00a0t\u00e9cnico\u00a0dispone de\u00a0gu\u00edas\u00a0de todos los\u00a0modelos\u00a0empotrados\u00a0que vendemos<\/strong><strong>,\u00a0si tiene alguna duda con la\u00a0instalaci\u00f3n\u00a0contacte con nosotros mediante\u00a0tel\u00e9fono,\u00a0WhatsApp\u00a0o email dentro del horario laboral indicado en la web.<\/strong><\/p>\n<p><strong>Recuerden que una vez instalado el cuerpo\u00a0empotrado\u00a0de la\u00a0grifer\u00eda\u00a0revisar de su correcto funcionamiento de paso de agua, comprobaci\u00f3n de cartuchos y corte de agua, si detecta alguna\u00a0anomal\u00eda\u00a0informe a nuestro\u00a0departamento\u00a0para darle una\u00a0soluci\u00f3n, no\u00a0contin\u00fae\u00a0con la\u00a0instalaci\u00f3n\u00a0de cerramiento de la pared.<\/strong><\/p>\n","protected":false},"featured_media":676,"template":"","meta":[],"product_brand":[],"product_cat":[57,47],"product_tag":[],"serie":[63],"manual-de-instalacion":[],"color":[27],"class_list":{"0":"post-672","1":"product","2":"type-product","3":"status-publish","4":"has-post-thumbnail","6":"product_cat-duchas-empotradas","7":"product_cat-duchas","8":"pa_tamano-rociador-20cm","9":"pa_tamano-rociador-25cm","10":"pa_tamano-rociador-30cm","11":"serie-guadiana","12":"color-negro-mate","14":"first","15":"instock","16":"taxable","17":"shipping-taxable","18":"product-type-variable"},"_links":{"self":[{"href":"https:\/\/www.valaz.es\/it\/wp-json\/wp\/v2\/product\/672","targetHints":{"allow":["GET"]}}],"collection":[{"href":"https:\/\/www.valaz.es\/it\/wp-json\/wp\/v2\/product"}],"about":[{"href":"https:\/\/www.valaz.es\/it\/wp-json\/wp\/v2\/types\/product"}],"wp:featuredmedia":[{"embeddable":true,"href":"https:\/\/www.valaz.es\/it\/wp-json\/wp\/v2\/media\/676"}],"wp:attachment":[{"href":"https:\/\/www.valaz.es\/it\/wp-json\/wp\/v2\/media?parent=672"}],"wp:term":[{"taxonomy":"product_brand","embeddable":true,"href":"https:\/\/www.valaz.es\/it\/wp-json\/wp\/v2\/product_brand?post=672"},{"taxonomy":"product_cat","embeddable":true,"href":"https:\/\/www.valaz.es\/it\/wp-json\/wp\/v2\/product_cat?post=672"},{"taxonomy":"product_tag","embeddable":true,"href":"https:\/\/www.valaz.es\/it\/wp-json\/wp\/v2\/product_tag?post=672"},{"taxonomy":"serie","embeddable":true,"href":"https:\/\/www.valaz.es\/it\/wp-json\/wp\/v2\/serie?post=672"},{"taxonomy":"manual-de-instalacion","embeddable":true,"href":"https:\/\/www.valaz.es\/it\/wp-json\/wp\/v2\/manual-de-instalacion?post=672"},{"taxonomy":"color","embeddable":true,"href":"https:\/\/www.valaz.es\/it\/wp-json\/wp\/v2\/color?post=672"}],"curies":[{"name":"wp","href":"https:\/\/api.w.org\/{rel}","templated":true}]}}