{"id":6641,"date":"2023-08-02T13:57:33","date_gmt":"2023-08-02T11:57:33","guid":{"rendered":"https:\/\/www.valaz.es\/?post_type=product&#038;p=6641"},"modified":"2026-01-14T13:24:30","modified_gmt":"2026-01-14T12:24:30","slug":"sifon-de-lavabo-visto-redondo-blanco","status":"publish","type":"product","link":"https:\/\/www.valaz.es\/it\/prodotto\/sifon-de-lavabo-visto-redondo-blanco\/","title":{"rendered":"Sif\u00f3n de lavabo visto redondo blanco"},"content":{"rendered":"<p class=\"\" data-start=\"0\" data-end=\"259\">Sif\u00f3n de lavabo visto redondo en color blanco, una soluci\u00f3n est\u00e9tica y funcional para tu ba\u00f1o. Su dise\u00f1o elegante y sencillo se adapta a diferentes estilos de decoraci\u00f3n, a la vez que proporciona un drenaje eficiente y seguro para el lavabo.<\/p>\n<p class=\"\" data-start=\"261\" data-end=\"283\"><strong data-start=\"261\" data-end=\"281\">Especificaciones<\/strong><\/p>\n<ul data-start=\"284\" data-end=\"514\">\n<li class=\"\" data-start=\"284\" data-end=\"319\">\n<p class=\"\" data-start=\"286\" data-end=\"319\"><strong data-start=\"286\" data-end=\"294\">Tipo<\/strong>: Sif\u00f3n de lavabo visto<\/p>\n<\/li>\n<li class=\"\" data-start=\"320\" data-end=\"343\">\n<p class=\"\" data-start=\"322\" data-end=\"343\"><strong data-start=\"322\" data-end=\"332\">Dise\u00f1o<\/strong>: Redondo<\/p>\n<\/li>\n<li class=\"\" data-start=\"344\" data-end=\"365\">\n<p class=\"\" data-start=\"346\" data-end=\"365\"><strong data-start=\"346\" data-end=\"355\">Color<\/strong>: Blanco<\/p>\n<\/li>\n<li class=\"\" data-start=\"366\" data-end=\"431\">\n<p class=\"\" data-start=\"368\" data-end=\"431\"><strong data-start=\"368\" data-end=\"380\">Material<\/strong>: Fabricado en materiales resistentes y duraderos<\/p>\n<\/li>\n<li class=\"\" data-start=\"432\" data-end=\"514\">\n<p class=\"\" data-start=\"434\" data-end=\"514\"><strong data-start=\"434\" data-end=\"449\">Instalaci\u00f3n<\/strong>: Sif\u00f3n visto, f\u00e1cil de instalar y adecuado para lavabos est\u00e1ndar<\/p>\n<\/li>\n<\/ul>\n","protected":false},"excerpt":{"rendered":"<p>Sif\u00f3n de lavabo visto redondo en color blanco, una soluci\u00f3n  [&#8230;]<\/p>\n","protected":false},"featured_media":10392,"template":"","meta":[],"product_brand":[],"product_cat":[387],"product_tag":[],"serie":[],"manual-de-instalacion":[],"color":[64],"class_list":{"0":"post-6641","1":"product","2":"type-product","3":"status-publish","4":"has-post-thumbnail","6":"product_cat-valvulas-y-sifones","7":"color-blanco","9":"first","10":"instock","11":"taxable","12":"shipping-taxable","13":"product-type-simple"},"_links":{"self":[{"href":"https:\/\/www.valaz.es\/it\/wp-json\/wp\/v2\/product\/6641","targetHints":{"allow":["GET"]}}],"collection":[{"href":"https:\/\/www.valaz.es\/it\/wp-json\/wp\/v2\/product"}],"about":[{"href":"https:\/\/www.valaz.es\/it\/wp-json\/wp\/v2\/types\/product"}],"wp:featuredmedia":[{"embeddable":true,"href":"https:\/\/www.valaz.es\/it\/wp-json\/wp\/v2\/media\/10392"}],"wp:attachment":[{"href":"https:\/\/www.valaz.es\/it\/wp-json\/wp\/v2\/media?parent=6641"}],"wp:term":[{"taxonomy":"product_brand","embeddable":true,"href":"https:\/\/www.valaz.es\/it\/wp-json\/wp\/v2\/product_brand?post=6641"},{"taxonomy":"product_cat","embeddable":true,"href":"https:\/\/www.valaz.es\/it\/wp-json\/wp\/v2\/product_cat?post=6641"},{"taxonomy":"product_tag","embeddable":true,"href":"https:\/\/www.valaz.es\/it\/wp-json\/wp\/v2\/product_tag?post=6641"},{"taxonomy":"serie","embeddable":true,"href":"https:\/\/www.valaz.es\/it\/wp-json\/wp\/v2\/serie?post=6641"},{"taxonomy":"manual-de-instalacion","embeddable":true,"href":"https:\/\/www.valaz.es\/it\/wp-json\/wp\/v2\/manual-de-instalacion?post=6641"},{"taxonomy":"color","embeddable":true,"href":"https:\/\/www.valaz.es\/it\/wp-json\/wp\/v2\/color?post=6641"}],"curies":[{"name":"wp","href":"https:\/\/api.w.org\/{rel}","templated":true}]}}