{"id":6603,"date":"2023-08-03T12:53:56","date_gmt":"2023-08-03T10:53:56","guid":{"rendered":"https:\/\/www.valaz.es\/?post_type=product&#038;p=6603"},"modified":"2025-12-12T18:56:30","modified_gmt":"2025-12-12T17:56:30","slug":"accesorios-de-bano-en-oro-rosa-cepillado-toallero-percha-portarollos","status":"publish","type":"product","link":"https:\/\/www.valaz.es\/it\/prodotto\/accesorios-de-bano-en-oro-rosa-cepillado-toallero-percha-portarollos\/","title":{"rendered":"Accesorios de ba\u00f1o en oro rosa cepillado Toallero 30cm+ Percha+ Portarollos"},"content":{"rendered":"<p class=\"\" data-start=\"0\" data-end=\"429\">Juego de accesorios de ba\u00f1o en elegante acabado oro rosa cepillado de acero inoxidable SUS304, compuesto por un toallero de 30 cm, un portarollos y una percha. Estos accesorios son perfectos para agregar un toque moderno y sofisticado a tu ba\u00f1o, garantizando durabilidad y resistencia con un dise\u00f1o de alta calidad. Puedes elegir entre una, dos o tres perchas, adapt\u00e1ndose a tus necesidades de espacio y estilo.<\/p>\n<p class=\"\" data-start=\"431\" data-end=\"453\"><strong data-start=\"431\" data-end=\"451\">Especificaciones<\/strong><\/p>\n<ul data-start=\"454\" data-end=\"1044\" data-is-only-node=\"\" data-is-last-node=\"\">\n<li class=\"\" data-start=\"454\" data-end=\"668\">\n<p class=\"\" data-start=\"456\" data-end=\"471\"><strong data-start=\"456\" data-end=\"468\">Toallero<\/strong>:<\/p>\n<ul data-start=\"474\" data-end=\"668\">\n<li class=\"\" data-start=\"474\" data-end=\"502\">\n<p class=\"\" data-start=\"476\" data-end=\"502\">Longitud exterior: 30 cm<\/p>\n<\/li>\n<li class=\"\" data-start=\"505\" data-end=\"533\">\n<p class=\"\" data-start=\"507\" data-end=\"533\">Longitud interior: 25 cm<\/p>\n<\/li>\n<li class=\"\" data-start=\"536\" data-end=\"567\">\n<p class=\"\" data-start=\"538\" data-end=\"567\">Acabado: Oro rosa cepillado<\/p>\n<\/li>\n<li class=\"\" data-start=\"570\" data-end=\"607\">\n<p class=\"\" data-start=\"572\" data-end=\"607\">Material: Acero inoxidable SUS304<\/p>\n<\/li>\n<li class=\"\" data-start=\"610\" data-end=\"668\">\n<p class=\"\" data-start=\"612\" data-end=\"668\">Instalaci\u00f3n: Fijaci\u00f3n a pared con torniller\u00eda incluida<\/p>\n<\/li>\n<\/ul>\n<\/li>\n<li class=\"\" data-start=\"670\" data-end=\"887\">\n<p class=\"\" data-start=\"672\" data-end=\"685\"><strong data-start=\"672\" data-end=\"682\">Percha<\/strong>:<\/p>\n<ul data-start=\"688\" data-end=\"887\">\n<li class=\"\" data-start=\"688\" data-end=\"707\">\n<p class=\"\" data-start=\"690\" data-end=\"707\">Dise\u00f1o: Redonda<\/p>\n<\/li>\n<li class=\"\" data-start=\"710\" data-end=\"741\">\n<p class=\"\" data-start=\"712\" data-end=\"741\">Acabado: Oro rosa cepillado<\/p>\n<\/li>\n<li class=\"\" data-start=\"744\" data-end=\"781\">\n<p class=\"\" data-start=\"746\" data-end=\"781\">Material: Acero inoxidable SUS304<\/p>\n<\/li>\n<li class=\"\" data-start=\"784\" data-end=\"842\">\n<p class=\"\" data-start=\"786\" data-end=\"842\">Instalaci\u00f3n: Fijaci\u00f3n a pared con torniller\u00eda incluida<\/p>\n<\/li>\n<li class=\"\" data-start=\"845\" data-end=\"887\">\n<p class=\"\" data-start=\"847\" data-end=\"887\">Opciones: 1, 2 o 3 perchas disponibles<\/p>\n<\/li>\n<\/ul>\n<\/li>\n<li class=\"\" data-start=\"889\" data-end=\"1044\">\n<p class=\"\" data-start=\"891\" data-end=\"909\"><strong data-start=\"891\" data-end=\"906\">Portarollos<\/strong>:<\/p>\n<ul data-start=\"912\" data-end=\"1044\" data-is-last-node=\"\">\n<li class=\"\" data-start=\"912\" data-end=\"943\">\n<p class=\"\" data-start=\"914\" data-end=\"943\">Acabado: Oro rosa cepillado<\/p>\n<\/li>\n<li class=\"\" data-start=\"946\" data-end=\"983\">\n<p class=\"\" data-start=\"948\" data-end=\"983\">Material: Acero inoxidable SUS304<\/p>\n<\/li>\n<li class=\"\" data-start=\"986\" data-end=\"1044\">\n<p class=\"\" data-start=\"988\" data-end=\"1044\">Instalaci\u00f3n: Fijaci\u00f3n a pared con torniller\u00eda incluida<\/p>\n<\/li>\n<\/ul>\n<\/li>\n<\/ul>\n","protected":false},"excerpt":{"rendered":"<p>Juego de accesorios de ba\u00f1o en elegante acabado oro rosa  [&#8230;]<\/p>\n","protected":false},"featured_media":10551,"template":"","meta":[],"product_brand":[],"product_cat":[388],"product_tag":[],"serie":[],"manual-de-instalacion":[],"color":[62],"class_list":{"0":"post-6603","1":"product","2":"type-product","3":"status-publish","4":"has-post-thumbnail","6":"product_cat-accesorios-2","7":"color-oro-rosa","9":"first","10":"instock","11":"taxable","12":"shipping-taxable","13":"product-type-variable"},"_links":{"self":[{"href":"https:\/\/www.valaz.es\/it\/wp-json\/wp\/v2\/product\/6603","targetHints":{"allow":["GET"]}}],"collection":[{"href":"https:\/\/www.valaz.es\/it\/wp-json\/wp\/v2\/product"}],"about":[{"href":"https:\/\/www.valaz.es\/it\/wp-json\/wp\/v2\/types\/product"}],"wp:featuredmedia":[{"embeddable":true,"href":"https:\/\/www.valaz.es\/it\/wp-json\/wp\/v2\/media\/10551"}],"wp:attachment":[{"href":"https:\/\/www.valaz.es\/it\/wp-json\/wp\/v2\/media?parent=6603"}],"wp:term":[{"taxonomy":"product_brand","embeddable":true,"href":"https:\/\/www.valaz.es\/it\/wp-json\/wp\/v2\/product_brand?post=6603"},{"taxonomy":"product_cat","embeddable":true,"href":"https:\/\/www.valaz.es\/it\/wp-json\/wp\/v2\/product_cat?post=6603"},{"taxonomy":"product_tag","embeddable":true,"href":"https:\/\/www.valaz.es\/it\/wp-json\/wp\/v2\/product_tag?post=6603"},{"taxonomy":"serie","embeddable":true,"href":"https:\/\/www.valaz.es\/it\/wp-json\/wp\/v2\/serie?post=6603"},{"taxonomy":"manual-de-instalacion","embeddable":true,"href":"https:\/\/www.valaz.es\/it\/wp-json\/wp\/v2\/manual-de-instalacion?post=6603"},{"taxonomy":"color","embeddable":true,"href":"https:\/\/www.valaz.es\/it\/wp-json\/wp\/v2\/color?post=6603"}],"curies":[{"name":"wp","href":"https:\/\/api.w.org\/{rel}","templated":true}]}}