{"id":654,"date":"2022-11-10T15:13:27","date_gmt":"2022-11-10T14:13:27","guid":{"rendered":"https:\/\/www.valaz.es\/?post_type=product&#038;p=654"},"modified":"2025-10-16T09:54:29","modified_gmt":"2025-10-16T07:54:29","slug":"grifo-de-bidet-monomando-redondo-blanco-serie-jabalon","status":"publish","type":"product","link":"https:\/\/www.valaz.es\/it\/prodotto\/grifo-de-bidet-monomando-redondo-blanco-serie-jabalon\/","title":{"rendered":"Grifo de bidet monomando redondo blanco &#8211; Serie Jabalon"},"content":{"rendered":"<p class=\"\" data-start=\"61\" data-end=\"396\">El grifo de bidet monomando de la Serie Jabal\u00f3n presenta un dise\u00f1o redondo y moderno en acabado blanco, ideal para aquellos que buscan un estilo limpio y contempor\u00e1neo para su ba\u00f1o. Su mecanismo monomando facilita el control del flujo y la temperatura del agua con una sola palanca, ofreciendo comodidad y eficiencia.<\/p>\n<p class=\"\" data-start=\"398\" data-end=\"420\"><strong data-start=\"398\" data-end=\"418\">Especificaciones<\/strong><\/p>\n<ul data-start=\"421\" data-end=\"633\">\n<li class=\"\" data-start=\"421\" data-end=\"453\">\n<p class=\"\" data-start=\"423\" data-end=\"453\"><strong data-start=\"423\" data-end=\"441\">Tipo de grifo:<\/strong> Monomando<\/p>\n<\/li>\n<li class=\"\" data-start=\"454\" data-end=\"477\">\n<p class=\"\" data-start=\"456\" data-end=\"477\"><strong data-start=\"456\" data-end=\"467\">Dise\u00f1o:<\/strong> Redondo<\/p>\n<\/li>\n<li class=\"\" data-start=\"478\" data-end=\"558\">\n<p class=\"\" data-start=\"480\" data-end=\"497\"><strong data-start=\"480\" data-end=\"495\">Materiales:<\/strong><\/p>\n<ul data-start=\"500\" data-end=\"558\">\n<li class=\"\" data-start=\"500\" data-end=\"534\">\n<p class=\"\" data-start=\"502\" data-end=\"534\">Cuerpo de la grifer\u00eda en lat\u00f3n<\/p>\n<\/li>\n<li class=\"\" data-start=\"537\" data-end=\"558\">\n<p class=\"\" data-start=\"539\" data-end=\"558\">Cartucho cer\u00e1mico<\/p>\n<\/li>\n<\/ul>\n<\/li>\n<li class=\"\" data-start=\"559\" data-end=\"582\">\n<p class=\"\" data-start=\"561\" data-end=\"582\"><strong data-start=\"561\" data-end=\"573\">Acabado:<\/strong> Blanco<\/p>\n<\/li>\n<li class=\"\" data-start=\"583\" data-end=\"605\">\n<p class=\"\" data-start=\"585\" data-end=\"605\"><strong data-start=\"585\" data-end=\"598\">Conexi\u00f3n:<\/strong> G1\/2<\/p>\n<\/li>\n<li class=\"\" data-start=\"606\" data-end=\"633\">\n<p class=\"\" data-start=\"608\" data-end=\"633\"><strong data-start=\"608\" data-end=\"620\">Presi\u00f3n:<\/strong> 0.1-1.0Mpa<\/p>\n<\/li>\n<\/ul>\n","protected":false},"excerpt":{"rendered":"<p>SERIE<\/p>\n<p><strong>JABALON<\/strong><\/p>\n<p>Serie jabal\u00f3n es perfecta si quiere apostar por un ba\u00f1o minimalista y con elegancia, ya que puede encajar en todo tipo de cuartos de ba\u00f1o. Actualmente tenemos diferentes modelos:\u00a0 grifo de lavabo, grifo alto pica y grifo de bid\u00e9, disponemos de varios acabados cromo, dorado cepillado, Gun metal, negro, dorado envejecido, blanco y acero cepillado. \u00a0Todos nuestros modelos incluyen los flexos de instalaci\u00f3n.<\/p>\n<p>La garant\u00eda de todos nuestros productos es de 3 a\u00f1os, para funcionamiento, duraci\u00f3n del esmaltado y anticorrosi\u00f3n.<\/p>\n<p>Recomendamos para un correcto mantenimiento de la grifer\u00eda y evitar el deterioro por el uso. Secar las gotas de agua con un pa\u00f1o suave despu\u00e9s del uso, evitando que se posen en la superficie y deterioran el acabado, no utilizar esponjas que puedan rayar la grifer\u00eda, utilizar limpiadores como vinagre limpieza, agua caliente y jab\u00f3n con ph neutro.<\/p>\n<p>&nbsp;<\/p>\n<p><strong>Nuestro departamento\u00a0t\u00e9cnico\u00a0dispone de\u00a0gu\u00edas\u00a0de todos los\u00a0modelos\u00a0empotrados\u00a0que vendemos<\/strong><strong>,\u00a0si tiene alguna duda con la\u00a0instalaci\u00f3n\u00a0contacte con nosotros mediante\u00a0tel\u00e9fono,\u00a0WhatsApp\u00a0o email dentro del horario laboral indicado en la web.<\/strong><\/p>\n<p><strong>Recuerden que una vez instalado el cuerpo\u00a0empotrado\u00a0de la\u00a0grifer\u00eda\u00a0revisar de su correcto funcionamiento de paso de agua, comprobaci\u00f3n de cartuchos y corte de agua, si detecta alguna\u00a0anomal\u00eda\u00a0informe a nuestro\u00a0departamento\u00a0para darle una\u00a0soluci\u00f3n, no\u00a0contin\u00fae\u00a0con la\u00a0instalaci\u00f3n\u00a0de cerramiento de la pared.<\/strong><\/p>\n","protected":false},"featured_media":657,"template":"","meta":[],"product_brand":[],"product_cat":[54],"product_tag":[],"serie":[40],"manual-de-instalacion":[83],"color":[64],"class_list":{"0":"post-654","1":"product","2":"type-product","3":"status-publish","4":"has-post-thumbnail","6":"product_cat-grifos-de-bidet","7":"serie-jabalon","8":"manual-de-instalacion-guia-instalacion-grifo-superficie","9":"color-blanco","11":"first","12":"instock","13":"taxable","14":"shipping-taxable","15":"product-type-simple"},"_links":{"self":[{"href":"https:\/\/www.valaz.es\/it\/wp-json\/wp\/v2\/product\/654","targetHints":{"allow":["GET"]}}],"collection":[{"href":"https:\/\/www.valaz.es\/it\/wp-json\/wp\/v2\/product"}],"about":[{"href":"https:\/\/www.valaz.es\/it\/wp-json\/wp\/v2\/types\/product"}],"wp:featuredmedia":[{"embeddable":true,"href":"https:\/\/www.valaz.es\/it\/wp-json\/wp\/v2\/media\/657"}],"wp:attachment":[{"href":"https:\/\/www.valaz.es\/it\/wp-json\/wp\/v2\/media?parent=654"}],"wp:term":[{"taxonomy":"product_brand","embeddable":true,"href":"https:\/\/www.valaz.es\/it\/wp-json\/wp\/v2\/product_brand?post=654"},{"taxonomy":"product_cat","embeddable":true,"href":"https:\/\/www.valaz.es\/it\/wp-json\/wp\/v2\/product_cat?post=654"},{"taxonomy":"product_tag","embeddable":true,"href":"https:\/\/www.valaz.es\/it\/wp-json\/wp\/v2\/product_tag?post=654"},{"taxonomy":"serie","embeddable":true,"href":"https:\/\/www.valaz.es\/it\/wp-json\/wp\/v2\/serie?post=654"},{"taxonomy":"manual-de-instalacion","embeddable":true,"href":"https:\/\/www.valaz.es\/it\/wp-json\/wp\/v2\/manual-de-instalacion?post=654"},{"taxonomy":"color","embeddable":true,"href":"https:\/\/www.valaz.es\/it\/wp-json\/wp\/v2\/color?post=654"}],"curies":[{"name":"wp","href":"https:\/\/api.w.org\/{rel}","templated":true}]}}