{"id":6496,"date":"2023-08-21T14:16:53","date_gmt":"2023-08-21T12:16:53","guid":{"rendered":"https:\/\/www.valaz.es\/?post_type=product&#038;p=6496"},"modified":"2025-07-16T14:54:42","modified_gmt":"2025-07-16T12:54:42","slug":"grifo-lavabo-monomando-cuadrado-dorado-cepillado-serie-segura","status":"publish","type":"product","link":"https:\/\/www.valaz.es\/it\/prodotto\/grifo-lavabo-monomando-cuadrado-dorado-cepillado-serie-segura\/","title":{"rendered":"Grifo lavabo monomando cuadrado dorado cepillado &#8211; Serie Segura"},"content":{"rendered":"<p class=\"\" data-start=\"0\" data-end=\"211\">Grifo de lavabo monomando con dise\u00f1o cuadrado y acabado dorado cepillado. Aporta un toque elegante y contempor\u00e1neo al ba\u00f1o, ideal para quienes buscan funcionalidad y estilo en un solo producto.<\/p>\n<p class=\"\" data-start=\"213\" data-end=\"235\"><strong data-start=\"213\" data-end=\"233\">Especificaciones<\/strong><\/p>\n<ul data-start=\"236\" data-end=\"416\" data-is-last-node=\"\" data-is-only-node=\"\">\n<li class=\"\" data-start=\"236\" data-end=\"279\">\n<p class=\"\" data-start=\"238\" data-end=\"279\"><strong data-start=\"238\" data-end=\"255\">Tipo de grifo<\/strong>: Monomando de lavabo.<\/p>\n<\/li>\n<li class=\"\" data-start=\"280\" data-end=\"330\">\n<p class=\"\" data-start=\"282\" data-end=\"330\"><strong data-start=\"282\" data-end=\"292\">Cuerpo<\/strong>: Lat\u00f3n en acabado dorado cepillado.<\/p>\n<\/li>\n<li class=\"\" data-start=\"331\" data-end=\"367\">\n<p class=\"\" data-start=\"333\" data-end=\"367\"><strong data-start=\"333\" data-end=\"345\">Cartucho<\/strong>: Cer\u00e1mico de 35 mm.<\/p>\n<\/li>\n<li class=\"\" data-start=\"368\" data-end=\"416\">\n<p class=\"\" data-start=\"370\" data-end=\"416\"><strong data-start=\"370\" data-end=\"384\">Conexiones<\/strong>: Latiguillos de 3\/8\u201d incluidos.<\/p>\n<\/li>\n<\/ul>\n","protected":false},"excerpt":{"rendered":"<p>Grifo de lavabo monomando con dise\u00f1o cuadrado y acabado dorado  [&#8230;]<\/p>\n","protected":false},"featured_media":9516,"template":"","meta":[],"product_brand":[],"product_cat":[48],"product_tag":[],"serie":[32],"manual-de-instalacion":[83],"color":[34],"class_list":{"0":"post-6496","1":"product","2":"type-product","3":"status-publish","4":"has-post-thumbnail","6":"product_cat-grifos-de-lavabo","7":"serie-segura","8":"manual-de-instalacion-guia-instalacion-grifo-superficie","9":"color-dorado-cepillado","11":"first","12":"instock","13":"taxable","14":"shipping-taxable","15":"product-type-simple"},"_links":{"self":[{"href":"https:\/\/www.valaz.es\/it\/wp-json\/wp\/v2\/product\/6496","targetHints":{"allow":["GET"]}}],"collection":[{"href":"https:\/\/www.valaz.es\/it\/wp-json\/wp\/v2\/product"}],"about":[{"href":"https:\/\/www.valaz.es\/it\/wp-json\/wp\/v2\/types\/product"}],"wp:featuredmedia":[{"embeddable":true,"href":"https:\/\/www.valaz.es\/it\/wp-json\/wp\/v2\/media\/9516"}],"wp:attachment":[{"href":"https:\/\/www.valaz.es\/it\/wp-json\/wp\/v2\/media?parent=6496"}],"wp:term":[{"taxonomy":"product_brand","embeddable":true,"href":"https:\/\/www.valaz.es\/it\/wp-json\/wp\/v2\/product_brand?post=6496"},{"taxonomy":"product_cat","embeddable":true,"href":"https:\/\/www.valaz.es\/it\/wp-json\/wp\/v2\/product_cat?post=6496"},{"taxonomy":"product_tag","embeddable":true,"href":"https:\/\/www.valaz.es\/it\/wp-json\/wp\/v2\/product_tag?post=6496"},{"taxonomy":"serie","embeddable":true,"href":"https:\/\/www.valaz.es\/it\/wp-json\/wp\/v2\/serie?post=6496"},{"taxonomy":"manual-de-instalacion","embeddable":true,"href":"https:\/\/www.valaz.es\/it\/wp-json\/wp\/v2\/manual-de-instalacion?post=6496"},{"taxonomy":"color","embeddable":true,"href":"https:\/\/www.valaz.es\/it\/wp-json\/wp\/v2\/color?post=6496"}],"curies":[{"name":"wp","href":"https:\/\/api.w.org\/{rel}","templated":true}]}}