{"id":6470,"date":"2023-08-22T14:33:21","date_gmt":"2023-08-22T12:33:21","guid":{"rendered":"https:\/\/www.valaz.es\/?post_type=product&#038;p=6470"},"modified":"2025-12-29T14:54:26","modified_gmt":"2025-12-29T13:54:26","slug":"grifo-de-banera-exenta-redondo-negro-mate-serie-misuri","status":"publish","type":"product","link":"https:\/\/www.valaz.es\/it\/prodotto\/grifo-de-banera-exenta-redondo-negro-mate-serie-misuri\/","title":{"rendered":"Grifo de ba\u00f1era exenta redondo negro mate &#8211; Serie Misuri"},"content":{"rendered":"<p class=\"\" data-start=\"0\" data-end=\"320\">Grifo de ba\u00f1era exenta de dise\u00f1o redondo y acabado negro mate de la serie Misuri. Este grifo, ideal para ba\u00f1eras independientes, ofrece un estilo moderno y elegante que se adapta perfectamente a ba\u00f1os contempor\u00e1neos. Su dise\u00f1o funcional y su robusto cuerpo aseguran un rendimiento duradero y eficiente.<\/p>\n<p class=\"\" data-start=\"322\" data-end=\"344\"><strong data-start=\"322\" data-end=\"342\">Especificaciones<\/strong><\/p>\n<ul data-start=\"345\" data-end=\"542\">\n<li class=\"\" data-start=\"345\" data-end=\"393\">\n<p class=\"\" data-start=\"347\" data-end=\"393\"><strong data-start=\"347\" data-end=\"361\">Materiales<\/strong>: Cuerpo de grifer\u00eda de lat\u00f3n.<\/p>\n<\/li>\n<li class=\"\" data-start=\"394\" data-end=\"421\">\n<p class=\"\" data-start=\"396\" data-end=\"421\"><strong data-start=\"396\" data-end=\"408\">Cartucho<\/strong>: Cer\u00e1mico.<\/p>\n<\/li>\n<li class=\"\" data-start=\"422\" data-end=\"491\">\n<p class=\"\" data-start=\"424\" data-end=\"491\"><strong data-start=\"424\" data-end=\"444\">Conexi\u00f3n de agua<\/strong>: Agua caliente y fr\u00eda con conector de 1\/2&#8221;.<\/p>\n<\/li>\n<li data-start=\"422\" data-end=\"491\"><strong>Alcachofa de mano y flexo:<\/strong> PVC<\/li>\n<li class=\"\" data-start=\"492\" data-end=\"515\">\n<p class=\"\" data-start=\"494\" data-end=\"515\"><strong data-start=\"494\" data-end=\"504\">Altura<\/strong>: 118 cm.<\/p>\n<\/li>\n<li class=\"\" data-start=\"516\" data-end=\"542\">\n<p class=\"\" data-start=\"518\" data-end=\"542\"><strong data-start=\"518\" data-end=\"529\">Acabado<\/strong>: Negro mate.<\/p>\n<\/li>\n<\/ul>\n","protected":false},"excerpt":{"rendered":"<p>Grifo de ba\u00f1era exenta de dise\u00f1o redondo y acabado negro  [&#8230;]<\/p>\n","protected":false},"featured_media":6835,"template":"","meta":[],"product_brand":[],"product_cat":[49],"product_tag":[],"serie":[335],"manual-de-instalacion":[84],"color":[27],"class_list":{"0":"post-6470","1":"product","2":"type-product","3":"status-publish","4":"has-post-thumbnail","6":"product_cat-grifos-de-banera-exenta","7":"serie-misuri","8":"manual-de-instalacion-guia-instalacion-grifo-exenta","9":"color-negro-mate","11":"first","12":"instock","13":"taxable","14":"shipping-taxable","15":"product-type-simple"},"_links":{"self":[{"href":"https:\/\/www.valaz.es\/it\/wp-json\/wp\/v2\/product\/6470","targetHints":{"allow":["GET"]}}],"collection":[{"href":"https:\/\/www.valaz.es\/it\/wp-json\/wp\/v2\/product"}],"about":[{"href":"https:\/\/www.valaz.es\/it\/wp-json\/wp\/v2\/types\/product"}],"wp:featuredmedia":[{"embeddable":true,"href":"https:\/\/www.valaz.es\/it\/wp-json\/wp\/v2\/media\/6835"}],"wp:attachment":[{"href":"https:\/\/www.valaz.es\/it\/wp-json\/wp\/v2\/media?parent=6470"}],"wp:term":[{"taxonomy":"product_brand","embeddable":true,"href":"https:\/\/www.valaz.es\/it\/wp-json\/wp\/v2\/product_brand?post=6470"},{"taxonomy":"product_cat","embeddable":true,"href":"https:\/\/www.valaz.es\/it\/wp-json\/wp\/v2\/product_cat?post=6470"},{"taxonomy":"product_tag","embeddable":true,"href":"https:\/\/www.valaz.es\/it\/wp-json\/wp\/v2\/product_tag?post=6470"},{"taxonomy":"serie","embeddable":true,"href":"https:\/\/www.valaz.es\/it\/wp-json\/wp\/v2\/serie?post=6470"},{"taxonomy":"manual-de-instalacion","embeddable":true,"href":"https:\/\/www.valaz.es\/it\/wp-json\/wp\/v2\/manual-de-instalacion?post=6470"},{"taxonomy":"color","embeddable":true,"href":"https:\/\/www.valaz.es\/it\/wp-json\/wp\/v2\/color?post=6470"}],"curies":[{"name":"wp","href":"https:\/\/api.w.org\/{rel}","templated":true}]}}