{"id":6404,"date":"2023-07-27T14:56:26","date_gmt":"2023-07-27T12:56:26","guid":{"rendered":"https:\/\/www.valaz.es\/?post_type=product&#038;p=6404"},"modified":"2026-03-11T14:23:07","modified_gmt":"2026-03-11T13:23:07","slug":"grifo-de-lavabo-alto-para-pica-monomando-cascada-dorado-cepillado-serie-aljibe","status":"publish","type":"product","link":"https:\/\/www.valaz.es\/it\/prodotto\/grifo-de-lavabo-alto-para-pica-monomando-cascada-dorado-cepillado-serie-aljibe\/","title":{"rendered":"Grifo de lavabo alto para pica monomando cascada dorado cepillado &#8211; Serie Aljibe"},"content":{"rendered":"<p class=\"\" data-start=\"0\" data-end=\"440\">El grifo de lavabo alto para pica monomando con efecto cascada en dorado cepillado de la Serie Aljibe ofrece una experiencia \u00fanica de estilo y funcionalidad. Su dise\u00f1o de cascada no solo es visualmente atractivo, sino que tambi\u00e9n proporciona un flujo de agua suave y elegante. Ideal para quienes buscan un toque de lujo en su ba\u00f1o, este grifo destaca por su acabado dorado cepillado que agrega sofisticaci\u00f3n y durabilidad.<\/p>\n<p class=\"\" data-start=\"442\" data-end=\"464\"><strong data-start=\"442\" data-end=\"462\">Especificaciones<\/strong><\/p>\n<ul data-start=\"465\" data-end=\"892\">\n<li class=\"\" data-start=\"465\" data-end=\"519\">\n<p class=\"\" data-start=\"467\" data-end=\"519\"><strong data-start=\"467\" data-end=\"475\">Tipo<\/strong>: Grifo de lavabo alto para pica monomando<\/p>\n<\/li>\n<li class=\"\" data-start=\"520\" data-end=\"549\">\n<p class=\"\" data-start=\"522\" data-end=\"549\"><strong data-start=\"522\" data-end=\"531\">Forma<\/strong>: Efecto cascada<\/p>\n<\/li>\n<li class=\"\" data-start=\"550\" data-end=\"624\">\n<p class=\"\" data-start=\"552\" data-end=\"624\"><strong data-start=\"552\" data-end=\"564\">Material<\/strong>: Cuerpo de grifer\u00eda en lat\u00f3n con acabado dorado cepillado<\/p>\n<\/li>\n<li class=\"\" data-start=\"625\" data-end=\"660\">\n<p class=\"\" data-start=\"627\" data-end=\"660\"><strong data-start=\"627\" data-end=\"639\">Cartucho<\/strong>: Cer\u00e1mico de 35 mm<\/p>\n<\/li>\n<li class=\"\" data-start=\"661\" data-end=\"702\">\n<p class=\"\" data-start=\"663\" data-end=\"702\"><strong data-start=\"663\" data-end=\"671\">Ca\u00f1o<\/strong>: Alto, con dise\u00f1o en cascada<\/p>\n<\/li>\n<li class=\"\" data-start=\"703\" data-end=\"738\">\n<p class=\"\" data-start=\"705\" data-end=\"738\"><strong data-start=\"705\" data-end=\"720\">Latiguillos<\/strong>: 3\/8\u201d incluidos<\/p>\n<\/li>\n<li class=\"\" data-start=\"739\" data-end=\"810\">\n<p class=\"\" data-start=\"741\" data-end=\"810\"><strong data-start=\"741\" data-end=\"752\">Acabado<\/strong>: Dorado cepillado, elegante y resistente a la corrosi\u00f3n<\/p>\n<\/li>\n<li class=\"\" data-start=\"811\" data-end=\"892\">\n<p class=\"\" data-start=\"813\" data-end=\"892\"><strong data-start=\"813\" data-end=\"836\">Tipo de instalaci\u00f3n<\/strong>: Lavabo de instalaci\u00f3n alta para un estilo distintivo<\/p>\n<\/li>\n<\/ul>\n","protected":false},"excerpt":{"rendered":"<p>El grifo de lavabo alto para pica monomando con efecto  [&#8230;]<\/p>\n","protected":false},"featured_media":6422,"template":"","meta":[],"product_brand":[],"product_cat":[48],"product_tag":[],"serie":[39],"manual-de-instalacion":[83],"color":[350],"class_list":{"0":"post-6404","1":"product","2":"type-product","3":"status-publish","4":"has-post-thumbnail","6":"product_cat-grifos-de-lavabo","7":"serie-aljibe","8":"manual-de-instalacion-guia-instalacion-grifo-superficie","9":"color-oro-mate-cepillado","11":"first","12":"instock","13":"taxable","14":"shipping-taxable","15":"product-type-simple"},"_links":{"self":[{"href":"https:\/\/www.valaz.es\/it\/wp-json\/wp\/v2\/product\/6404","targetHints":{"allow":["GET"]}}],"collection":[{"href":"https:\/\/www.valaz.es\/it\/wp-json\/wp\/v2\/product"}],"about":[{"href":"https:\/\/www.valaz.es\/it\/wp-json\/wp\/v2\/types\/product"}],"wp:featuredmedia":[{"embeddable":true,"href":"https:\/\/www.valaz.es\/it\/wp-json\/wp\/v2\/media\/6422"}],"wp:attachment":[{"href":"https:\/\/www.valaz.es\/it\/wp-json\/wp\/v2\/media?parent=6404"}],"wp:term":[{"taxonomy":"product_brand","embeddable":true,"href":"https:\/\/www.valaz.es\/it\/wp-json\/wp\/v2\/product_brand?post=6404"},{"taxonomy":"product_cat","embeddable":true,"href":"https:\/\/www.valaz.es\/it\/wp-json\/wp\/v2\/product_cat?post=6404"},{"taxonomy":"product_tag","embeddable":true,"href":"https:\/\/www.valaz.es\/it\/wp-json\/wp\/v2\/product_tag?post=6404"},{"taxonomy":"serie","embeddable":true,"href":"https:\/\/www.valaz.es\/it\/wp-json\/wp\/v2\/serie?post=6404"},{"taxonomy":"manual-de-instalacion","embeddable":true,"href":"https:\/\/www.valaz.es\/it\/wp-json\/wp\/v2\/manual-de-instalacion?post=6404"},{"taxonomy":"color","embeddable":true,"href":"https:\/\/www.valaz.es\/it\/wp-json\/wp\/v2\/color?post=6404"}],"curies":[{"name":"wp","href":"https:\/\/api.w.org\/{rel}","templated":true}]}}