{"id":6403,"date":"2023-07-27T14:56:06","date_gmt":"2023-07-27T12:56:06","guid":{"rendered":"https:\/\/www.valaz.es\/?post_type=product&#038;p=6403"},"modified":"2026-03-21T20:23:23","modified_gmt":"2026-03-21T19:23:23","slug":"grifo-de-lavabo-alto-para-pica-monomando-cascada-negro-mate-serie-aljibe","status":"publish","type":"product","link":"https:\/\/www.valaz.es\/it\/prodotto\/grifo-de-lavabo-alto-para-pica-monomando-cascada-negro-mate-serie-aljibe\/","title":{"rendered":"Grifo de lavabo alto para pica monomando cascada negro mate &#8211; Serie Aljibe"},"content":{"rendered":"<p class=\"\" data-start=\"0\" data-end=\"328\">El grifo de lavabo alto para pica monomando en negro mate de la Serie Aljibe destaca por su dise\u00f1o moderno con efecto cascada. Ideal para lavabos tipo bol o sobre encimera, aporta un estilo elegante y contempor\u00e1neo a cualquier ba\u00f1o. Su acabado negro mate lo convierte en una pieza sofisticada y muy combinable.<\/p>\n<p class=\"\" data-start=\"330\" data-end=\"352\"><strong data-start=\"330\" data-end=\"350\">Especificaciones<\/strong><\/p>\n<ul data-start=\"353\" data-end=\"596\">\n<li class=\"\" data-start=\"353\" data-end=\"397\">\n<p class=\"\" data-start=\"355\" data-end=\"397\"><strong data-start=\"355\" data-end=\"363\">Tipo<\/strong>: Grifo de lavabo alto para pica<\/p>\n<\/li>\n<li class=\"\" data-start=\"398\" data-end=\"429\">\n<p class=\"\" data-start=\"400\" data-end=\"429\"><strong data-start=\"400\" data-end=\"418\">Estilo de ca\u00f1o<\/strong>: Cascada<\/p>\n<\/li>\n<li class=\"\" data-start=\"430\" data-end=\"457\">\n<p class=\"\" data-start=\"432\" data-end=\"457\"><strong data-start=\"432\" data-end=\"443\">Acabado<\/strong>: Negro mate<\/p>\n<\/li>\n<li class=\"\" data-start=\"458\" data-end=\"493\">\n<p class=\"\" data-start=\"460\" data-end=\"493\"><strong data-start=\"460\" data-end=\"472\">Cartucho<\/strong>: Cer\u00e1mico de 35 mm<\/p>\n<\/li>\n<li class=\"\" data-start=\"494\" data-end=\"552\">\n<p class=\"\" data-start=\"496\" data-end=\"552\"><strong data-start=\"496\" data-end=\"508\">Material<\/strong>: Cuerpo de la grifer\u00eda fabricado en lat\u00f3n<\/p>\n<\/li>\n<li class=\"\" data-start=\"553\" data-end=\"596\">\n<p class=\"\" data-start=\"555\" data-end=\"596\"><strong data-start=\"555\" data-end=\"567\">Conexi\u00f3n<\/strong>: Latiguillos 3\/8 incluidos<\/p>\n<\/li>\n<\/ul>\n","protected":false},"excerpt":{"rendered":"<p>El grifo de lavabo alto para pica monomando en negro  [&#8230;]<\/p>\n","protected":false},"featured_media":6426,"template":"","meta":[],"product_brand":[],"product_cat":[48],"product_tag":[],"serie":[39],"manual-de-instalacion":[83],"color":[27],"class_list":{"0":"post-6403","1":"product","2":"type-product","3":"status-publish","4":"has-post-thumbnail","6":"product_cat-grifos-de-lavabo","7":"serie-aljibe","8":"manual-de-instalacion-guia-instalacion-grifo-superficie","9":"color-negro-mate","11":"first","12":"instock","13":"taxable","14":"shipping-taxable","15":"product-type-simple"},"_links":{"self":[{"href":"https:\/\/www.valaz.es\/it\/wp-json\/wp\/v2\/product\/6403","targetHints":{"allow":["GET"]}}],"collection":[{"href":"https:\/\/www.valaz.es\/it\/wp-json\/wp\/v2\/product"}],"about":[{"href":"https:\/\/www.valaz.es\/it\/wp-json\/wp\/v2\/types\/product"}],"wp:featuredmedia":[{"embeddable":true,"href":"https:\/\/www.valaz.es\/it\/wp-json\/wp\/v2\/media\/6426"}],"wp:attachment":[{"href":"https:\/\/www.valaz.es\/it\/wp-json\/wp\/v2\/media?parent=6403"}],"wp:term":[{"taxonomy":"product_brand","embeddable":true,"href":"https:\/\/www.valaz.es\/it\/wp-json\/wp\/v2\/product_brand?post=6403"},{"taxonomy":"product_cat","embeddable":true,"href":"https:\/\/www.valaz.es\/it\/wp-json\/wp\/v2\/product_cat?post=6403"},{"taxonomy":"product_tag","embeddable":true,"href":"https:\/\/www.valaz.es\/it\/wp-json\/wp\/v2\/product_tag?post=6403"},{"taxonomy":"serie","embeddable":true,"href":"https:\/\/www.valaz.es\/it\/wp-json\/wp\/v2\/serie?post=6403"},{"taxonomy":"manual-de-instalacion","embeddable":true,"href":"https:\/\/www.valaz.es\/it\/wp-json\/wp\/v2\/manual-de-instalacion?post=6403"},{"taxonomy":"color","embeddable":true,"href":"https:\/\/www.valaz.es\/it\/wp-json\/wp\/v2\/color?post=6403"}],"curies":[{"name":"wp","href":"https:\/\/api.w.org\/{rel}","templated":true}]}}