{"id":627,"date":"2022-11-10T11:46:31","date_gmt":"2022-11-10T10:46:31","guid":{"rendered":"https:\/\/www.valaz.es\/?post_type=product&#038;p=627"},"modified":"2025-09-22T12:54:38","modified_gmt":"2025-09-22T10:54:38","slug":"grifo-lavabo-empotrado-redondo-monomando-dorado-cepillado-cano-26cm-serie-guadiana","status":"publish","type":"product","link":"https:\/\/www.valaz.es\/it\/prodotto\/grifo-lavabo-empotrado-redondo-monomando-dorado-cepillado-cano-26cm-serie-guadiana\/","title":{"rendered":"Grifo lavabo empotrado redondo monomando dorado cepillado ca\u00f1o 26CM &#8211; Serie Guadiana"},"content":{"rendered":"<p class=\"\" data-start=\"93\" data-end=\"484\">El grifo empotrado redondo monomando de 26CM de la Serie Guadiana en acabado dorado cepillado combina funcionalidad con un toque de lujo. Su dise\u00f1o elegante y moderno se adapta a cualquier ambiente, proporcionando un control preciso de la temperatura y el flujo de agua con un solo mando. Ideal para quienes buscan un grifo que destaque por su sofisticaci\u00f3n y durabilidad.<\/p>\n<p class=\"\" data-start=\"486\" data-end=\"508\"><strong data-start=\"486\" data-end=\"506\">Especificaciones<\/strong><\/p>\n<ul data-start=\"509\" data-end=\"760\">\n<li class=\"\" data-start=\"509\" data-end=\"551\">\n<p class=\"\" data-start=\"511\" data-end=\"551\"><strong data-start=\"511\" data-end=\"529\">Tipo de grifo:<\/strong> Empotrado monomando<\/p>\n<\/li>\n<li class=\"\" data-start=\"552\" data-end=\"588\">\n<p class=\"\" data-start=\"554\" data-end=\"588\"><strong data-start=\"554\" data-end=\"565\">Dise\u00f1o:<\/strong> Redondo, para lavabo<\/p>\n<\/li>\n<li class=\"\" data-start=\"589\" data-end=\"608\">\n<p class=\"\" data-start=\"591\" data-end=\"608\"><strong data-start=\"591\" data-end=\"600\">Ca\u00f1o:<\/strong> 26 cm<\/p>\n<\/li>\n<li class=\"\" data-start=\"609\" data-end=\"705\">\n<p class=\"\" data-start=\"611\" data-end=\"628\"><strong data-start=\"611\" data-end=\"626\">Materiales:<\/strong><\/p>\n<ul data-start=\"631\" data-end=\"705\">\n<li class=\"\" data-start=\"631\" data-end=\"665\">\n<p class=\"\" data-start=\"633\" data-end=\"665\">Cuerpo de la grifer\u00eda en lat\u00f3n<\/p>\n<\/li>\n<li class=\"\" data-start=\"668\" data-end=\"705\">\n<p class=\"\" data-start=\"670\" data-end=\"705\">Cartucho cer\u00e1mico de alta calidad<\/p>\n<\/li>\n<\/ul>\n<\/li>\n<li class=\"\" data-start=\"706\" data-end=\"739\">\n<p class=\"\" data-start=\"708\" data-end=\"739\"><strong data-start=\"708\" data-end=\"720\">Acabado:<\/strong> Dorado cepillado<\/p>\n<\/li>\n<li class=\"\" data-start=\"740\" data-end=\"760\">\n<p class=\"\" data-start=\"742\" data-end=\"760\"><strong data-start=\"742\" data-end=\"755\">Conexi\u00f3n:<\/strong> G1\/2<\/p>\n<\/li>\n<\/ul>\n","protected":false},"excerpt":{"rendered":"<p>Serie Guadiana con l\u00edneas curvas y redondas, destacada por su sencillez y elegancia, una de nuestras series m\u00e1s minimalista y moderna. Disponemos de ducha empotrada tanto a pared como a techo, grifo de lavabo empotrado, grifo de bid\u00e9 empotrado. Es una de las series m\u00e1s completas en cuanto a productos con la mejor relaci\u00f3n calidad precio y unos acabados en cromado, dorado cepillado, negro mate, acero cepillado, Gun metal, dorado envejecido, blanco.<\/p>\n<p>La garant\u00eda de todos nuestros productos es de 3 a\u00f1os, para funcionamiento, duraci\u00f3n del esmaltado y anticorrosi\u00f3n.<\/p>\n<p>Recomendamos para un correcto mantenimiento de la grifer\u00eda y evitar el deterioro por el uso. Secar las gotas de agua con un pa\u00f1o suave despu\u00e9s del uso, evitando que se posen en la superficie y deterioran el acabado, no utilizar esponjas que puedan rayar la grifer\u00eda, utilizar limpiadores como vinagre limpieza, agua caliente y jab\u00f3n con pH neutro.<\/p>\n<p>&nbsp;<\/p>\n<p><strong>Nuestro departamento\u00a0t\u00e9cnico\u00a0dispone de\u00a0gu\u00edas\u00a0de todos los\u00a0modelos\u00a0empotrados\u00a0que vendemos<\/strong><strong>,\u00a0si tiene alguna duda con la\u00a0instalaci\u00f3n\u00a0contacte con nosotros mediante\u00a0tel\u00e9fono,\u00a0WhatsApp\u00a0o email dentro del horario laboral indicado en la web.<\/strong><\/p>\n<p><strong>Recuerden que una vez instalado el cuerpo\u00a0empotrado\u00a0de la\u00a0grifer\u00eda\u00a0revisar de su correcto funcionamiento de paso de agua, comprobaci\u00f3n de cartuchos y corte de agua, si detecta alguna\u00a0anomal\u00eda\u00a0informe a nuestro\u00a0departamento\u00a0para darle una\u00a0soluci\u00f3n, no\u00a0contin\u00fae\u00a0con la\u00a0instalaci\u00f3n\u00a0de cerramiento de la pared.<\/strong><\/p>\n","protected":false},"featured_media":629,"template":"","meta":[],"product_brand":[],"product_cat":[48,58],"product_tag":[],"serie":[63],"manual-de-instalacion":[81],"color":[34],"class_list":{"0":"post-627","1":"product","2":"type-product","3":"status-publish","4":"has-post-thumbnail","6":"product_cat-grifos-de-lavabo","7":"product_cat-grifos-de-lavabo-empotrados","8":"serie-guadiana","9":"manual-de-instalacion-guia-instalacion-grifo-lavabo-empotrado-sin-caja","10":"color-dorado-cepillado","12":"first","13":"instock","14":"taxable","15":"shipping-taxable","16":"product-type-simple"},"_links":{"self":[{"href":"https:\/\/www.valaz.es\/it\/wp-json\/wp\/v2\/product\/627","targetHints":{"allow":["GET"]}}],"collection":[{"href":"https:\/\/www.valaz.es\/it\/wp-json\/wp\/v2\/product"}],"about":[{"href":"https:\/\/www.valaz.es\/it\/wp-json\/wp\/v2\/types\/product"}],"wp:featuredmedia":[{"embeddable":true,"href":"https:\/\/www.valaz.es\/it\/wp-json\/wp\/v2\/media\/629"}],"wp:attachment":[{"href":"https:\/\/www.valaz.es\/it\/wp-json\/wp\/v2\/media?parent=627"}],"wp:term":[{"taxonomy":"product_brand","embeddable":true,"href":"https:\/\/www.valaz.es\/it\/wp-json\/wp\/v2\/product_brand?post=627"},{"taxonomy":"product_cat","embeddable":true,"href":"https:\/\/www.valaz.es\/it\/wp-json\/wp\/v2\/product_cat?post=627"},{"taxonomy":"product_tag","embeddable":true,"href":"https:\/\/www.valaz.es\/it\/wp-json\/wp\/v2\/product_tag?post=627"},{"taxonomy":"serie","embeddable":true,"href":"https:\/\/www.valaz.es\/it\/wp-json\/wp\/v2\/serie?post=627"},{"taxonomy":"manual-de-instalacion","embeddable":true,"href":"https:\/\/www.valaz.es\/it\/wp-json\/wp\/v2\/manual-de-instalacion?post=627"},{"taxonomy":"color","embeddable":true,"href":"https:\/\/www.valaz.es\/it\/wp-json\/wp\/v2\/color?post=627"}],"curies":[{"name":"wp","href":"https:\/\/api.w.org\/{rel}","templated":true}]}}