{"id":6255,"date":"2023-07-19T13:33:21","date_gmt":"2023-07-19T11:33:21","guid":{"rendered":"https:\/\/www.valaz.es\/?post_type=product&#038;p=6255"},"modified":"2025-10-08T16:54:23","modified_gmt":"2025-10-08T14:54:23","slug":"grifo-de-banera-ducha-monomando-dorado-cepillado-serie-palancia","status":"publish","type":"product","link":"https:\/\/www.valaz.es\/it\/prodotto\/grifo-de-banera-ducha-monomando-dorado-cepillado-serie-palancia\/","title":{"rendered":"Grifo de ba\u00f1era \/ ducha monomando oro mate con protecci\u00f3n PVD &#8211; Serie Palancia"},"content":{"rendered":"<p class=\"\" data-start=\"0\" data-end=\"358\">El grifo de ba\u00f1era\/ducha monomando oro mate con protecci\u00f3n PVD de la Serie Palancia es una opci\u00f3n premium para aquellos que buscan una combinaci\u00f3n de estilo y durabilidad en su ba\u00f1o. El acabado en oro mate y la protecci\u00f3n PVD brindan resistencia a la corrosi\u00f3n y desgaste, manteniendo el grifo con un aspecto impecable durante mucho tiempo.<\/p>\n<p class=\"\" data-start=\"360\" data-end=\"382\"><strong data-start=\"360\" data-end=\"380\">Especificaciones<\/strong><\/p>\n<ul data-start=\"383\" data-end=\"816\">\n<li class=\"\" data-start=\"383\" data-end=\"428\">\n<p class=\"\" data-start=\"385\" data-end=\"428\"><strong data-start=\"385\" data-end=\"393\">Tipo<\/strong>: Grifo de ba\u00f1era\/ducha monomando<\/p>\n<\/li>\n<li class=\"\" data-start=\"429\" data-end=\"584\">\n<p class=\"\" data-start=\"431\" data-end=\"446\"><strong data-start=\"431\" data-end=\"443\">Material<\/strong>:<\/p>\n<ul data-start=\"449\" data-end=\"584\">\n<li class=\"\" data-start=\"449\" data-end=\"480\">\n<p class=\"\" data-start=\"451\" data-end=\"480\">Cuerpo de grifer\u00eda de lat\u00f3n<\/p>\n<\/li>\n<li class=\"\" data-start=\"483\" data-end=\"521\">\n<p class=\"\" data-start=\"485\" data-end=\"521\">Ca\u00f1o de ba\u00f1era de acero inoxidable<\/p>\n<\/li>\n<li class=\"\" data-start=\"524\" data-end=\"553\">\n<p class=\"\" data-start=\"526\" data-end=\"553\">Flexo y Alcachofa de mano de PVC<\/p>\n<\/li>\n<\/ul>\n<\/li>\n<li class=\"\" data-start=\"585\" data-end=\"678\">\n<p class=\"\" data-start=\"587\" data-end=\"678\"><strong data-start=\"587\" data-end=\"599\">Cartucho<\/strong>: Cer\u00e1mico, ofreciendo un control preciso del flujo y la temperatura del agua<\/p>\n<\/li>\n<li class=\"\" data-start=\"679\" data-end=\"746\">\n<p class=\"\" data-start=\"681\" data-end=\"746\"><strong data-start=\"681\" data-end=\"692\">Acabado<\/strong>: Oro mate con protecci\u00f3n PVD para mayor resistencia<\/p>\n<\/li>\n<\/ul>\n<ul data-start=\"339\" data-end=\"734\">\n<li class=\"\" data-start=\"665\" data-end=\"734\">\n<p class=\"\" data-start=\"667\" data-end=\"734\"><strong data-start=\"667\" data-end=\"682\">Instalaci\u00f3n<\/strong>: Distancia est\u00e1ndar de 15 cm entre tomas<\/p>\n<\/li>\n<\/ul>\n","protected":false},"excerpt":{"rendered":"<p>El grifo de ba\u00f1era\/ducha monomando oro mate con protecci\u00f3n PVD  [&#8230;]<\/p>\n","protected":false},"featured_media":15385,"template":"","meta":[],"product_brand":[],"product_cat":[338],"product_tag":[],"serie":[37],"manual-de-instalacion":[],"color":[350],"class_list":{"0":"post-6255","1":"product","2":"type-product","3":"status-publish","4":"has-post-thumbnail","6":"product_cat-grifos-de-ducha-banera","7":"serie-palancia","8":"color-oro-mate-cepillado","10":"first","11":"outofstock","12":"taxable","13":"shipping-taxable","14":"product-type-simple"},"_links":{"self":[{"href":"https:\/\/www.valaz.es\/it\/wp-json\/wp\/v2\/product\/6255","targetHints":{"allow":["GET"]}}],"collection":[{"href":"https:\/\/www.valaz.es\/it\/wp-json\/wp\/v2\/product"}],"about":[{"href":"https:\/\/www.valaz.es\/it\/wp-json\/wp\/v2\/types\/product"}],"wp:featuredmedia":[{"embeddable":true,"href":"https:\/\/www.valaz.es\/it\/wp-json\/wp\/v2\/media\/15385"}],"wp:attachment":[{"href":"https:\/\/www.valaz.es\/it\/wp-json\/wp\/v2\/media?parent=6255"}],"wp:term":[{"taxonomy":"product_brand","embeddable":true,"href":"https:\/\/www.valaz.es\/it\/wp-json\/wp\/v2\/product_brand?post=6255"},{"taxonomy":"product_cat","embeddable":true,"href":"https:\/\/www.valaz.es\/it\/wp-json\/wp\/v2\/product_cat?post=6255"},{"taxonomy":"product_tag","embeddable":true,"href":"https:\/\/www.valaz.es\/it\/wp-json\/wp\/v2\/product_tag?post=6255"},{"taxonomy":"serie","embeddable":true,"href":"https:\/\/www.valaz.es\/it\/wp-json\/wp\/v2\/serie?post=6255"},{"taxonomy":"manual-de-instalacion","embeddable":true,"href":"https:\/\/www.valaz.es\/it\/wp-json\/wp\/v2\/manual-de-instalacion?post=6255"},{"taxonomy":"color","embeddable":true,"href":"https:\/\/www.valaz.es\/it\/wp-json\/wp\/v2\/color?post=6255"}],"curies":[{"name":"wp","href":"https:\/\/api.w.org\/{rel}","templated":true}]}}