{"id":6170,"date":"2023-07-14T13:19:05","date_gmt":"2023-07-14T11:19:05","guid":{"rendered":"https:\/\/www.valaz.es\/?post_type=product&#038;p=6170"},"modified":"2025-11-05T14:54:23","modified_gmt":"2025-11-05T13:54:23","slug":"grifo-de-cocina-cano-en-c-monomando-giratorio-gun-metal-serie-zancara","status":"publish","type":"product","link":"https:\/\/www.valaz.es\/it\/prodotto\/grifo-de-cocina-cano-en-c-monomando-giratorio-gun-metal-serie-zancara\/","title":{"rendered":"Grifo de cocina ca\u00f1o en C monomando giratorio gun metal  &#8211; Serie Zancara"},"content":{"rendered":"<p class=\"\" data-start=\"0\" data-end=\"287\">El grifo de cocina con ca\u00f1o en C monomando giratorio en acabado gun metal de la Serie Zancara combina funcionalidad y estilo moderno. Su dise\u00f1o curvado facilita el acceso al fregadero, mientras que el acabado gun metal le otorga un car\u00e1cter contempor\u00e1neo y sofisticado.<\/p>\n<p class=\"\" data-start=\"289\" data-end=\"311\"><strong data-start=\"289\" data-end=\"309\">Especificaciones<\/strong><\/p>\n<ul data-start=\"312\" data-end=\"554\" data-is-last-node=\"\" data-is-only-node=\"\">\n<li class=\"\" data-start=\"312\" data-end=\"351\">\n<p class=\"\" data-start=\"314\" data-end=\"351\"><strong data-start=\"314\" data-end=\"322\">Tipo<\/strong>: Grifo de cocina monomando<\/p>\n<\/li>\n<li class=\"\" data-start=\"352\" data-end=\"395\">\n<p class=\"\" data-start=\"354\" data-end=\"395\"><strong data-start=\"354\" data-end=\"362\">Ca\u00f1o<\/strong>: En forma de C, giratorio 360\u00b0<\/p>\n<\/li>\n<li class=\"\" data-start=\"396\" data-end=\"444\">\n<p class=\"\" data-start=\"398\" data-end=\"444\"><strong data-start=\"398\" data-end=\"410\">Material<\/strong>: Cuerpo de la grifer\u00eda en lat\u00f3n<\/p>\n<\/li>\n<li class=\"\" data-start=\"445\" data-end=\"482\">\n<p class=\"\" data-start=\"447\" data-end=\"482\"><strong data-start=\"447\" data-end=\"459\">Cartucho<\/strong>: Cer\u00e1mico de \u00f8 35 mm<\/p>\n<\/li>\n<li class=\"\" data-start=\"483\" data-end=\"529\">\n<p class=\"\" data-start=\"485\" data-end=\"529\"><strong data-start=\"485\" data-end=\"499\">Conexiones<\/strong>: Mangueras de conexi\u00f3n 3\/8&#8243;<\/p>\n<\/li>\n<li class=\"\" data-start=\"530\" data-end=\"554\">\n<p class=\"\" data-start=\"532\" data-end=\"554\"><strong data-start=\"532\" data-end=\"543\">Acabado<\/strong>: Gun metal<\/p>\n<\/li>\n<\/ul>\n","protected":false},"excerpt":{"rendered":"<p>El grifo de cocina con ca\u00f1o en C monomando giratorio  [&#8230;]<\/p>\n","protected":false},"featured_media":6154,"template":"","meta":[],"product_brand":[],"product_cat":[50],"product_tag":[],"serie":[337],"manual-de-instalacion":[83],"color":[30],"class_list":{"0":"post-6170","1":"product","2":"type-product","3":"status-publish","4":"has-post-thumbnail","6":"product_cat-grifos-de-cocina","7":"serie-zancara","8":"manual-de-instalacion-guia-instalacion-grifo-superficie","9":"color-gun-metal","11":"first","12":"instock","13":"taxable","14":"shipping-taxable","15":"product-type-simple"},"_links":{"self":[{"href":"https:\/\/www.valaz.es\/it\/wp-json\/wp\/v2\/product\/6170","targetHints":{"allow":["GET"]}}],"collection":[{"href":"https:\/\/www.valaz.es\/it\/wp-json\/wp\/v2\/product"}],"about":[{"href":"https:\/\/www.valaz.es\/it\/wp-json\/wp\/v2\/types\/product"}],"wp:featuredmedia":[{"embeddable":true,"href":"https:\/\/www.valaz.es\/it\/wp-json\/wp\/v2\/media\/6154"}],"wp:attachment":[{"href":"https:\/\/www.valaz.es\/it\/wp-json\/wp\/v2\/media?parent=6170"}],"wp:term":[{"taxonomy":"product_brand","embeddable":true,"href":"https:\/\/www.valaz.es\/it\/wp-json\/wp\/v2\/product_brand?post=6170"},{"taxonomy":"product_cat","embeddable":true,"href":"https:\/\/www.valaz.es\/it\/wp-json\/wp\/v2\/product_cat?post=6170"},{"taxonomy":"product_tag","embeddable":true,"href":"https:\/\/www.valaz.es\/it\/wp-json\/wp\/v2\/product_tag?post=6170"},{"taxonomy":"serie","embeddable":true,"href":"https:\/\/www.valaz.es\/it\/wp-json\/wp\/v2\/serie?post=6170"},{"taxonomy":"manual-de-instalacion","embeddable":true,"href":"https:\/\/www.valaz.es\/it\/wp-json\/wp\/v2\/manual-de-instalacion?post=6170"},{"taxonomy":"color","embeddable":true,"href":"https:\/\/www.valaz.es\/it\/wp-json\/wp\/v2\/color?post=6170"}],"curies":[{"name":"wp","href":"https:\/\/api.w.org\/{rel}","templated":true}]}}