{"id":617,"date":"2022-11-10T11:28:10","date_gmt":"2022-11-10T10:28:10","guid":{"rendered":"https:\/\/www.valaz.es\/?post_type=product&#038;p=617"},"modified":"2025-09-04T15:17:34","modified_gmt":"2025-09-04T13:17:34","slug":"grifo-lavabo-empotrado-redondo-monomando-gun-metal-con-cano-de-15cm-serie-guadiana","status":"publish","type":"product","link":"https:\/\/www.valaz.es\/it\/prodotto\/grifo-lavabo-empotrado-redondo-monomando-gun-metal-con-cano-de-15cm-serie-guadiana\/","title":{"rendered":"Grifo lavabo empotrado redondo monomando gun metal con ca\u00f1o de 15CM &#8211; Serie Guadiana"},"content":{"rendered":"<p class=\"\" data-start=\"94\" data-end=\"427\">Este grifo empotrado redondo monomando de la Serie Guadiana, con un ca\u00f1o de 15 cm y acabado gun metal, es la elecci\u00f3n perfecta para un ba\u00f1o moderno y elegante. Su dise\u00f1o minimalista y su robusto acabado en gun metal lo convierten en una opci\u00f3n sofisticada para quienes buscan calidad y estilo en el grifo de lavabo.<\/p>\n<p class=\"\" data-start=\"429\" data-end=\"451\"><strong data-start=\"429\" data-end=\"449\">Especificaciones<\/strong><\/p>\n<ul data-start=\"452\" data-end=\"698\">\n<li class=\"\" data-start=\"452\" data-end=\"494\">\n<p class=\"\" data-start=\"454\" data-end=\"494\"><strong data-start=\"454\" data-end=\"472\">Tipo de grifo:<\/strong> Empotrado monomando<\/p>\n<\/li>\n<li class=\"\" data-start=\"495\" data-end=\"531\">\n<p class=\"\" data-start=\"497\" data-end=\"531\"><strong data-start=\"497\" data-end=\"508\">Dise\u00f1o:<\/strong> Redondo, para lavabo<\/p>\n<\/li>\n<li class=\"\" data-start=\"532\" data-end=\"551\">\n<p class=\"\" data-start=\"534\" data-end=\"551\"><strong data-start=\"534\" data-end=\"543\">Ca\u00f1o:<\/strong> 15 cm<\/p>\n<\/li>\n<li class=\"\" data-start=\"552\" data-end=\"648\">\n<p class=\"\" data-start=\"554\" data-end=\"571\"><strong data-start=\"554\" data-end=\"569\">Materiales:<\/strong><\/p>\n<ul data-start=\"574\" data-end=\"648\">\n<li class=\"\" data-start=\"574\" data-end=\"608\">\n<p class=\"\" data-start=\"576\" data-end=\"608\">Cuerpo de la grifer\u00eda en lat\u00f3n<\/p>\n<\/li>\n<li class=\"\" data-start=\"611\" data-end=\"648\">\n<p class=\"\" data-start=\"613\" data-end=\"648\">Cartucho cer\u00e1mico de alta calidad<\/p>\n<\/li>\n<\/ul>\n<\/li>\n<li class=\"\" data-start=\"649\" data-end=\"675\">\n<p class=\"\" data-start=\"651\" data-end=\"675\"><strong data-start=\"651\" data-end=\"663\">Acabado:<\/strong> Gun metal<\/p>\n<\/li>\n<li class=\"\" data-start=\"676\" data-end=\"698\">\n<p class=\"\" data-start=\"678\" data-end=\"698\"><strong data-start=\"678\" data-end=\"691\">Conexi\u00f3n:<\/strong> G1\/2<\/p>\n<\/li>\n<\/ul>\n","protected":false},"excerpt":{"rendered":"<p>Serie Guadiana con l\u00edneas curvas y redondas, destacada por su sencillez y elegancia, una de nuestras series m\u00e1s minimalista y moderna. Disponemos de ducha empotrada tanto a pared como a techo, grifo de lavabo empotrado, grifo de bid\u00e9 empotrado. Es una de las series m\u00e1s completas en cuanto a productos con la mejor relaci\u00f3n calidad precio y unos acabados en cromado, dorado cepillado, negro mate, acero cepillado, Gun metal, dorado envejecido, blanco.<\/p>\n<p>La garant\u00eda de todos nuestros productos es de 3 a\u00f1os, para funcionamiento, duraci\u00f3n del esmaltado y anticorrosi\u00f3n.<\/p>\n<p>Recomendamos para un correcto mantenimiento de la grifer\u00eda y evitar el deterioro por el uso. Secar las gotas de agua con un pa\u00f1o suave despu\u00e9s del uso, evitando que se posen en la superficie y deterioran el acabado, no utilizar esponjas que puedan rayar la grifer\u00eda, utilizar limpiadores como vinagre limpieza, agua caliente y jab\u00f3n con pH neutro.<\/p>\n<p>&nbsp;<\/p>\n<p><strong>Nuestro departamento\u00a0t\u00e9cnico\u00a0dispone de\u00a0gu\u00edas\u00a0de todos los\u00a0modelos\u00a0empotrados\u00a0que vendemos<\/strong><strong>,\u00a0si tiene alguna duda con la\u00a0instalaci\u00f3n\u00a0contacte con nosotros mediante\u00a0tel\u00e9fono,\u00a0WhatsApp\u00a0o email dentro del horario laboral indicado en la web.<\/strong><\/p>\n<p><strong>Recuerden que una vez instalado el cuerpo\u00a0empotrado\u00a0de la\u00a0grifer\u00eda\u00a0revisar de su correcto funcionamiento de paso de agua, comprobaci\u00f3n de cartuchos y corte de agua, si detecta alguna\u00a0anomal\u00eda\u00a0informe a nuestro\u00a0departamento\u00a0para darle una\u00a0soluci\u00f3n, no\u00a0contin\u00fae\u00a0con la\u00a0instalaci\u00f3n\u00a0de cerramiento de la pared.<\/strong><\/p>\n","protected":false},"featured_media":4470,"template":"","meta":[],"product_brand":[],"product_cat":[58],"product_tag":[],"serie":[63],"manual-de-instalacion":[81],"color":[30],"class_list":{"0":"post-617","1":"product","2":"type-product","3":"status-publish","4":"has-post-thumbnail","6":"product_cat-grifos-de-lavabo-empotrados","7":"serie-guadiana","8":"manual-de-instalacion-guia-instalacion-grifo-lavabo-empotrado-sin-caja","9":"color-gun-metal","11":"first","12":"instock","13":"taxable","14":"shipping-taxable","15":"product-type-simple"},"_links":{"self":[{"href":"https:\/\/www.valaz.es\/it\/wp-json\/wp\/v2\/product\/617","targetHints":{"allow":["GET"]}}],"collection":[{"href":"https:\/\/www.valaz.es\/it\/wp-json\/wp\/v2\/product"}],"about":[{"href":"https:\/\/www.valaz.es\/it\/wp-json\/wp\/v2\/types\/product"}],"wp:featuredmedia":[{"embeddable":true,"href":"https:\/\/www.valaz.es\/it\/wp-json\/wp\/v2\/media\/4470"}],"wp:attachment":[{"href":"https:\/\/www.valaz.es\/it\/wp-json\/wp\/v2\/media?parent=617"}],"wp:term":[{"taxonomy":"product_brand","embeddable":true,"href":"https:\/\/www.valaz.es\/it\/wp-json\/wp\/v2\/product_brand?post=617"},{"taxonomy":"product_cat","embeddable":true,"href":"https:\/\/www.valaz.es\/it\/wp-json\/wp\/v2\/product_cat?post=617"},{"taxonomy":"product_tag","embeddable":true,"href":"https:\/\/www.valaz.es\/it\/wp-json\/wp\/v2\/product_tag?post=617"},{"taxonomy":"serie","embeddable":true,"href":"https:\/\/www.valaz.es\/it\/wp-json\/wp\/v2\/serie?post=617"},{"taxonomy":"manual-de-instalacion","embeddable":true,"href":"https:\/\/www.valaz.es\/it\/wp-json\/wp\/v2\/manual-de-instalacion?post=617"},{"taxonomy":"color","embeddable":true,"href":"https:\/\/www.valaz.es\/it\/wp-json\/wp\/v2\/color?post=617"}],"curies":[{"name":"wp","href":"https:\/\/api.w.org\/{rel}","templated":true}]}}