{"id":6168,"date":"2023-07-14T13:11:37","date_gmt":"2023-07-14T11:11:37","guid":{"rendered":"https:\/\/www.valaz.es\/?post_type=product&#038;p=6168"},"modified":"2026-04-15T09:36:38","modified_gmt":"2026-04-15T07:36:38","slug":"grifo-de-cocina-cano-en-c-monomando-giratorio-blanco-serie-zancara","status":"publish","type":"product","link":"https:\/\/www.valaz.es\/it\/prodotto\/grifo-de-cocina-cano-en-c-monomando-giratorio-blanco-serie-zancara\/","title":{"rendered":"Grifo de cocina ca\u00f1o en C monomando giratorio blanco &#8211; Serie Zancara"},"content":{"rendered":"<p class=\"\" data-start=\"0\" data-end=\"284\">El grifo de cocina con ca\u00f1o en C monomando giratorio en color blanco de la Serie Zancara destaca por su dise\u00f1o elegante y funcional. Su acabado blanco aporta luminosidad y limpieza visual a cualquier cocina, mientras que el ca\u00f1o en forma de C facilita el uso diario.<\/p>\n<p class=\"\" data-start=\"286\" data-end=\"308\"><strong data-start=\"286\" data-end=\"306\">Especificaciones<\/strong><\/p>\n<ul data-start=\"309\" data-end=\"548\" data-is-last-node=\"\" data-is-only-node=\"\">\n<li class=\"\" data-start=\"309\" data-end=\"348\">\n<p class=\"\" data-start=\"311\" data-end=\"348\"><strong data-start=\"311\" data-end=\"319\">Tipo<\/strong>: Grifo de cocina monomando<\/p>\n<\/li>\n<li class=\"\" data-start=\"349\" data-end=\"392\">\n<p class=\"\" data-start=\"351\" data-end=\"392\"><strong data-start=\"351\" data-end=\"359\">Ca\u00f1o<\/strong>: En forma de C, giratorio 360\u00b0<\/p>\n<\/li>\n<li class=\"\" data-start=\"393\" data-end=\"441\">\n<p class=\"\" data-start=\"395\" data-end=\"441\"><strong data-start=\"395\" data-end=\"407\">Material<\/strong>: Cuerpo de la grifer\u00eda en lat\u00f3n<\/p>\n<\/li>\n<li class=\"\" data-start=\"442\" data-end=\"479\">\n<p class=\"\" data-start=\"444\" data-end=\"479\"><strong data-start=\"444\" data-end=\"456\">Cartucho<\/strong>: Cer\u00e1mico de \u00f8 35 mm<\/p>\n<\/li>\n<li class=\"\" data-start=\"480\" data-end=\"526\">\n<p class=\"\" data-start=\"482\" data-end=\"526\"><strong data-start=\"482\" data-end=\"496\">Conexiones<\/strong>: Mangueras de conexi\u00f3n 3\/8&#8243;<\/p>\n<\/li>\n<li class=\"\" data-start=\"527\" data-end=\"548\">\n<p class=\"\" data-start=\"529\" data-end=\"548\"><strong data-start=\"529\" data-end=\"540\">Acabado<\/strong>: Blanco<\/p>\n<\/li>\n<\/ul>\n","protected":false},"excerpt":{"rendered":"<p>El grifo de cocina con ca\u00f1o en C monomando giratorio  [&#8230;]<\/p>\n","protected":false},"featured_media":6146,"template":"","meta":[],"product_brand":[],"product_cat":[50],"product_tag":[],"serie":[337],"manual-de-instalacion":[83],"color":[64],"class_list":{"0":"post-6168","1":"product","2":"type-product","3":"status-publish","4":"has-post-thumbnail","6":"product_cat-grifos-de-cocina","7":"serie-zancara","8":"manual-de-instalacion-guia-instalacion-grifo-superficie","9":"color-blanco","11":"first","12":"instock","13":"taxable","14":"shipping-taxable","15":"product-type-simple"},"_links":{"self":[{"href":"https:\/\/www.valaz.es\/it\/wp-json\/wp\/v2\/product\/6168","targetHints":{"allow":["GET"]}}],"collection":[{"href":"https:\/\/www.valaz.es\/it\/wp-json\/wp\/v2\/product"}],"about":[{"href":"https:\/\/www.valaz.es\/it\/wp-json\/wp\/v2\/types\/product"}],"wp:featuredmedia":[{"embeddable":true,"href":"https:\/\/www.valaz.es\/it\/wp-json\/wp\/v2\/media\/6146"}],"wp:attachment":[{"href":"https:\/\/www.valaz.es\/it\/wp-json\/wp\/v2\/media?parent=6168"}],"wp:term":[{"taxonomy":"product_brand","embeddable":true,"href":"https:\/\/www.valaz.es\/it\/wp-json\/wp\/v2\/product_brand?post=6168"},{"taxonomy":"product_cat","embeddable":true,"href":"https:\/\/www.valaz.es\/it\/wp-json\/wp\/v2\/product_cat?post=6168"},{"taxonomy":"product_tag","embeddable":true,"href":"https:\/\/www.valaz.es\/it\/wp-json\/wp\/v2\/product_tag?post=6168"},{"taxonomy":"serie","embeddable":true,"href":"https:\/\/www.valaz.es\/it\/wp-json\/wp\/v2\/serie?post=6168"},{"taxonomy":"manual-de-instalacion","embeddable":true,"href":"https:\/\/www.valaz.es\/it\/wp-json\/wp\/v2\/manual-de-instalacion?post=6168"},{"taxonomy":"color","embeddable":true,"href":"https:\/\/www.valaz.es\/it\/wp-json\/wp\/v2\/color?post=6168"}],"curies":[{"name":"wp","href":"https:\/\/api.w.org\/{rel}","templated":true}]}}