{"id":612,"date":"2022-11-10T11:18:36","date_gmt":"2022-11-10T10:18:36","guid":{"rendered":"https:\/\/www.valaz.es\/?post_type=product&#038;p=612"},"modified":"2026-04-13T21:14:21","modified_gmt":"2026-04-13T19:14:21","slug":"grifo-lavabo-empotrado-redondo-monomando-acero-cepillado-con-cano-de-15cm-serie-guadiana","status":"publish","type":"product","link":"https:\/\/www.valaz.es\/it\/prodotto\/grifo-lavabo-empotrado-redondo-monomando-acero-cepillado-con-cano-de-15cm-serie-guadiana\/","title":{"rendered":"Grifo lavabo empotrado redondo monomando acero cepillado con ca\u00f1o de 15CM &#8211; Serie Guadiana"},"content":{"rendered":"<p class=\"\" data-start=\"100\" data-end=\"443\">Este grifo empotrado redondo monomando con ca\u00f1o de 15 cm de la Serie Guadiana es perfecto para quienes buscan un dise\u00f1o elegante y funcional para su lavabo. Su acabado en acero cepillado y su estructura compacta lo hacen ideal para ambientes modernos y de estilo minimalista, a\u00f1adiendo un toque de sofisticaci\u00f3n a tu espacio.<\/p>\n<p class=\"\" data-start=\"445\" data-end=\"467\"><strong data-start=\"445\" data-end=\"465\">Especificaciones<\/strong><\/p>\n<ul data-start=\"468\" data-end=\"713\">\n<li class=\"\" data-start=\"468\" data-end=\"510\">\n<p class=\"\" data-start=\"470\" data-end=\"510\"><strong data-start=\"470\" data-end=\"488\">Tipo de grifo:<\/strong> Empotrado monomando<\/p>\n<\/li>\n<li class=\"\" data-start=\"511\" data-end=\"547\">\n<p class=\"\" data-start=\"513\" data-end=\"547\"><strong data-start=\"513\" data-end=\"524\">Dise\u00f1o:<\/strong> Redondo, para lavabo<\/p>\n<\/li>\n<li class=\"\" data-start=\"548\" data-end=\"567\">\n<p class=\"\" data-start=\"550\" data-end=\"567\"><strong data-start=\"550\" data-end=\"559\">Ca\u00f1o:<\/strong> 15 cm<\/p>\n<\/li>\n<li class=\"\" data-start=\"568\" data-end=\"657\">\n<p class=\"\" data-start=\"570\" data-end=\"587\"><strong data-start=\"570\" data-end=\"585\">Materiales:<\/strong><\/p>\n<ul data-start=\"590\" data-end=\"657\">\n<li class=\"\" data-start=\"590\" data-end=\"624\">\n<p class=\"\" data-start=\"592\" data-end=\"624\">Cuerpo de la grifer\u00eda en lat\u00f3n<\/p>\n<\/li>\n<li class=\"\" data-start=\"627\" data-end=\"657\">\n<p class=\"\" data-start=\"629\" data-end=\"657\">Cartucho cer\u00e1mico de 35 mm<\/p>\n<\/li>\n<\/ul>\n<\/li>\n<li class=\"\" data-start=\"658\" data-end=\"690\">\n<p class=\"\" data-start=\"660\" data-end=\"690\"><strong data-start=\"660\" data-end=\"672\">Acabado:<\/strong> Acero cepillado<\/p>\n<\/li>\n<li class=\"\" data-start=\"691\" data-end=\"713\">\n<p class=\"\" data-start=\"693\" data-end=\"713\"><strong data-start=\"693\" data-end=\"706\">Conexi\u00f3n:<\/strong> G1\/2<\/p>\n<\/li>\n<\/ul>\n","protected":false},"excerpt":{"rendered":"<p>Serie Guadiana con l\u00edneas curvas y redondas, destacada por su sencillez y elegancia, una de nuestras series m\u00e1s minimalista y moderna. Disponemos de ducha empotrada tanto a pared como a techo, grifo de lavabo empotrado, grifo de bid\u00e9 empotrado. Es una de las series m\u00e1s completas en cuanto a productos con la mejor relaci\u00f3n calidad precio y unos acabados en cromado, dorado cepillado, negro mate, acero cepillado, Gun metal, dorado envejecido, blanco.<\/p>\n<p>La garant\u00eda de todos nuestros productos es de 3 a\u00f1os, para funcionamiento, duraci\u00f3n del esmaltado y anticorrosi\u00f3n.<\/p>\n<p>Recomendamos para un correcto mantenimiento de la grifer\u00eda y evitar el deterioro por el uso. Secar las gotas de agua con un pa\u00f1o suave despu\u00e9s del uso, evitando que se posen en la superficie y deterioran el acabado, no utilizar esponjas que puedan rayar la grifer\u00eda, utilizar limpiadores como vinagre limpieza, agua caliente y jab\u00f3n con pH neutro.<\/p>\n<p>&nbsp;<\/p>\n<p><strong>Nuestro departamento\u00a0t\u00e9cnico\u00a0dispone de\u00a0gu\u00edas\u00a0de todos los\u00a0modelos\u00a0empotrados\u00a0que vendemos<\/strong><strong>,\u00a0si tiene alguna duda con la\u00a0instalaci\u00f3n\u00a0contacte con nosotros mediante\u00a0tel\u00e9fono,\u00a0WhatsApp\u00a0o email dentro del horario laboral indicado en la web.<\/strong><\/p>\n<p><strong>Recuerden que una vez instalado el cuerpo\u00a0empotrado\u00a0de la\u00a0grifer\u00eda\u00a0revisar de su correcto funcionamiento de paso de agua, comprobaci\u00f3n de cartuchos y corte de agua, si detecta alguna\u00a0anomal\u00eda\u00a0informe a nuestro\u00a0departamento\u00a0para darle una\u00a0soluci\u00f3n, no\u00a0contin\u00fae\u00a0con la\u00a0instalaci\u00f3n\u00a0de cerramiento de la pared.<\/strong><\/p>\n","protected":false},"featured_media":638,"template":"","meta":[],"product_brand":[],"product_cat":[58],"product_tag":[],"serie":[63],"manual-de-instalacion":[81],"color":[28],"class_list":{"0":"post-612","1":"product","2":"type-product","3":"status-publish","4":"has-post-thumbnail","6":"product_cat-grifos-de-lavabo-empotrados","7":"serie-guadiana","8":"manual-de-instalacion-guia-instalacion-grifo-lavabo-empotrado-sin-caja","9":"color-acero-cepillado","11":"first","12":"instock","13":"taxable","14":"shipping-taxable","15":"product-type-simple"},"_links":{"self":[{"href":"https:\/\/www.valaz.es\/it\/wp-json\/wp\/v2\/product\/612","targetHints":{"allow":["GET"]}}],"collection":[{"href":"https:\/\/www.valaz.es\/it\/wp-json\/wp\/v2\/product"}],"about":[{"href":"https:\/\/www.valaz.es\/it\/wp-json\/wp\/v2\/types\/product"}],"wp:featuredmedia":[{"embeddable":true,"href":"https:\/\/www.valaz.es\/it\/wp-json\/wp\/v2\/media\/638"}],"wp:attachment":[{"href":"https:\/\/www.valaz.es\/it\/wp-json\/wp\/v2\/media?parent=612"}],"wp:term":[{"taxonomy":"product_brand","embeddable":true,"href":"https:\/\/www.valaz.es\/it\/wp-json\/wp\/v2\/product_brand?post=612"},{"taxonomy":"product_cat","embeddable":true,"href":"https:\/\/www.valaz.es\/it\/wp-json\/wp\/v2\/product_cat?post=612"},{"taxonomy":"product_tag","embeddable":true,"href":"https:\/\/www.valaz.es\/it\/wp-json\/wp\/v2\/product_tag?post=612"},{"taxonomy":"serie","embeddable":true,"href":"https:\/\/www.valaz.es\/it\/wp-json\/wp\/v2\/serie?post=612"},{"taxonomy":"manual-de-instalacion","embeddable":true,"href":"https:\/\/www.valaz.es\/it\/wp-json\/wp\/v2\/manual-de-instalacion?post=612"},{"taxonomy":"color","embeddable":true,"href":"https:\/\/www.valaz.es\/it\/wp-json\/wp\/v2\/color?post=612"}],"curies":[{"name":"wp","href":"https:\/\/api.w.org\/{rel}","templated":true}]}}