{"id":608,"date":"2022-11-10T11:12:37","date_gmt":"2022-11-10T10:12:37","guid":{"rendered":"https:\/\/www.valaz.es\/?post_type=product&#038;p=608"},"modified":"2025-09-04T16:27:52","modified_gmt":"2025-09-04T14:27:52","slug":"grifo-lavabo-empotrado-redondo-monomando-negro-mate-con-cano-de-26cm-serie-guadiana","status":"publish","type":"product","link":"https:\/\/www.valaz.es\/it\/prodotto\/grifo-lavabo-empotrado-redondo-monomando-negro-mate-con-cano-de-26cm-serie-guadiana\/","title":{"rendered":"Grifo lavabo empotrado redondo monomando negro mate con ca\u00f1o de 26CM &#8211; Serie Guadiana"},"content":{"rendered":"<p class=\"\" data-start=\"95\" data-end=\"457\">Este grifo empotrado redondo monomando con ca\u00f1o de 26 cm en acabado negro mate de la Serie Guadiana combina dise\u00f1o moderno y funcionalidad. Ideal para ba\u00f1os de estilo minimalista o industrial, su acabado mate y su ca\u00f1o de tama\u00f1o largo proporcionan una est\u00e9tica sofisticada y de alta gama, manteniendo la comodidad y eficiencia en el uso diario.<\/p>\n<p class=\"\" data-start=\"459\" data-end=\"481\"><strong data-start=\"459\" data-end=\"479\">Especificaciones<\/strong><\/p>\n<ul data-start=\"482\" data-end=\"722\">\n<li class=\"\" data-start=\"482\" data-end=\"524\">\n<p class=\"\" data-start=\"484\" data-end=\"524\"><strong data-start=\"484\" data-end=\"502\">Tipo de grifo:<\/strong> Empotrado monomando<\/p>\n<\/li>\n<li class=\"\" data-start=\"525\" data-end=\"561\">\n<p class=\"\" data-start=\"527\" data-end=\"561\"><strong data-start=\"527\" data-end=\"538\">Dise\u00f1o:<\/strong> Redondo, para lavabo<\/p>\n<\/li>\n<li class=\"\" data-start=\"562\" data-end=\"581\">\n<p class=\"\" data-start=\"564\" data-end=\"581\"><strong data-start=\"564\" data-end=\"573\">Ca\u00f1o:<\/strong> 26 cm<\/p>\n<\/li>\n<li class=\"\" data-start=\"582\" data-end=\"671\">\n<p class=\"\" data-start=\"584\" data-end=\"601\"><strong data-start=\"584\" data-end=\"599\">Materiales:<\/strong><\/p>\n<ul data-start=\"604\" data-end=\"671\">\n<li class=\"\" data-start=\"604\" data-end=\"638\">\n<p class=\"\" data-start=\"606\" data-end=\"638\">Cuerpo de la grifer\u00eda en lat\u00f3n<\/p>\n<\/li>\n<li class=\"\" data-start=\"641\" data-end=\"671\">\n<p class=\"\" data-start=\"643\" data-end=\"671\">Cartucho cer\u00e1mico de 35 mm<\/p>\n<\/li>\n<\/ul>\n<\/li>\n<li class=\"\" data-start=\"672\" data-end=\"699\">\n<p class=\"\" data-start=\"674\" data-end=\"699\"><strong data-start=\"674\" data-end=\"686\">Acabado:<\/strong> Negro mate<\/p>\n<\/li>\n<li class=\"\" data-start=\"700\" data-end=\"722\">\n<p class=\"\" data-start=\"702\" data-end=\"722\"><strong data-start=\"702\" data-end=\"715\">Conexi\u00f3n:<\/strong> G1\/2<\/p>\n<\/li>\n<\/ul>\n<p class=\"\" data-start=\"724\" data-end=\"1025\"><strong data-start=\"724\" data-end=\"738\">Funciones:<\/strong><br data-start=\"738\" data-end=\"741\" \/>Este grifo ofrece un control preciso del flujo de agua, gracias a su cartucho cer\u00e1mico de alta calidad. El ca\u00f1o de 26 cm proporciona una c\u00f3moda distancia para el uso diario y se integra perfectamente en cualquier lavabo o encimera, complementando la est\u00e9tica de un ba\u00f1o contempor\u00e1neo.<\/p>\n","protected":false},"excerpt":{"rendered":"<p>Serie Guadiana con l\u00edneas curvas y redondas, destacada por su sencillez y elegancia, una de nuestras series m\u00e1s minimalista y moderna. Disponemos de ducha empotrada tanto a pared como a techo, grifo de lavabo empotrado, grifo de bid\u00e9 empotrado. Es una de las series m\u00e1s completas en cuanto a productos con la mejor relaci\u00f3n calidad precio y unos acabados en cromado, dorado cepillado, negro mate, acero cepillado, Gun metal, dorado envejecido, blanco.<\/p>\n<p>La garant\u00eda de todos nuestros productos es de 3 a\u00f1os, para funcionamiento, duraci\u00f3n del esmaltado y anticorrosi\u00f3n.<\/p>\n<p>Recomendamos para un correcto mantenimiento de la grifer\u00eda y evitar el deterioro por el uso. Secar las gotas de agua con un pa\u00f1o suave despu\u00e9s del uso, evitando que se posen en la superficie y deterioran el acabado, no utilizar esponjas que puedan rayar la grifer\u00eda, utilizar limpiadores como vinagre limpieza, agua caliente y jab\u00f3n con pH neutro.<\/p>\n<p>&nbsp;<\/p>\n<p><strong>Nuestro departamento\u00a0t\u00e9cnico\u00a0dispone de\u00a0gu\u00edas\u00a0de todos los\u00a0modelos\u00a0empotrados\u00a0que vendemos<\/strong><strong>,\u00a0si tiene alguna duda con la\u00a0instalaci\u00f3n\u00a0contacte con nosotros mediante\u00a0tel\u00e9fono,\u00a0WhatsApp\u00a0o email dentro del horario laboral indicado en la web.<\/strong><\/p>\n<p><strong>Recuerden que una vez instalado el cuerpo\u00a0empotrado\u00a0de la\u00a0grifer\u00eda\u00a0revisar de su correcto funcionamiento de paso de agua, comprobaci\u00f3n de cartuchos y corte de agua, si detecta alguna\u00a0anomal\u00eda\u00a0informe a nuestro\u00a0departamento\u00a0para darle una\u00a0soluci\u00f3n, no\u00a0contin\u00fae\u00a0con la\u00a0instalaci\u00f3n\u00a0de cerramiento de la pared.<\/strong><\/p>\n","protected":false},"featured_media":610,"template":"","meta":[],"product_brand":[],"product_cat":[48,58],"product_tag":[],"serie":[63],"manual-de-instalacion":[81],"color":[27],"class_list":{"0":"post-608","1":"product","2":"type-product","3":"status-publish","4":"has-post-thumbnail","6":"product_cat-grifos-de-lavabo","7":"product_cat-grifos-de-lavabo-empotrados","8":"serie-guadiana","9":"manual-de-instalacion-guia-instalacion-grifo-lavabo-empotrado-sin-caja","10":"color-negro-mate","12":"first","13":"instock","14":"taxable","15":"shipping-taxable","16":"product-type-simple"},"_links":{"self":[{"href":"https:\/\/www.valaz.es\/it\/wp-json\/wp\/v2\/product\/608","targetHints":{"allow":["GET"]}}],"collection":[{"href":"https:\/\/www.valaz.es\/it\/wp-json\/wp\/v2\/product"}],"about":[{"href":"https:\/\/www.valaz.es\/it\/wp-json\/wp\/v2\/types\/product"}],"wp:featuredmedia":[{"embeddable":true,"href":"https:\/\/www.valaz.es\/it\/wp-json\/wp\/v2\/media\/610"}],"wp:attachment":[{"href":"https:\/\/www.valaz.es\/it\/wp-json\/wp\/v2\/media?parent=608"}],"wp:term":[{"taxonomy":"product_brand","embeddable":true,"href":"https:\/\/www.valaz.es\/it\/wp-json\/wp\/v2\/product_brand?post=608"},{"taxonomy":"product_cat","embeddable":true,"href":"https:\/\/www.valaz.es\/it\/wp-json\/wp\/v2\/product_cat?post=608"},{"taxonomy":"product_tag","embeddable":true,"href":"https:\/\/www.valaz.es\/it\/wp-json\/wp\/v2\/product_tag?post=608"},{"taxonomy":"serie","embeddable":true,"href":"https:\/\/www.valaz.es\/it\/wp-json\/wp\/v2\/serie?post=608"},{"taxonomy":"manual-de-instalacion","embeddable":true,"href":"https:\/\/www.valaz.es\/it\/wp-json\/wp\/v2\/manual-de-instalacion?post=608"},{"taxonomy":"color","embeddable":true,"href":"https:\/\/www.valaz.es\/it\/wp-json\/wp\/v2\/color?post=608"}],"curies":[{"name":"wp","href":"https:\/\/api.w.org\/{rel}","templated":true}]}}