{"id":6003,"date":"2023-06-28T14:28:26","date_gmt":"2023-06-28T12:28:26","guid":{"rendered":"https:\/\/www.valaz.es\/?post_type=product&#038;p=6003"},"modified":"2025-04-09T08:26:48","modified_gmt":"2025-04-09T06:26:48","slug":"grifo-de-cocina-monomando-cromado-serie-misuri","status":"publish","type":"product","link":"https:\/\/www.valaz.es\/it\/prodotto\/grifo-de-cocina-monomando-cromado-serie-misuri\/","title":{"rendered":"Grifo de cocina monomando cromado &#8211; Serie Misuri"},"content":{"rendered":"<p class=\"\" data-start=\"54\" data-end=\"264\">Grifo de cocina con dise\u00f1o funcional y elegante en acabado cromado, ideal para cocinas modernas y pr\u00e1cticas. Su ca\u00f1o giratorio ofrece total comodidad para el uso diario, tanto en fregaderos simples como dobles.<\/p>\n<p class=\"\" data-start=\"266\" data-end=\"288\"><strong data-start=\"266\" data-end=\"286\">Especificaciones<\/strong><\/p>\n<ul data-start=\"289\" data-end=\"491\">\n<li class=\"\" data-start=\"289\" data-end=\"321\">\n<p class=\"\" data-start=\"291\" data-end=\"321\"><strong data-start=\"291\" data-end=\"308\">Tipo de grifo<\/strong>: Monomando<\/p>\n<\/li>\n<li class=\"\" data-start=\"322\" data-end=\"346\">\n<p class=\"\" data-start=\"324\" data-end=\"346\"><strong data-start=\"324\" data-end=\"335\">Acabado<\/strong>: Cromado<\/p>\n<\/li>\n<li class=\"\" data-start=\"347\" data-end=\"380\">\n<p class=\"\" data-start=\"349\" data-end=\"380\"><strong data-start=\"349\" data-end=\"361\">Material<\/strong>: Cuerpo de lat\u00f3n<\/p>\n<\/li>\n<li class=\"\" data-start=\"381\" data-end=\"418\">\n<p class=\"\" data-start=\"383\" data-end=\"418\"><strong data-start=\"383\" data-end=\"395\">Cartucho<\/strong>: Cer\u00e1mico de \u00d8 35 mm<\/p>\n<\/li>\n<li class=\"\" data-start=\"419\" data-end=\"447\">\n<p class=\"\" data-start=\"421\" data-end=\"447\"><strong data-start=\"421\" data-end=\"429\">Ca\u00f1o<\/strong>: Giratorio 360\u00b0<\/p>\n<\/li>\n<li class=\"\" data-start=\"448\" data-end=\"491\">\n<p class=\"\" data-start=\"450\" data-end=\"491\"><strong data-start=\"450\" data-end=\"464\">Conexiones<\/strong>: 2 latiguillos incluidos<\/p>\n<\/li>\n<\/ul>\n","protected":false},"excerpt":{"rendered":"<p>Grifo de cocina con dise\u00f1o funcional y elegante en acabado  [&#8230;]<\/p>\n","protected":false},"featured_media":6004,"template":"","meta":[],"product_brand":[],"product_cat":[50],"product_tag":[],"serie":[335],"manual-de-instalacion":[83],"color":[26],"class_list":{"0":"post-6003","1":"product","2":"type-product","3":"status-publish","4":"has-post-thumbnail","6":"product_cat-grifos-de-cocina","7":"serie-misuri","8":"manual-de-instalacion-guia-instalacion-grifo-superficie","9":"color-cromo","11":"first","12":"instock","13":"taxable","14":"shipping-taxable","15":"product-type-simple"},"_links":{"self":[{"href":"https:\/\/www.valaz.es\/it\/wp-json\/wp\/v2\/product\/6003","targetHints":{"allow":["GET"]}}],"collection":[{"href":"https:\/\/www.valaz.es\/it\/wp-json\/wp\/v2\/product"}],"about":[{"href":"https:\/\/www.valaz.es\/it\/wp-json\/wp\/v2\/types\/product"}],"wp:featuredmedia":[{"embeddable":true,"href":"https:\/\/www.valaz.es\/it\/wp-json\/wp\/v2\/media\/6004"}],"wp:attachment":[{"href":"https:\/\/www.valaz.es\/it\/wp-json\/wp\/v2\/media?parent=6003"}],"wp:term":[{"taxonomy":"product_brand","embeddable":true,"href":"https:\/\/www.valaz.es\/it\/wp-json\/wp\/v2\/product_brand?post=6003"},{"taxonomy":"product_cat","embeddable":true,"href":"https:\/\/www.valaz.es\/it\/wp-json\/wp\/v2\/product_cat?post=6003"},{"taxonomy":"product_tag","embeddable":true,"href":"https:\/\/www.valaz.es\/it\/wp-json\/wp\/v2\/product_tag?post=6003"},{"taxonomy":"serie","embeddable":true,"href":"https:\/\/www.valaz.es\/it\/wp-json\/wp\/v2\/serie?post=6003"},{"taxonomy":"manual-de-instalacion","embeddable":true,"href":"https:\/\/www.valaz.es\/it\/wp-json\/wp\/v2\/manual-de-instalacion?post=6003"},{"taxonomy":"color","embeddable":true,"href":"https:\/\/www.valaz.es\/it\/wp-json\/wp\/v2\/color?post=6003"}],"curies":[{"name":"wp","href":"https:\/\/api.w.org\/{rel}","templated":true}]}}