{"id":5996,"date":"2023-06-28T14:08:34","date_gmt":"2023-06-28T12:08:34","guid":{"rendered":"https:\/\/www.valaz.es\/?post_type=product&#038;p=5996"},"modified":"2025-08-03T09:54:16","modified_gmt":"2025-08-03T07:54:16","slug":"grifo-de-cocina-monomando-oro-rosa-serie-misuri","status":"publish","type":"product","link":"https:\/\/www.valaz.es\/it\/prodotto\/grifo-de-cocina-monomando-oro-rosa-serie-misuri\/","title":{"rendered":"Grifo de cocina monomando oro rosa  &#8211; Serie Misuri"},"content":{"rendered":"<p class=\"\" data-start=\"55\" data-end=\"326\">Grifo de cocina con un atractivo acabado en oro rosa, ideal para quienes desean aportar un toque sofisticado y moderno al espacio. Su dise\u00f1o monomando facilita el control del caudal y la temperatura, mientras que el ca\u00f1o giratorio lo hace muy pr\u00e1ctico para el uso diario.<\/p>\n<p class=\"\" data-start=\"328\" data-end=\"350\"><strong data-start=\"328\" data-end=\"348\">Especificaciones<\/strong><\/p>\n<ul data-start=\"351\" data-end=\"569\">\n<li class=\"\" data-start=\"351\" data-end=\"383\">\n<p class=\"\" data-start=\"353\" data-end=\"383\"><strong data-start=\"353\" data-end=\"370\">Tipo de grifo<\/strong>: Monomando<\/p>\n<\/li>\n<li class=\"\" data-start=\"384\" data-end=\"409\">\n<p class=\"\" data-start=\"386\" data-end=\"409\"><strong data-start=\"386\" data-end=\"397\">Acabado<\/strong>: Oro rosa<\/p>\n<\/li>\n<li class=\"\" data-start=\"410\" data-end=\"458\">\n<p class=\"\" data-start=\"412\" data-end=\"458\"><strong data-start=\"412\" data-end=\"424\">Material<\/strong>: Cuerpo de la grifer\u00eda en lat\u00f3n<\/p>\n<\/li>\n<li class=\"\" data-start=\"459\" data-end=\"496\">\n<p class=\"\" data-start=\"461\" data-end=\"496\"><strong data-start=\"461\" data-end=\"473\">Cartucho<\/strong>: Cer\u00e1mico de \u00d8 35 mm<\/p>\n<\/li>\n<li class=\"\" data-start=\"497\" data-end=\"525\">\n<p class=\"\" data-start=\"499\" data-end=\"525\"><strong data-start=\"499\" data-end=\"507\">Ca\u00f1o<\/strong>: Giratorio 360\u00b0<\/p>\n<\/li>\n<li class=\"\" data-start=\"526\" data-end=\"569\">\n<p class=\"\" data-start=\"528\" data-end=\"569\"><strong data-start=\"528\" data-end=\"542\">Conexiones<\/strong>: 2 latiguillos incluidos<\/p>\n<\/li>\n<\/ul>\n","protected":false},"excerpt":{"rendered":"<p>Grifo de cocina con un atractivo acabado en oro rosa,  [&#8230;]<\/p>\n","protected":false},"featured_media":5970,"template":"","meta":[],"product_brand":[],"product_cat":[50],"product_tag":[],"serie":[335],"manual-de-instalacion":[83],"color":[62],"class_list":{"0":"post-5996","1":"product","2":"type-product","3":"status-publish","4":"has-post-thumbnail","6":"product_cat-grifos-de-cocina","7":"serie-misuri","8":"manual-de-instalacion-guia-instalacion-grifo-superficie","9":"color-oro-rosa","11":"first","12":"instock","13":"taxable","14":"shipping-taxable","15":"product-type-simple"},"_links":{"self":[{"href":"https:\/\/www.valaz.es\/it\/wp-json\/wp\/v2\/product\/5996","targetHints":{"allow":["GET"]}}],"collection":[{"href":"https:\/\/www.valaz.es\/it\/wp-json\/wp\/v2\/product"}],"about":[{"href":"https:\/\/www.valaz.es\/it\/wp-json\/wp\/v2\/types\/product"}],"wp:featuredmedia":[{"embeddable":true,"href":"https:\/\/www.valaz.es\/it\/wp-json\/wp\/v2\/media\/5970"}],"wp:attachment":[{"href":"https:\/\/www.valaz.es\/it\/wp-json\/wp\/v2\/media?parent=5996"}],"wp:term":[{"taxonomy":"product_brand","embeddable":true,"href":"https:\/\/www.valaz.es\/it\/wp-json\/wp\/v2\/product_brand?post=5996"},{"taxonomy":"product_cat","embeddable":true,"href":"https:\/\/www.valaz.es\/it\/wp-json\/wp\/v2\/product_cat?post=5996"},{"taxonomy":"product_tag","embeddable":true,"href":"https:\/\/www.valaz.es\/it\/wp-json\/wp\/v2\/product_tag?post=5996"},{"taxonomy":"serie","embeddable":true,"href":"https:\/\/www.valaz.es\/it\/wp-json\/wp\/v2\/serie?post=5996"},{"taxonomy":"manual-de-instalacion","embeddable":true,"href":"https:\/\/www.valaz.es\/it\/wp-json\/wp\/v2\/manual-de-instalacion?post=5996"},{"taxonomy":"color","embeddable":true,"href":"https:\/\/www.valaz.es\/it\/wp-json\/wp\/v2\/color?post=5996"}],"curies":[{"name":"wp","href":"https:\/\/api.w.org\/{rel}","templated":true}]}}