{"id":5995,"date":"2023-06-28T14:03:21","date_gmt":"2023-06-28T12:03:21","guid":{"rendered":"https:\/\/www.valaz.es\/?post_type=product&#038;p=5995"},"modified":"2025-04-09T08:29:57","modified_gmt":"2025-04-09T06:29:57","slug":"grifo-de-cocina-monomando-blanco-serie-misuri","status":"publish","type":"product","link":"https:\/\/www.valaz.es\/it\/prodotto\/grifo-de-cocina-monomando-blanco-serie-misuri\/","title":{"rendered":"Grifo de cocina monomando blanco &#8211; Serie Misuri"},"content":{"rendered":"<p class=\"\" data-start=\"53\" data-end=\"249\">Grifo de cocina con acabado blanco, perfecto para cocinas modernas que buscan un dise\u00f1o limpio y elegante. Su ca\u00f1o giratorio y mecanismo monomando permiten un uso c\u00f3modo y preciso en el d\u00eda a d\u00eda.<\/p>\n<p class=\"\" data-start=\"251\" data-end=\"273\"><strong data-start=\"251\" data-end=\"271\">Especificaciones<\/strong><\/p>\n<ul data-start=\"274\" data-end=\"490\">\n<li class=\"\" data-start=\"274\" data-end=\"306\">\n<p class=\"\" data-start=\"276\" data-end=\"306\"><strong data-start=\"276\" data-end=\"293\">Tipo de grifo<\/strong>: Monomando<\/p>\n<\/li>\n<li class=\"\" data-start=\"307\" data-end=\"330\">\n<p class=\"\" data-start=\"309\" data-end=\"330\"><strong data-start=\"309\" data-end=\"320\">Acabado<\/strong>: Blanco<\/p>\n<\/li>\n<li class=\"\" data-start=\"331\" data-end=\"379\">\n<p class=\"\" data-start=\"333\" data-end=\"379\"><strong data-start=\"333\" data-end=\"345\">Material<\/strong>: Cuerpo de la grifer\u00eda en lat\u00f3n<\/p>\n<\/li>\n<li class=\"\" data-start=\"380\" data-end=\"417\">\n<p class=\"\" data-start=\"382\" data-end=\"417\"><strong data-start=\"382\" data-end=\"394\">Cartucho<\/strong>: Cer\u00e1mico de \u00d8 35 mm<\/p>\n<\/li>\n<li class=\"\" data-start=\"418\" data-end=\"446\">\n<p class=\"\" data-start=\"420\" data-end=\"446\"><strong data-start=\"420\" data-end=\"428\">Ca\u00f1o<\/strong>: Giratorio 360\u00b0<\/p>\n<\/li>\n<li class=\"\" data-start=\"447\" data-end=\"490\">\n<p class=\"\" data-start=\"449\" data-end=\"490\"><strong data-start=\"449\" data-end=\"463\">Conexiones<\/strong>: 2 latiguillos incluidos<\/p>\n<\/li>\n<\/ul>\n","protected":false},"excerpt":{"rendered":"<p>Grifo de cocina con acabado blanco, perfecto para cocinas modernas  [&#8230;]<\/p>\n","protected":false},"featured_media":5982,"template":"","meta":[],"product_brand":[],"product_cat":[50],"product_tag":[],"serie":[335],"manual-de-instalacion":[83],"color":[64],"class_list":{"0":"post-5995","1":"product","2":"type-product","3":"status-publish","4":"has-post-thumbnail","6":"product_cat-grifos-de-cocina","7":"serie-misuri","8":"manual-de-instalacion-guia-instalacion-grifo-superficie","9":"color-blanco","11":"first","12":"instock","13":"taxable","14":"shipping-taxable","15":"product-type-simple"},"_links":{"self":[{"href":"https:\/\/www.valaz.es\/it\/wp-json\/wp\/v2\/product\/5995","targetHints":{"allow":["GET"]}}],"collection":[{"href":"https:\/\/www.valaz.es\/it\/wp-json\/wp\/v2\/product"}],"about":[{"href":"https:\/\/www.valaz.es\/it\/wp-json\/wp\/v2\/types\/product"}],"wp:featuredmedia":[{"embeddable":true,"href":"https:\/\/www.valaz.es\/it\/wp-json\/wp\/v2\/media\/5982"}],"wp:attachment":[{"href":"https:\/\/www.valaz.es\/it\/wp-json\/wp\/v2\/media?parent=5995"}],"wp:term":[{"taxonomy":"product_brand","embeddable":true,"href":"https:\/\/www.valaz.es\/it\/wp-json\/wp\/v2\/product_brand?post=5995"},{"taxonomy":"product_cat","embeddable":true,"href":"https:\/\/www.valaz.es\/it\/wp-json\/wp\/v2\/product_cat?post=5995"},{"taxonomy":"product_tag","embeddable":true,"href":"https:\/\/www.valaz.es\/it\/wp-json\/wp\/v2\/product_tag?post=5995"},{"taxonomy":"serie","embeddable":true,"href":"https:\/\/www.valaz.es\/it\/wp-json\/wp\/v2\/serie?post=5995"},{"taxonomy":"manual-de-instalacion","embeddable":true,"href":"https:\/\/www.valaz.es\/it\/wp-json\/wp\/v2\/manual-de-instalacion?post=5995"},{"taxonomy":"color","embeddable":true,"href":"https:\/\/www.valaz.es\/it\/wp-json\/wp\/v2\/color?post=5995"}],"curies":[{"name":"wp","href":"https:\/\/api.w.org\/{rel}","templated":true}]}}