{"id":5951,"date":"2023-06-27T09:42:53","date_gmt":"2023-06-27T07:42:53","guid":{"rendered":"https:\/\/www.valaz.es\/?post_type=product&#038;p=5951"},"modified":"2025-12-22T14:54:27","modified_gmt":"2025-12-22T13:54:27","slug":"grifo-de-cocina-gun-metal-monomando-extraible-serie-parana","status":"publish","type":"product","link":"https:\/\/www.valaz.es\/it\/prodotto\/grifo-de-cocina-gun-metal-monomando-extraible-serie-parana\/","title":{"rendered":"Grifo de cocina gun metal monomando extra\u00edble &#8211; Serie Parana"},"content":{"rendered":"<p class=\"\" data-start=\"66\" data-end=\"337\">Grifo de cocina de dise\u00f1o monomando extra\u00edble en elegante acabado gun metal, ofreciendo una mezcla de funcionalidad y est\u00e9tica moderna. Su ca\u00f1o extra\u00edble permite una mayor flexibilidad al lavar y enjuagar, adapt\u00e1ndose perfectamente a tus necesidades diarias en la cocina.<\/p>\n<p class=\"\" data-start=\"339\" data-end=\"361\"><strong data-start=\"339\" data-end=\"359\">Especificaciones<\/strong><\/p>\n<ul data-start=\"362\" data-end=\"610\">\n<li class=\"\" data-start=\"362\" data-end=\"404\">\n<p class=\"\" data-start=\"364\" data-end=\"404\"><strong data-start=\"364\" data-end=\"381\">Tipo de grifo<\/strong>: Monomando extra\u00edble<\/p>\n<\/li>\n<li class=\"\" data-start=\"405\" data-end=\"431\">\n<p class=\"\" data-start=\"407\" data-end=\"431\"><strong data-start=\"407\" data-end=\"418\">Acabado<\/strong>: Gun metal<\/p>\n<\/li>\n<li class=\"\" data-start=\"432\" data-end=\"480\">\n<p class=\"\" data-start=\"434\" data-end=\"480\"><strong data-start=\"434\" data-end=\"446\">Material<\/strong>: Cuerpo de la grifer\u00eda en lat\u00f3n<\/p>\n<\/li>\n<li class=\"\" data-start=\"481\" data-end=\"518\">\n<p class=\"\" data-start=\"483\" data-end=\"518\"><strong data-start=\"483\" data-end=\"495\">Cartucho<\/strong>: Cer\u00e1mico de \u00d8 35 mm<\/p>\n<\/li>\n<li class=\"\" data-start=\"519\" data-end=\"542\">\n<p class=\"\" data-start=\"521\" data-end=\"542\"><strong data-start=\"521\" data-end=\"529\">Ca\u00f1o<\/strong>: Extra\u00edble<\/p>\n<\/li>\n<li class=\"\" data-start=\"543\" data-end=\"586\">\n<p class=\"\" data-start=\"545\" data-end=\"586\"><strong data-start=\"545\" data-end=\"559\">Conexiones<\/strong>: 2 latiguillos incluidos<\/p>\n<\/li>\n<li class=\"\" data-start=\"587\" data-end=\"610\">\n<p class=\"\" data-start=\"589\" data-end=\"610\"><strong data-start=\"589\" data-end=\"602\">Giratorio<\/strong>: 360\u00b0<\/p>\n<\/li>\n<\/ul>\n","protected":false},"excerpt":{"rendered":"<p>Grifo de cocina de dise\u00f1o monomando extra\u00edble en elegante acabado  [&#8230;]<\/p>\n","protected":false},"featured_media":6831,"template":"","meta":[],"product_brand":[],"product_cat":[50],"product_tag":[],"serie":[111],"manual-de-instalacion":[82],"color":[30],"class_list":{"0":"post-5951","1":"product","2":"type-product","3":"status-publish","4":"has-post-thumbnail","6":"product_cat-grifos-de-cocina","7":"serie-parana","8":"manual-de-instalacion-guia-instalacion-cocina-extraible","9":"color-gun-metal","11":"first","12":"instock","13":"taxable","14":"shipping-taxable","15":"product-type-simple"},"_links":{"self":[{"href":"https:\/\/www.valaz.es\/it\/wp-json\/wp\/v2\/product\/5951","targetHints":{"allow":["GET"]}}],"collection":[{"href":"https:\/\/www.valaz.es\/it\/wp-json\/wp\/v2\/product"}],"about":[{"href":"https:\/\/www.valaz.es\/it\/wp-json\/wp\/v2\/types\/product"}],"wp:featuredmedia":[{"embeddable":true,"href":"https:\/\/www.valaz.es\/it\/wp-json\/wp\/v2\/media\/6831"}],"wp:attachment":[{"href":"https:\/\/www.valaz.es\/it\/wp-json\/wp\/v2\/media?parent=5951"}],"wp:term":[{"taxonomy":"product_brand","embeddable":true,"href":"https:\/\/www.valaz.es\/it\/wp-json\/wp\/v2\/product_brand?post=5951"},{"taxonomy":"product_cat","embeddable":true,"href":"https:\/\/www.valaz.es\/it\/wp-json\/wp\/v2\/product_cat?post=5951"},{"taxonomy":"product_tag","embeddable":true,"href":"https:\/\/www.valaz.es\/it\/wp-json\/wp\/v2\/product_tag?post=5951"},{"taxonomy":"serie","embeddable":true,"href":"https:\/\/www.valaz.es\/it\/wp-json\/wp\/v2\/serie?post=5951"},{"taxonomy":"manual-de-instalacion","embeddable":true,"href":"https:\/\/www.valaz.es\/it\/wp-json\/wp\/v2\/manual-de-instalacion?post=5951"},{"taxonomy":"color","embeddable":true,"href":"https:\/\/www.valaz.es\/it\/wp-json\/wp\/v2\/color?post=5951"}],"curies":[{"name":"wp","href":"https:\/\/api.w.org\/{rel}","templated":true}]}}