{"id":587,"date":"2022-11-10T11:07:15","date_gmt":"2022-11-10T10:07:15","guid":{"rendered":"https:\/\/www.valaz.es\/?post_type=product&#038;p=587"},"modified":"2026-02-11T14:23:14","modified_gmt":"2026-02-11T13:23:14","slug":"grifo-lavabo-empotrado-redondo-monomando-negro-mate-con-cano-de-15-cm-serie-guadiana","status":"publish","type":"product","link":"https:\/\/www.valaz.es\/it\/prodotto\/grifo-lavabo-empotrado-redondo-monomando-negro-mate-con-cano-de-15-cm-serie-guadiana\/","title":{"rendered":"Grifo lavabo empotrado redondo monomando negro mate con ca\u00f1o de 15CM &#8211; Serie Guadiana"},"content":{"rendered":"<p class=\"\" data-start=\"95\" data-end=\"417\">El grifo empotrado redondo monomando de 15CM en acabado negro mate de la Serie Guadiana es una opci\u00f3n moderna y elegante para cualquier lavabo. Su dise\u00f1o minimalista y su acabado negro mate lo convierten en una pieza sofisticada y vers\u00e1til, ideal para quienes buscan un estilo contempor\u00e1neo y atemporal.<\/p>\n<p class=\"\" data-start=\"419\" data-end=\"441\"><strong data-start=\"419\" data-end=\"439\">Especificaciones<\/strong><\/p>\n<ul data-start=\"442\" data-end=\"682\">\n<li class=\"\" data-start=\"442\" data-end=\"484\">\n<p class=\"\" data-start=\"444\" data-end=\"484\"><strong data-start=\"444\" data-end=\"462\">Tipo de grifo:<\/strong> Empotrado monomando<\/p>\n<\/li>\n<li class=\"\" data-start=\"485\" data-end=\"521\">\n<p class=\"\" data-start=\"487\" data-end=\"521\"><strong data-start=\"487\" data-end=\"498\">Dise\u00f1o:<\/strong> Redondo, para lavabo<\/p>\n<\/li>\n<li class=\"\" data-start=\"522\" data-end=\"541\">\n<p class=\"\" data-start=\"524\" data-end=\"541\"><strong data-start=\"524\" data-end=\"533\">Ca\u00f1o:<\/strong> 15 cm<\/p>\n<\/li>\n<li class=\"\" data-start=\"542\" data-end=\"631\">\n<p class=\"\" data-start=\"544\" data-end=\"561\"><strong data-start=\"544\" data-end=\"559\">Materiales:<\/strong><\/p>\n<ul data-start=\"564\" data-end=\"631\">\n<li class=\"\" data-start=\"564\" data-end=\"598\">\n<p class=\"\" data-start=\"566\" data-end=\"598\">Cuerpo de la grifer\u00eda en lat\u00f3n<\/p>\n<\/li>\n<li class=\"\" data-start=\"601\" data-end=\"631\">\n<p class=\"\" data-start=\"603\" data-end=\"631\">Cartucho cer\u00e1mico de 35 mm<\/p>\n<\/li>\n<\/ul>\n<\/li>\n<li class=\"\" data-start=\"632\" data-end=\"659\">\n<p class=\"\" data-start=\"634\" data-end=\"659\"><strong data-start=\"634\" data-end=\"646\">Acabado:<\/strong> Negro mate<\/p>\n<\/li>\n<li class=\"\" data-start=\"660\" data-end=\"682\">\n<p class=\"\" data-start=\"662\" data-end=\"682\"><strong data-start=\"662\" data-end=\"675\">Conexi\u00f3n:<\/strong> G1\/2<\/p>\n<\/li>\n<\/ul>\n","protected":false},"excerpt":{"rendered":"<p>Serie Guadiana con l\u00edneas curvas y redondas, destacada por su sencillez y elegancia, una de nuestras series m\u00e1s minimalista y moderna. Disponemos de ducha empotrada tanto a pared como a techo, grifo de lavabo empotrado, grifo de bid\u00e9 empotrado. Es una de las series m\u00e1s completas en cuanto a productos con la mejor relaci\u00f3n calidad precio y unos acabados en cromado, dorado cepillado, negro mate, acero cepillado, Gun metal, dorado envejecido, blanco.<\/p>\n<p>La garant\u00eda de todos nuestros productos es de 3 a\u00f1os, para funcionamiento, duraci\u00f3n del esmaltado y anticorrosi\u00f3n.<\/p>\n<p>Recomendamos para un correcto mantenimiento de la grifer\u00eda y evitar el deterioro por el uso. Secar las gotas de agua con un pa\u00f1o suave despu\u00e9s del uso, evitando que se posen en la superficie y deterioran el acabado, no utilizar esponjas que puedan rayar la grifer\u00eda, utilizar limpiadores como vinagre limpieza, agua caliente y jab\u00f3n con pH neutro.<\/p>\n<p>&nbsp;<\/p>\n<p><strong>Nuestro departamento\u00a0t\u00e9cnico\u00a0dispone de\u00a0gu\u00edas\u00a0de todos los\u00a0modelos\u00a0empotrados\u00a0que vendemos<\/strong><strong>,\u00a0si tiene alguna duda con la\u00a0instalaci\u00f3n\u00a0contacte con nosotros mediante\u00a0tel\u00e9fono,\u00a0WhatsApp\u00a0o email dentro del horario laboral indicado en la web.<\/strong><\/p>\n<p><strong>Recuerden que una vez instalado el cuerpo\u00a0empotrado\u00a0de la\u00a0grifer\u00eda\u00a0revisar de su correcto funcionamiento de paso de agua, comprobaci\u00f3n de cartuchos y corte de agua, si detecta alguna\u00a0anomal\u00eda\u00a0informe a nuestro\u00a0departamento\u00a0para darle una\u00a0soluci\u00f3n, no\u00a0contin\u00fae\u00a0con la\u00a0instalaci\u00f3n\u00a0de cerramiento de la pared.<\/strong><\/p>\n","protected":false},"featured_media":592,"template":"","meta":[],"product_brand":[],"product_cat":[48,58],"product_tag":[],"serie":[63],"manual-de-instalacion":[81],"color":[27],"class_list":{"0":"post-587","1":"product","2":"type-product","3":"status-publish","4":"has-post-thumbnail","6":"product_cat-grifos-de-lavabo","7":"product_cat-grifos-de-lavabo-empotrados","8":"serie-guadiana","9":"manual-de-instalacion-guia-instalacion-grifo-lavabo-empotrado-sin-caja","10":"color-negro-mate","12":"first","13":"instock","14":"taxable","15":"shipping-taxable","16":"product-type-simple"},"_links":{"self":[{"href":"https:\/\/www.valaz.es\/it\/wp-json\/wp\/v2\/product\/587","targetHints":{"allow":["GET"]}}],"collection":[{"href":"https:\/\/www.valaz.es\/it\/wp-json\/wp\/v2\/product"}],"about":[{"href":"https:\/\/www.valaz.es\/it\/wp-json\/wp\/v2\/types\/product"}],"wp:featuredmedia":[{"embeddable":true,"href":"https:\/\/www.valaz.es\/it\/wp-json\/wp\/v2\/media\/592"}],"wp:attachment":[{"href":"https:\/\/www.valaz.es\/it\/wp-json\/wp\/v2\/media?parent=587"}],"wp:term":[{"taxonomy":"product_brand","embeddable":true,"href":"https:\/\/www.valaz.es\/it\/wp-json\/wp\/v2\/product_brand?post=587"},{"taxonomy":"product_cat","embeddable":true,"href":"https:\/\/www.valaz.es\/it\/wp-json\/wp\/v2\/product_cat?post=587"},{"taxonomy":"product_tag","embeddable":true,"href":"https:\/\/www.valaz.es\/it\/wp-json\/wp\/v2\/product_tag?post=587"},{"taxonomy":"serie","embeddable":true,"href":"https:\/\/www.valaz.es\/it\/wp-json\/wp\/v2\/serie?post=587"},{"taxonomy":"manual-de-instalacion","embeddable":true,"href":"https:\/\/www.valaz.es\/it\/wp-json\/wp\/v2\/manual-de-instalacion?post=587"},{"taxonomy":"color","embeddable":true,"href":"https:\/\/www.valaz.es\/it\/wp-json\/wp\/v2\/color?post=587"}],"curies":[{"name":"wp","href":"https:\/\/api.w.org\/{rel}","templated":true}]}}