{"id":573,"date":"2022-11-09T17:30:38","date_gmt":"2022-11-09T16:30:38","guid":{"rendered":"https:\/\/www.valaz.es\/?post_type=product&#038;p=573"},"modified":"2025-11-18T09:54:25","modified_gmt":"2025-11-18T08:54:25","slug":"grifo-de-bidet-empotrado-cuadrado-negro-mate-serie-tajo","status":"publish","type":"product","link":"https:\/\/www.valaz.es\/it\/prodotto\/grifo-de-bidet-empotrado-cuadrado-negro-mate-serie-tajo\/","title":{"rendered":"Grifo de bidet empotrado cuadrado negro mate &#8211; Serie Tajo"},"content":{"rendered":"<p class=\"\" data-start=\"125\" data-end=\"423\">Grifo empotrado de bidet con dise\u00f1o cuadrado y acabado en negro mate, ideal para ba\u00f1os modernos y funcionales. Su sistema de 2 v\u00edas permite regular agua fr\u00eda y caliente, ofreciendo confort y control preciso. Perfecto para quienes buscan est\u00e9tica y practicidad en un solo elemento.<\/p>\n<p class=\"\" data-start=\"425\" data-end=\"447\"><strong data-start=\"425\" data-end=\"445\">Especificaciones<\/strong><\/p>\n<ul data-start=\"448\" data-end=\"666\">\n<li class=\"\" data-start=\"448\" data-end=\"482\">\n<p class=\"\" data-start=\"450\" data-end=\"482\">Cuerpo de la grifer\u00eda en lat\u00f3n<\/p>\n<\/li>\n<li class=\"\" data-start=\"483\" data-end=\"504\">\n<p class=\"\" data-start=\"485\" data-end=\"504\">Cartucho cer\u00e1mico<\/p>\n<\/li>\n<li class=\"\" data-start=\"505\" data-end=\"544\">\n<p class=\"\" data-start=\"507\" data-end=\"544\">Flexo de PVC de 120 cm<\/p>\n<\/li>\n<li class=\"\" data-start=\"545\" data-end=\"568\">\n<p class=\"\" data-start=\"547\" data-end=\"568\">Acabado: negro mate<\/p>\n<\/li>\n<li class=\"\" data-start=\"569\" data-end=\"587\">\n<p class=\"\" data-start=\"571\" data-end=\"587\">Conexi\u00f3n: G1\/2<\/p>\n<\/li>\n<li class=\"\" data-start=\"588\" data-end=\"623\">\n<p class=\"\" data-start=\"590\" data-end=\"623\">Presi\u00f3n de trabajo: 0.1\u20131.0 MPa<\/p>\n<\/li>\n<li class=\"\" data-start=\"624\" data-end=\"666\">\n<p class=\"\" data-start=\"626\" data-end=\"666\">Sistema de 2 v\u00edas (agua fr\u00eda y caliente)<\/p>\n<\/li>\n<\/ul>\n","protected":false},"excerpt":{"rendered":"<p>Serie Tajo l\u00edneas rectas y cuadradas que aportan estilo y dise\u00f1o a cualquier ba\u00f1o. Actualmente disponemos de diferentes acabados cromado, dorado cepillado, negro mate. Tenemos Ducha empotradas cuadrada a techo y pared, grifo empotrado a pared, grifo de bid\u00e9 empotrado.<\/p>\n<p>&nbsp;<\/p>\n<p>La garant\u00eda de todos nuestros productos es de 3 a\u00f1os, para funcionamiento, duraci\u00f3n del esmaltado y anticorrosi\u00f3n.<\/p>\n<p>Recomendamos para un correcto mantenimiento de la grifer\u00eda y evitar el deterioro por el uso. Secar las gotas de agua con un pa\u00f1o suave despu\u00e9s del uso, evitando que se posen en la superficie y deterioran el acabado, no utilizar esponjas que puedan rayar la grifer\u00eda, utilizar limpiadores como vinagre limpieza, agua caliente y jab\u00f3n con ph neutro.<\/p>\n<p>&nbsp;<\/p>\n<p>Nuestro departamento t\u00e9cnico dispone de gu\u00edas de todos los modelos empotrados que vendemos, si tiene alguna duda con la instalaci\u00f3n contacte con nosotros mediante tel\u00e9fono, WhatsApp o email dentro del horario laboral indicado en la web.<\/p>\n<p>Recuerden que una vez instalado el cuerpo empotrado de la grifer\u00eda revisar de su correcto funcionamiento de paso de agua, comprobaci\u00f3n de cartuchos y corte de agua, si detecta alguna anomal\u00eda informe a nuestro departamento para darle una soluci\u00f3n, no contin\u00fae con la instalaci\u00f3n de cerramiento de la pared.<\/p>\n","protected":false},"featured_media":574,"template":"","meta":[],"product_brand":[],"product_cat":[54],"product_tag":[],"serie":[23],"manual-de-instalacion":[88],"color":[27],"class_list":{"0":"post-573","1":"product","2":"type-product","3":"status-publish","4":"has-post-thumbnail","6":"product_cat-grifos-de-bidet","7":"serie-tajo","8":"manual-de-instalacion-guia-instalacion-bide-empotrado","9":"color-negro-mate","11":"first","12":"outofstock","13":"taxable","14":"shipping-taxable","15":"product-type-simple"},"_links":{"self":[{"href":"https:\/\/www.valaz.es\/it\/wp-json\/wp\/v2\/product\/573","targetHints":{"allow":["GET"]}}],"collection":[{"href":"https:\/\/www.valaz.es\/it\/wp-json\/wp\/v2\/product"}],"about":[{"href":"https:\/\/www.valaz.es\/it\/wp-json\/wp\/v2\/types\/product"}],"wp:featuredmedia":[{"embeddable":true,"href":"https:\/\/www.valaz.es\/it\/wp-json\/wp\/v2\/media\/574"}],"wp:attachment":[{"href":"https:\/\/www.valaz.es\/it\/wp-json\/wp\/v2\/media?parent=573"}],"wp:term":[{"taxonomy":"product_brand","embeddable":true,"href":"https:\/\/www.valaz.es\/it\/wp-json\/wp\/v2\/product_brand?post=573"},{"taxonomy":"product_cat","embeddable":true,"href":"https:\/\/www.valaz.es\/it\/wp-json\/wp\/v2\/product_cat?post=573"},{"taxonomy":"product_tag","embeddable":true,"href":"https:\/\/www.valaz.es\/it\/wp-json\/wp\/v2\/product_tag?post=573"},{"taxonomy":"serie","embeddable":true,"href":"https:\/\/www.valaz.es\/it\/wp-json\/wp\/v2\/serie?post=573"},{"taxonomy":"manual-de-instalacion","embeddable":true,"href":"https:\/\/www.valaz.es\/it\/wp-json\/wp\/v2\/manual-de-instalacion?post=573"},{"taxonomy":"color","embeddable":true,"href":"https:\/\/www.valaz.es\/it\/wp-json\/wp\/v2\/color?post=573"}],"curies":[{"name":"wp","href":"https:\/\/api.w.org\/{rel}","templated":true}]}}