{"id":569,"date":"2022-11-09T17:28:03","date_gmt":"2022-11-09T16:28:03","guid":{"rendered":"https:\/\/www.valaz.es\/?post_type=product&#038;p=569"},"modified":"2026-04-02T09:01:38","modified_gmt":"2026-04-02T07:01:38","slug":"grifo-de-bidet-empotrado-cuadrado-cromado-serie-tajo","status":"publish","type":"product","link":"https:\/\/www.valaz.es\/it\/prodotto\/grifo-de-bidet-empotrado-cuadrado-cromado-serie-tajo\/","title":{"rendered":"Grifo de bidet empotrado cuadrado cromado &#8211; Serie tajo"},"content":{"rendered":"<p class=\"\" data-start=\"52\" data-end=\"419\">Este grifo de bidet empotrado cuadrado de la Serie Tajo combina estilo moderno y funcionalidad en su dise\u00f1o. Su forma cuadrada y su acabado de alta calidad lo convierten en una opci\u00f3n ideal para ba\u00f1os contempor\u00e1neos que buscan un toque elegante y minimalista. El cuerpo de lat\u00f3n y el cartucho cer\u00e1mico garantizan un rendimiento duradero y eficiente.<\/p>\n<p class=\"\" data-start=\"421\" data-end=\"443\"><strong data-start=\"421\" data-end=\"441\">Especificaciones<\/strong><\/p>\n<ul data-start=\"444\" data-end=\"741\">\n<li class=\"\" data-start=\"444\" data-end=\"476\">\n<p class=\"\" data-start=\"446\" data-end=\"476\"><strong data-start=\"446\" data-end=\"464\">Tipo de grifo:<\/strong> Empotrado<\/p>\n<\/li>\n<li class=\"\" data-start=\"477\" data-end=\"501\">\n<p class=\"\" data-start=\"479\" data-end=\"501\"><strong data-start=\"479\" data-end=\"490\">Dise\u00f1o:<\/strong> Cuadrado<\/p>\n<\/li>\n<li class=\"\" data-start=\"502\" data-end=\"524\">\n<p class=\"\" data-start=\"504\" data-end=\"524\"><strong data-start=\"504\" data-end=\"517\">Conexi\u00f3n:<\/strong> G1\/2<\/p>\n<\/li>\n<li class=\"\" data-start=\"525\" data-end=\"605\">\n<p class=\"\" data-start=\"527\" data-end=\"544\"><strong data-start=\"527\" data-end=\"542\">Materiales:<\/strong><\/p>\n<ul data-start=\"547\" data-end=\"605\">\n<li class=\"\" data-start=\"547\" data-end=\"581\">\n<p class=\"\" data-start=\"549\" data-end=\"581\">Cuerpo de la grifer\u00eda en lat\u00f3n<\/p>\n<\/li>\n<li class=\"\" data-start=\"584\" data-end=\"605\">\n<p class=\"\" data-start=\"586\" data-end=\"605\">Cartucho cer\u00e1mico<\/p>\n<\/li>\n<li data-start=\"584\" data-end=\"605\">Flexo de acero inoxidable<\/li>\n<\/ul>\n<\/li>\n<li class=\"\" data-start=\"606\" data-end=\"696\">\n<p class=\"\" data-start=\"608\" data-end=\"696\"><strong data-start=\"608\" data-end=\"620\">Acabado:<\/strong> Cromado<\/p>\n<\/li>\n<li class=\"\" data-start=\"697\" data-end=\"741\">\n<p class=\"\" data-start=\"699\" data-end=\"741\"><strong data-start=\"699\" data-end=\"711\">Funci\u00f3n:<\/strong> 1 v\u00eda de agua fr\u00eda o caliente<\/p>\n<\/li>\n<\/ul>\n","protected":false},"excerpt":{"rendered":"<p>Serie Tajo l\u00edneas rectas y cuadradas que aportan estilo y dise\u00f1o a cualquier ba\u00f1o. Actualmente disponemos de diferentes acabados cromado, dorado cepillado, negro mate. Tenemos Ducha empotradas cuadrada a techo y pared, grifo empotrado a pared, grifo de bid\u00e9 empotrado.<\/p>\n<p>&nbsp;<\/p>\n<p>La garant\u00eda de todos nuestros productos es de 3 a\u00f1os, para funcionamiento, duraci\u00f3n del esmaltado y anticorrosi\u00f3n.<\/p>\n<p>Recomendamos para un correcto mantenimiento de la grifer\u00eda y evitar el deterioro por el uso. Secar las gotas de agua con un pa\u00f1o suave despu\u00e9s del uso, evitando que se posen en la superficie y deterioran el acabado, no utilizar esponjas que puedan rayar la grifer\u00eda, utilizar limpiadores como vinagre limpieza, agua caliente y jab\u00f3n con ph neutro.<\/p>\n<p>&nbsp;<\/p>\n<p>Nuestro departamento t\u00e9cnico dispone de gu\u00edas de todos los modelos empotrados que vendemos, si tiene alguna duda con la instalaci\u00f3n contacte con nosotros mediante tel\u00e9fono, WhatsApp o email dentro del horario laboral indicado en la web.<\/p>\n<p>Recuerden que una vez instalado el cuerpo empotrado de la grifer\u00eda revisar de su correcto funcionamiento de paso de agua, comprobaci\u00f3n de cartuchos y corte de agua, si detecta alguna anomal\u00eda informe a nuestro departamento para darle una soluci\u00f3n, no contin\u00fae con la instalaci\u00f3n de cerramiento de la pared.<\/p>\n","protected":false},"featured_media":571,"template":"","meta":[],"product_brand":[],"product_cat":[59],"product_tag":[],"serie":[23],"manual-de-instalacion":[88],"color":[26],"class_list":{"0":"post-569","1":"product","2":"type-product","3":"status-publish","4":"has-post-thumbnail","6":"product_cat-grifos-de-bidet-empotrados","7":"serie-tajo","8":"manual-de-instalacion-guia-instalacion-bide-empotrado","9":"color-cromo","11":"first","12":"instock","13":"taxable","14":"shipping-taxable","15":"product-type-simple"},"_links":{"self":[{"href":"https:\/\/www.valaz.es\/it\/wp-json\/wp\/v2\/product\/569","targetHints":{"allow":["GET"]}}],"collection":[{"href":"https:\/\/www.valaz.es\/it\/wp-json\/wp\/v2\/product"}],"about":[{"href":"https:\/\/www.valaz.es\/it\/wp-json\/wp\/v2\/types\/product"}],"wp:featuredmedia":[{"embeddable":true,"href":"https:\/\/www.valaz.es\/it\/wp-json\/wp\/v2\/media\/571"}],"wp:attachment":[{"href":"https:\/\/www.valaz.es\/it\/wp-json\/wp\/v2\/media?parent=569"}],"wp:term":[{"taxonomy":"product_brand","embeddable":true,"href":"https:\/\/www.valaz.es\/it\/wp-json\/wp\/v2\/product_brand?post=569"},{"taxonomy":"product_cat","embeddable":true,"href":"https:\/\/www.valaz.es\/it\/wp-json\/wp\/v2\/product_cat?post=569"},{"taxonomy":"product_tag","embeddable":true,"href":"https:\/\/www.valaz.es\/it\/wp-json\/wp\/v2\/product_tag?post=569"},{"taxonomy":"serie","embeddable":true,"href":"https:\/\/www.valaz.es\/it\/wp-json\/wp\/v2\/serie?post=569"},{"taxonomy":"manual-de-instalacion","embeddable":true,"href":"https:\/\/www.valaz.es\/it\/wp-json\/wp\/v2\/manual-de-instalacion?post=569"},{"taxonomy":"color","embeddable":true,"href":"https:\/\/www.valaz.es\/it\/wp-json\/wp\/v2\/color?post=569"}],"curies":[{"name":"wp","href":"https:\/\/api.w.org\/{rel}","templated":true}]}}