{"id":546,"date":"2022-11-09T17:09:00","date_gmt":"2022-11-09T16:09:00","guid":{"rendered":"https:\/\/www.valaz.es\/?post_type=product&#038;p=546"},"modified":"2025-10-27T10:54:25","modified_gmt":"2025-10-27T09:54:25","slug":"ducha-encastrada-termostatica-a-ras-techo-cuadrada-negro-mate-serie-tajo","status":"publish","type":"product","link":"https:\/\/www.valaz.es\/it\/prodotto\/ducha-encastrada-termostatica-a-ras-techo-cuadrada-negro-mate-serie-tajo\/","title":{"rendered":"Ducha encastrada termost\u00e1tica a ras techo cuadrada negro mate &#8211; Serie Tajo"},"content":{"rendered":"<p class=\"\" data-start=\"83\" data-end=\"449\">La ducha encastrada a ras de techo de la Serie Tajo combina funcionalidad y dise\u00f1o minimalista. Con su estructura cuadrada y elegante acabado negro mate, se integra perfectamente en el techo del ba\u00f1o, creando un espacio limpio y moderno. Su sistema termost\u00e1tico permite mantener una temperatura constante, aportando seguridad y confort en cada uso.<\/p>\n<p class=\"\" data-start=\"451\" data-end=\"473\"><strong data-start=\"451\" data-end=\"471\">Especificaciones<\/strong><\/p>\n<ul data-start=\"474\" data-end=\"965\">\n<li class=\"\" data-start=\"474\" data-end=\"535\">\n<p class=\"\" data-start=\"476\" data-end=\"535\"><strong data-start=\"476\" data-end=\"494\">Tipo de ducha:<\/strong> Encastrada termost\u00e1tica a ras de techo<\/p>\n<\/li>\n<li class=\"\" data-start=\"536\" data-end=\"560\">\n<p class=\"\" data-start=\"538\" data-end=\"560\"><strong data-start=\"538\" data-end=\"549\">Dise\u00f1o:<\/strong> Cuadrado<\/p>\n<\/li>\n<li class=\"\" data-start=\"561\" data-end=\"588\">\n<p class=\"\" data-start=\"563\" data-end=\"588\"><strong data-start=\"563\" data-end=\"575\">Acabado:<\/strong> Negro mate<\/p>\n<\/li>\n<li class=\"\" data-start=\"589\" data-end=\"680\">\n<p class=\"\" data-start=\"591\" data-end=\"680\"><strong data-start=\"591\" data-end=\"604\">Rociador:<\/strong> Integrado a techo (disponible en tama\u00f1os: 20&#215;20, 25&#215;25, 30&#215;30 o 40&#215;40 cm)<\/p>\n<\/li>\n<li class=\"\" data-start=\"681\" data-end=\"802\">\n<p class=\"\" data-start=\"683\" data-end=\"700\"><strong data-start=\"683\" data-end=\"698\">Materiales:<\/strong><\/p>\n<ul data-start=\"703\" data-end=\"802\">\n<li class=\"\" data-start=\"703\" data-end=\"735\">\n<p class=\"\" data-start=\"705\" data-end=\"735\">Rociador de acero inoxidable<\/p>\n<\/li>\n<li data-start=\"703\" data-end=\"735\">Premarco a ras techo<\/li>\n<li class=\"\" data-start=\"738\" data-end=\"763\">\n<p class=\"\" data-start=\"740\" data-end=\"763\">Termost\u00e1tica de lat\u00f3n<\/p>\n<\/li>\n<li class=\"\" data-start=\"766\" data-end=\"802\">\n<p class=\"\" data-start=\"768\" data-end=\"802\">Alcachofa de mano de lat\u00f3n<\/p>\n<\/li>\n<li class=\"\" data-start=\"766\" data-end=\"802\">\n<p class=\"\" data-start=\"768\" data-end=\"802\">Flexo de PVC<\/p>\n<\/li>\n<\/ul>\n<\/li>\n<li class=\"\" data-start=\"803\" data-end=\"965\">\n<p class=\"\" data-start=\"805\" data-end=\"821\"><strong data-start=\"805\" data-end=\"819\">Funciones:<\/strong><\/p>\n<ul data-start=\"824\" data-end=\"965\">\n<li class=\"\" data-start=\"824\" data-end=\"878\">\n<p class=\"\" data-start=\"826\" data-end=\"878\">2 v\u00edas: rociador efecto lluvia y alcachofa de mano<\/p>\n<\/li>\n<li class=\"\" data-start=\"881\" data-end=\"900\">\n<p class=\"\" data-start=\"883\" data-end=\"900\">Flexo de 150 cm<\/p>\n<\/li>\n<li class=\"\" data-start=\"903\" data-end=\"965\">\n<p class=\"\" data-start=\"905\" data-end=\"965\">Regulaci\u00f3n precisa de temperatura con sistema termost\u00e1tico<\/p>\n<\/li>\n<\/ul>\n<\/li>\n<\/ul>\n","protected":false},"excerpt":{"rendered":"<p>Serie Tajo l\u00edneas rectas y cuadradas que aportan estilo y dise\u00f1o a cualquier ba\u00f1o. Actualmente disponemos de diferentes acabados cromado, dorado cepillado, negro mate. Tenemos Ducha empotradas cuadrada a techo y pared, grifo empotrado a pared, grifo de bid\u00e9 empotrado.<\/p>\n<p>&nbsp;<\/p>\n<p>La garant\u00eda de todos nuestros productos es de 3 a\u00f1os, para funcionamiento, duraci\u00f3n del esmaltado y anticorrosi\u00f3n.<\/p>\n<p>Recomendamos para un correcto mantenimiento de la grifer\u00eda y evitar el deterioro por el uso. Secar las gotas de agua con un pa\u00f1o suave despu\u00e9s del uso, evitando que se posen en la superficie y deterioran el acabado, no utilizar esponjas que puedan rayar la grifer\u00eda, utilizar limpiadores como vinagre limpieza, agua caliente y jab\u00f3n con ph neutro.<\/p>\n<p>&nbsp;<\/p>\n<p>Nuestro departamento t\u00e9cnico dispone de gu\u00edas de todos los modelos empotrados que vendemos, si tiene alguna duda con la instalaci\u00f3n contacte con nosotros mediante tel\u00e9fono, WhatsApp o email dentro del horario laboral indicado en la web.<\/p>\n<p>Recuerden que una vez instalado el cuerpo empotrado de la grifer\u00eda revisar de su correcto funcionamiento de paso de agua, comprobaci\u00f3n de cartuchos y corte de agua, si detecta alguna anomal\u00eda informe a nuestro departamento para darle una soluci\u00f3n, no contin\u00fae con la instalaci\u00f3n de cerramiento de la pared.<\/p>\n","protected":false},"featured_media":552,"template":"","meta":[],"product_brand":[],"product_cat":[57],"product_tag":[],"serie":[23],"manual-de-instalacion":[406],"color":[27],"class_list":{"0":"post-546","1":"product","2":"type-product","3":"status-publish","4":"has-post-thumbnail","6":"product_cat-duchas-empotradas","7":"pa_tamano-rociador-30cm","8":"pa_tamano-rociador-40cm","9":"serie-tajo","10":"manual-de-instalacion-guia-instalacion-ducha-empotrada-termostatica-ras","11":"color-negro-mate","13":"first","14":"outofstock","15":"taxable","16":"shipping-taxable","17":"product-type-variable"},"_links":{"self":[{"href":"https:\/\/www.valaz.es\/it\/wp-json\/wp\/v2\/product\/546","targetHints":{"allow":["GET"]}}],"collection":[{"href":"https:\/\/www.valaz.es\/it\/wp-json\/wp\/v2\/product"}],"about":[{"href":"https:\/\/www.valaz.es\/it\/wp-json\/wp\/v2\/types\/product"}],"wp:featuredmedia":[{"embeddable":true,"href":"https:\/\/www.valaz.es\/it\/wp-json\/wp\/v2\/media\/552"}],"wp:attachment":[{"href":"https:\/\/www.valaz.es\/it\/wp-json\/wp\/v2\/media?parent=546"}],"wp:term":[{"taxonomy":"product_brand","embeddable":true,"href":"https:\/\/www.valaz.es\/it\/wp-json\/wp\/v2\/product_brand?post=546"},{"taxonomy":"product_cat","embeddable":true,"href":"https:\/\/www.valaz.es\/it\/wp-json\/wp\/v2\/product_cat?post=546"},{"taxonomy":"product_tag","embeddable":true,"href":"https:\/\/www.valaz.es\/it\/wp-json\/wp\/v2\/product_tag?post=546"},{"taxonomy":"serie","embeddable":true,"href":"https:\/\/www.valaz.es\/it\/wp-json\/wp\/v2\/serie?post=546"},{"taxonomy":"manual-de-instalacion","embeddable":true,"href":"https:\/\/www.valaz.es\/it\/wp-json\/wp\/v2\/manual-de-instalacion?post=546"},{"taxonomy":"color","embeddable":true,"href":"https:\/\/www.valaz.es\/it\/wp-json\/wp\/v2\/color?post=546"}],"curies":[{"name":"wp","href":"https:\/\/api.w.org\/{rel}","templated":true}]}}