{"id":526,"date":"2022-11-09T16:15:54","date_gmt":"2022-11-09T15:15:54","guid":{"rendered":"https:\/\/www.valaz.es\/?post_type=product&#038;p=526"},"modified":"2026-01-27T15:23:35","modified_gmt":"2026-01-27T14:23:35","slug":"ducha-empotrada-termostatica-a-pared-cuadrada-cromada-serie-tajo","status":"publish","type":"product","link":"https:\/\/www.valaz.es\/it\/prodotto\/ducha-empotrada-termostatica-a-pared-cuadrada-cromada-serie-tajo\/","title":{"rendered":"Ducha empotrada termost\u00e1tica a pared cuadrada cromada &#8211; Serie tajo"},"content":{"rendered":"<p class=\"\" data-start=\"72\" data-end=\"457\">La ducha empotrada termost\u00e1tica a pared de la Serie Tajo combina elegancia y precisi\u00f3n en el control del agua. Con su dise\u00f1o cuadrado y acabado cromado, esta soluci\u00f3n es ideal para ba\u00f1os contempor\u00e1neos que buscan est\u00e9tica y funcionalidad. Gracias a su sistema termost\u00e1tico de 2 v\u00edas, permite alternar f\u00e1cilmente entre el rociador efecto lluvia y la alcachofa de mano.<\/p>\n<p class=\"\" data-start=\"459\" data-end=\"481\"><strong data-start=\"459\" data-end=\"479\">Especificaciones<\/strong><\/p>\n<ul data-start=\"482\" data-end=\"893\">\n<li class=\"\" data-start=\"482\" data-end=\"522\">\n<p class=\"\" data-start=\"484\" data-end=\"522\"><strong data-start=\"484\" data-end=\"502\">Tipo de ducha:<\/strong> Empotrada a pared<\/p>\n<\/li>\n<li class=\"\" data-start=\"523\" data-end=\"547\">\n<p class=\"\" data-start=\"525\" data-end=\"547\"><strong data-start=\"525\" data-end=\"536\">Dise\u00f1o:<\/strong> Cuadrado<\/p>\n<\/li>\n<li class=\"\" data-start=\"548\" data-end=\"572\">\n<p class=\"\" data-start=\"550\" data-end=\"572\"><strong data-start=\"550\" data-end=\"562\">Acabado:<\/strong> Cromado<\/p>\n<\/li>\n<li class=\"\" data-start=\"573\" data-end=\"664\">\n<p class=\"\" data-start=\"575\" data-end=\"664\"><strong data-start=\"575\" data-end=\"588\">Rociador:<\/strong> Disponible en tama\u00f1os 20&#215;20, 25&#215;25, 30&#215;30 y 40&#215;40 cm, con soporte a pared<\/p>\n<\/li>\n<li class=\"\" data-start=\"665\" data-end=\"749\">\n<p class=\"\" data-start=\"667\" data-end=\"749\"><strong data-start=\"667\" data-end=\"679\">Sistema:<\/strong> Termost\u00e1tico de 2 v\u00edas (rociador efecto lluvia y alcachofa de mano)<\/p>\n<\/li>\n<li class=\"\" data-start=\"750\" data-end=\"893\">\n<p class=\"\" data-start=\"752\" data-end=\"769\"><strong data-start=\"752\" data-end=\"767\">Materiales:<\/strong><\/p>\n<ul data-start=\"772\" data-end=\"893\">\n<li class=\"\" data-start=\"772\" data-end=\"804\">\n<p class=\"\" data-start=\"774\" data-end=\"804\">Rociador de acero inoxidable<\/p>\n<\/li>\n<li class=\"\" data-start=\"807\" data-end=\"832\">\n<p class=\"\" data-start=\"809\" data-end=\"832\">Termost\u00e1tica de lat\u00f3n<\/p>\n<\/li>\n<li class=\"\" data-start=\"835\" data-end=\"871\">\n<p class=\"\" data-start=\"837\" data-end=\"871\">Alcachofa de mano de lat\u00f3n<\/p>\n<\/li>\n<li class=\"\" data-start=\"835\" data-end=\"871\">\n<p class=\"\" data-start=\"837\" data-end=\"871\">Flexo de PVC (150 cm)<\/p>\n<\/li>\n<\/ul>\n<\/li>\n<\/ul>\n<p class=\"\" data-start=\"895\" data-end=\"910\"><strong data-start=\"895\" data-end=\"908\">Funciones<\/strong><\/p>\n<ul data-start=\"911\" data-end=\"1067\">\n<li class=\"\" data-start=\"911\" data-end=\"956\">\n<p class=\"\" data-start=\"913\" data-end=\"956\">Salida de agua por rociador efecto lluvia<\/p>\n<\/li>\n<li class=\"\" data-start=\"957\" data-end=\"998\">\n<p class=\"\" data-start=\"959\" data-end=\"998\">Alcachofa de mano pr\u00e1ctica y vers\u00e1til<\/p>\n<\/li>\n<li class=\"\" data-start=\"999\" data-end=\"1067\">\n<p class=\"\" data-start=\"1001\" data-end=\"1067\">Control preciso de temperatura y caudal con sistema termost\u00e1tico<\/p>\n<\/li>\n<\/ul>\n","protected":false},"excerpt":{"rendered":"<p>Serie Tajo l\u00edneas rectas y cuadradas que aportan estilo y dise\u00f1o a cualquier ba\u00f1o. Actualmente disponemos de diferentes acabados cromado, dorado cepillado, negro mate. Tenemos Ducha empotradas cuadrada a techo y pared, grifo empotrado a pared, grifo de bid\u00e9 empotrado.<\/p>\n<p>&nbsp;<\/p>\n<p>La garant\u00eda de todos nuestros productos es de 3 a\u00f1os, para funcionamiento, duraci\u00f3n del esmaltado y anticorrosi\u00f3n.<\/p>\n<p>Recomendamos para un correcto mantenimiento de la grifer\u00eda y evitar el deterioro por el uso. Secar las gotas de agua con un pa\u00f1o suave despu\u00e9s del uso, evitando que se posen en la superficie y deterioran el acabado, no utilizar esponjas que puedan rayar la grifer\u00eda, utilizar limpiadores como vinagre limpieza, agua caliente y jab\u00f3n con ph neutro.<\/p>\n<p>&nbsp;<\/p>\n<p>Nuestro departamento t\u00e9cnico dispone de gu\u00edas de todos los modelos empotrados que vendemos, si tiene alguna duda con la instalaci\u00f3n contacte con nosotros mediante tel\u00e9fono, WhatsApp o email dentro del horario laboral indicado en la web.<\/p>\n<p>Recuerden que una vez instalado el cuerpo empotrado de la grifer\u00eda revisar de su correcto funcionamiento de paso de agua, comprobaci\u00f3n de cartuchos y corte de agua, si detecta alguna anomal\u00eda informe a nuestro departamento para darle una soluci\u00f3n, no contin\u00fae con la instalaci\u00f3n de cerramiento de la pared.<\/p>\n","protected":false},"featured_media":527,"template":"","meta":[],"product_brand":[],"product_cat":[57],"product_tag":[],"serie":[23],"manual-de-instalacion":[79],"color":[26],"class_list":{"0":"post-526","1":"product","2":"type-product","3":"status-publish","4":"has-post-thumbnail","6":"product_cat-duchas-empotradas","7":"pa_tamano-rociador-20cm","8":"pa_tamano-rociador-25cm","9":"pa_tamano-rociador-30cm","10":"pa_tamano-rociador-40cm","11":"serie-tajo","12":"manual-de-instalacion-guia-instalacion-duchas-empotradas-termostaticas","13":"color-cromo","15":"first","16":"outofstock","17":"taxable","18":"shipping-taxable","19":"product-type-variable"},"_links":{"self":[{"href":"https:\/\/www.valaz.es\/it\/wp-json\/wp\/v2\/product\/526","targetHints":{"allow":["GET"]}}],"collection":[{"href":"https:\/\/www.valaz.es\/it\/wp-json\/wp\/v2\/product"}],"about":[{"href":"https:\/\/www.valaz.es\/it\/wp-json\/wp\/v2\/types\/product"}],"wp:featuredmedia":[{"embeddable":true,"href":"https:\/\/www.valaz.es\/it\/wp-json\/wp\/v2\/media\/527"}],"wp:attachment":[{"href":"https:\/\/www.valaz.es\/it\/wp-json\/wp\/v2\/media?parent=526"}],"wp:term":[{"taxonomy":"product_brand","embeddable":true,"href":"https:\/\/www.valaz.es\/it\/wp-json\/wp\/v2\/product_brand?post=526"},{"taxonomy":"product_cat","embeddable":true,"href":"https:\/\/www.valaz.es\/it\/wp-json\/wp\/v2\/product_cat?post=526"},{"taxonomy":"product_tag","embeddable":true,"href":"https:\/\/www.valaz.es\/it\/wp-json\/wp\/v2\/product_tag?post=526"},{"taxonomy":"serie","embeddable":true,"href":"https:\/\/www.valaz.es\/it\/wp-json\/wp\/v2\/serie?post=526"},{"taxonomy":"manual-de-instalacion","embeddable":true,"href":"https:\/\/www.valaz.es\/it\/wp-json\/wp\/v2\/manual-de-instalacion?post=526"},{"taxonomy":"color","embeddable":true,"href":"https:\/\/www.valaz.es\/it\/wp-json\/wp\/v2\/color?post=526"}],"curies":[{"name":"wp","href":"https:\/\/api.w.org\/{rel}","templated":true}]}}