{"id":5116,"date":"2023-05-25T13:29:23","date_gmt":"2023-05-25T11:29:23","guid":{"rendered":"https:\/\/www.valaz.es\/?post_type=product&#038;p=5116"},"modified":"2025-04-09T08:36:41","modified_gmt":"2025-04-09T06:36:41","slug":"cuerpo-empotrado-termostatico-cuadrado-dos-vias-negro-mate","status":"publish","type":"product","link":"https:\/\/www.valaz.es\/it\/prodotto\/cuerpo-empotrado-termostatico-cuadrado-dos-vias-negro-mate\/","title":{"rendered":"Cuerpo empotrado termost\u00e1tico cuadrado dos v\u00edas negro mate"},"content":{"rendered":"<p class=\"\" data-start=\"64\" data-end=\"371\">El cuerpo empotrado termost\u00e1tico cuadrado de dos v\u00edas en acabado negro mate es una opci\u00f3n moderna y elegante para controlar de forma precisa la temperatura del agua en tu ducha o ba\u00f1era. Su dise\u00f1o cuadrado y el acabado en negro mate aportan un toque de sofisticaci\u00f3n y estilo contempor\u00e1neo a cualquier ba\u00f1o.<\/p>\n<p class=\"\" data-start=\"373\" data-end=\"395\"><strong data-start=\"373\" data-end=\"393\">Especificaciones<\/strong><\/p>\n<ul data-start=\"396\" data-end=\"768\">\n<li class=\"\" data-start=\"396\" data-end=\"439\">\n<p class=\"\" data-start=\"398\" data-end=\"439\"><strong data-start=\"398\" data-end=\"406\">Tipo<\/strong>: Cuerpo empotrado termost\u00e1tico<\/p>\n<\/li>\n<li class=\"\" data-start=\"440\" data-end=\"540\">\n<p class=\"\" data-start=\"442\" data-end=\"540\"><strong data-start=\"442\" data-end=\"460\">N\u00famero de v\u00edas<\/strong>: 2 (permite seleccionar entre dos salidas, como rociador y alcachofa de mano)<\/p>\n<\/li>\n<li class=\"\" data-start=\"541\" data-end=\"568\">\n<p class=\"\" data-start=\"543\" data-end=\"568\"><strong data-start=\"543\" data-end=\"554\">Acabado<\/strong>: Negro mate<\/p>\n<\/li>\n<li class=\"\" data-start=\"569\" data-end=\"608\">\n<p class=\"\" data-start=\"571\" data-end=\"608\"><strong data-start=\"571\" data-end=\"583\">Material<\/strong>: Lat\u00f3n de alta calidad<\/p>\n<\/li>\n<li class=\"\" data-start=\"609\" data-end=\"695\">\n<p class=\"\" data-start=\"611\" data-end=\"695\"><strong data-start=\"611\" data-end=\"636\">Cartucho termost\u00e1tico<\/strong>: Para controlar de forma precisa la temperatura del agua<\/p>\n<\/li>\n<li class=\"\" data-start=\"696\" data-end=\"768\">\n<p class=\"\" data-start=\"698\" data-end=\"768\"><strong data-start=\"698\" data-end=\"713\">Instalaci\u00f3n<\/strong>: Empotrado, ideal para ba\u00f1os modernos y minimalistas<\/p>\n<\/li>\n<\/ul>\n","protected":false},"excerpt":{"rendered":"<p>El cuerpo empotrado termost\u00e1tico cuadrado de dos v\u00edas en acabado  [&#8230;]<\/p>\n","protected":false},"featured_media":13643,"template":"","meta":[],"product_brand":[],"product_cat":[390],"product_tag":[],"serie":[],"manual-de-instalacion":[],"color":[27],"class_list":{"0":"post-5116","1":"product","2":"type-product","3":"status-publish","4":"has-post-thumbnail","6":"product_cat-elementos-de-ducha","7":"color-negro-mate","9":"first","10":"outofstock","11":"taxable","12":"shipping-taxable","13":"product-type-simple"},"_links":{"self":[{"href":"https:\/\/www.valaz.es\/it\/wp-json\/wp\/v2\/product\/5116","targetHints":{"allow":["GET"]}}],"collection":[{"href":"https:\/\/www.valaz.es\/it\/wp-json\/wp\/v2\/product"}],"about":[{"href":"https:\/\/www.valaz.es\/it\/wp-json\/wp\/v2\/types\/product"}],"wp:featuredmedia":[{"embeddable":true,"href":"https:\/\/www.valaz.es\/it\/wp-json\/wp\/v2\/media\/13643"}],"wp:attachment":[{"href":"https:\/\/www.valaz.es\/it\/wp-json\/wp\/v2\/media?parent=5116"}],"wp:term":[{"taxonomy":"product_brand","embeddable":true,"href":"https:\/\/www.valaz.es\/it\/wp-json\/wp\/v2\/product_brand?post=5116"},{"taxonomy":"product_cat","embeddable":true,"href":"https:\/\/www.valaz.es\/it\/wp-json\/wp\/v2\/product_cat?post=5116"},{"taxonomy":"product_tag","embeddable":true,"href":"https:\/\/www.valaz.es\/it\/wp-json\/wp\/v2\/product_tag?post=5116"},{"taxonomy":"serie","embeddable":true,"href":"https:\/\/www.valaz.es\/it\/wp-json\/wp\/v2\/serie?post=5116"},{"taxonomy":"manual-de-instalacion","embeddable":true,"href":"https:\/\/www.valaz.es\/it\/wp-json\/wp\/v2\/manual-de-instalacion?post=5116"},{"taxonomy":"color","embeddable":true,"href":"https:\/\/www.valaz.es\/it\/wp-json\/wp\/v2\/color?post=5116"}],"curies":[{"name":"wp","href":"https:\/\/api.w.org\/{rel}","templated":true}]}}