{"id":5114,"date":"2023-05-25T13:26:23","date_gmt":"2023-05-25T11:26:23","guid":{"rendered":"https:\/\/www.valaz.es\/?post_type=product&#038;p=5114"},"modified":"2025-07-24T00:54:18","modified_gmt":"2025-07-23T22:54:18","slug":"cuerpo-empotrado-termoastaico-redondo-dos-vias-dorado-cepillado","status":"publish","type":"product","link":"https:\/\/www.valaz.es\/it\/prodotto\/cuerpo-empotrado-termoastaico-redondo-dos-vias-dorado-cepillado\/","title":{"rendered":"Cuerpo empotrado termost\u00e1tico redondo dos v\u00edas dorado cepillado"},"content":{"rendered":"<p class=\"\" data-start=\"69\" data-end=\"357\">Este cuerpo empotrado termost\u00e1tico redondo de dos v\u00edas en acabado dorado cepillado aporta un toque elegante y lujoso a tu ba\u00f1o, combinando funcionalidad con un dise\u00f1o sofisticado. Su acabado dorado cepillado resalta en espacios modernos y de lujo, brindando un ambiente \u00fanico y exclusivo.<\/p>\n<p class=\"\" data-start=\"359\" data-end=\"381\"><strong data-start=\"359\" data-end=\"379\">Especificaciones<\/strong><\/p>\n<ul data-start=\"382\" data-end=\"881\">\n<li class=\"\" data-start=\"382\" data-end=\"425\">\n<p class=\"\" data-start=\"384\" data-end=\"425\"><strong data-start=\"384\" data-end=\"392\">Tipo<\/strong>: Cuerpo empotrado termost\u00e1tico<\/p>\n<\/li>\n<li class=\"\" data-start=\"426\" data-end=\"526\">\n<p class=\"\" data-start=\"428\" data-end=\"526\"><strong data-start=\"428\" data-end=\"446\">N\u00famero de v\u00edas<\/strong>: 2 (permite seleccionar entre dos salidas, como rociador y alcachofa de mano)<\/p>\n<\/li>\n<li class=\"\" data-start=\"527\" data-end=\"614\">\n<p class=\"\" data-start=\"529\" data-end=\"614\"><strong data-start=\"529\" data-end=\"540\">Acabado<\/strong>: Dorado cepillado, con resistencia a la corrosi\u00f3n y f\u00e1cil mantenimiento<\/p>\n<\/li>\n<li class=\"\" data-start=\"615\" data-end=\"674\">\n<p class=\"\" data-start=\"617\" data-end=\"674\"><strong data-start=\"617\" data-end=\"629\">Material<\/strong>: Lat\u00f3n de alta calidad, robusto y duradero<\/p>\n<\/li>\n<li class=\"\" data-start=\"675\" data-end=\"797\">\n<p class=\"\" data-start=\"677\" data-end=\"797\"><strong data-start=\"677\" data-end=\"702\">Cartucho termost\u00e1tico<\/strong>: Permite un control preciso de la temperatura del agua para garantizar comodidad y seguridad<\/p>\n<\/li>\n<li class=\"\" data-start=\"798\" data-end=\"881\">\n<p class=\"\" data-start=\"800\" data-end=\"881\"><strong data-start=\"800\" data-end=\"815\">Instalaci\u00f3n<\/strong>: Empotrado, ideal para dise\u00f1os de ba\u00f1o minimalistas y elegantes<\/p>\n<\/li>\n<\/ul>\n","protected":false},"excerpt":{"rendered":"<p>Este cuerpo empotrado termost\u00e1tico redondo de dos v\u00edas en acabado  [&#8230;]<\/p>\n","protected":false},"featured_media":13693,"template":"","meta":[],"product_brand":[],"product_cat":[390],"product_tag":[],"serie":[],"manual-de-instalacion":[],"color":[34],"class_list":{"0":"post-5114","1":"product","2":"type-product","3":"status-publish","4":"has-post-thumbnail","6":"product_cat-elementos-de-ducha","7":"color-dorado-cepillado","9":"first","10":"instock","11":"taxable","12":"shipping-taxable","13":"product-type-simple"},"_links":{"self":[{"href":"https:\/\/www.valaz.es\/it\/wp-json\/wp\/v2\/product\/5114","targetHints":{"allow":["GET"]}}],"collection":[{"href":"https:\/\/www.valaz.es\/it\/wp-json\/wp\/v2\/product"}],"about":[{"href":"https:\/\/www.valaz.es\/it\/wp-json\/wp\/v2\/types\/product"}],"wp:featuredmedia":[{"embeddable":true,"href":"https:\/\/www.valaz.es\/it\/wp-json\/wp\/v2\/media\/13693"}],"wp:attachment":[{"href":"https:\/\/www.valaz.es\/it\/wp-json\/wp\/v2\/media?parent=5114"}],"wp:term":[{"taxonomy":"product_brand","embeddable":true,"href":"https:\/\/www.valaz.es\/it\/wp-json\/wp\/v2\/product_brand?post=5114"},{"taxonomy":"product_cat","embeddable":true,"href":"https:\/\/www.valaz.es\/it\/wp-json\/wp\/v2\/product_cat?post=5114"},{"taxonomy":"product_tag","embeddable":true,"href":"https:\/\/www.valaz.es\/it\/wp-json\/wp\/v2\/product_tag?post=5114"},{"taxonomy":"serie","embeddable":true,"href":"https:\/\/www.valaz.es\/it\/wp-json\/wp\/v2\/serie?post=5114"},{"taxonomy":"manual-de-instalacion","embeddable":true,"href":"https:\/\/www.valaz.es\/it\/wp-json\/wp\/v2\/manual-de-instalacion?post=5114"},{"taxonomy":"color","embeddable":true,"href":"https:\/\/www.valaz.es\/it\/wp-json\/wp\/v2\/color?post=5114"}],"curies":[{"name":"wp","href":"https:\/\/api.w.org\/{rel}","templated":true}]}}