{"id":5112,"date":"2023-05-25T13:23:09","date_gmt":"2023-05-25T11:23:09","guid":{"rendered":"https:\/\/www.valaz.es\/?post_type=product&#038;p=5112"},"modified":"2025-10-28T14:54:23","modified_gmt":"2025-10-28T13:54:23","slug":"cuerpo-empotrado-termostatico-redondo-dos-vias-cromado","status":"publish","type":"product","link":"https:\/\/www.valaz.es\/it\/prodotto\/cuerpo-empotrado-termostatico-redondo-dos-vias-cromado\/","title":{"rendered":"Cuerpo empotrado termost\u00e1tico redondo dos v\u00edas cromado"},"content":{"rendered":"<p class=\"\" data-start=\"60\" data-end=\"340\">Este cuerpo empotrado termost\u00e1tico redondo de dos v\u00edas con acabado cromado es una opci\u00f3n ideal para aquellos que buscan un dise\u00f1o elegante y funcional en su ba\u00f1o. Su dise\u00f1o compacto y su sistema de control de temperatura avanzado ofrecen una experiencia de ducha c\u00f3moda y precisa.<\/p>\n<p class=\"\" data-start=\"342\" data-end=\"362\"><strong data-start=\"342\" data-end=\"362\">Especificaciones<\/strong><\/p>\n<ul data-start=\"363\" data-end=\"958\">\n<li class=\"\" data-start=\"363\" data-end=\"404\">\n<p class=\"\" data-start=\"365\" data-end=\"404\"><strong data-start=\"365\" data-end=\"373\">Tipo<\/strong>: Cuerpo empotrado termost\u00e1tico<\/p>\n<\/li>\n<li class=\"\" data-start=\"405\" data-end=\"503\">\n<p class=\"\" data-start=\"407\" data-end=\"503\"><strong data-start=\"407\" data-end=\"425\">N\u00famero de v\u00edas<\/strong>: 2 (permite seleccionar entre dos salidas, como rociador y alcachofa de mano)<\/p>\n<\/li>\n<li class=\"\" data-start=\"504\" data-end=\"591\">\n<p class=\"\" data-start=\"506\" data-end=\"591\"><strong data-start=\"506\" data-end=\"517\">Acabado<\/strong>: Cromado, proporcionando un acabado brillante y resistente a la corrosi\u00f3n<\/p>\n<\/li>\n<li class=\"\" data-start=\"592\" data-end=\"670\">\n<p class=\"\" data-start=\"594\" data-end=\"670\"><strong data-start=\"594\" data-end=\"606\">Material<\/strong>: Lat\u00f3n de alta calidad para una mayor durabilidad y resistencia<\/p>\n<\/li>\n<li class=\"\" data-start=\"671\" data-end=\"769\">\n<p class=\"\" data-start=\"673\" data-end=\"769\"><strong data-start=\"673\" data-end=\"698\">Cartucho termost\u00e1tico<\/strong>: Proporciona un control constante y preciso de la temperatura del agua<\/p>\n<\/li>\n<li class=\"\" data-start=\"770\" data-end=\"843\">\n<p class=\"\" data-start=\"772\" data-end=\"843\"><strong data-start=\"772\" data-end=\"787\">Instalaci\u00f3n<\/strong>: Empotrado, ideal para espacios modernos y minimalistas<\/p>\n<\/li>\n<li class=\"\" data-start=\"844\" data-end=\"958\">\n<p class=\"\" data-start=\"846\" data-end=\"958\"><strong data-start=\"846\" data-end=\"877\">Caracter\u00edsticas adicionales<\/strong>: Resistente a los cambios de temperatura, f\u00e1cil de mantener y de larga vida \u00fatil<\/p>\n<\/li>\n<li data-start=\"844\" data-end=\"958\"><strong>Incluye:<\/strong> Box empotrable<\/li>\n<\/ul>\n","protected":false},"excerpt":{"rendered":"<p>Este cuerpo empotrado termost\u00e1tico redondo de dos v\u00edas con acabado  [&#8230;]<\/p>\n","protected":false},"featured_media":13607,"template":"","meta":[],"product_brand":[],"product_cat":[390],"product_tag":[],"serie":[],"manual-de-instalacion":[],"color":[26],"class_list":{"0":"post-5112","1":"product","2":"type-product","3":"status-publish","4":"has-post-thumbnail","6":"product_cat-elementos-de-ducha","7":"color-cromo","9":"first","10":"instock","11":"taxable","12":"shipping-taxable","13":"product-type-simple"},"_links":{"self":[{"href":"https:\/\/www.valaz.es\/it\/wp-json\/wp\/v2\/product\/5112","targetHints":{"allow":["GET"]}}],"collection":[{"href":"https:\/\/www.valaz.es\/it\/wp-json\/wp\/v2\/product"}],"about":[{"href":"https:\/\/www.valaz.es\/it\/wp-json\/wp\/v2\/types\/product"}],"wp:featuredmedia":[{"embeddable":true,"href":"https:\/\/www.valaz.es\/it\/wp-json\/wp\/v2\/media\/13607"}],"wp:attachment":[{"href":"https:\/\/www.valaz.es\/it\/wp-json\/wp\/v2\/media?parent=5112"}],"wp:term":[{"taxonomy":"product_brand","embeddable":true,"href":"https:\/\/www.valaz.es\/it\/wp-json\/wp\/v2\/product_brand?post=5112"},{"taxonomy":"product_cat","embeddable":true,"href":"https:\/\/www.valaz.es\/it\/wp-json\/wp\/v2\/product_cat?post=5112"},{"taxonomy":"product_tag","embeddable":true,"href":"https:\/\/www.valaz.es\/it\/wp-json\/wp\/v2\/product_tag?post=5112"},{"taxonomy":"serie","embeddable":true,"href":"https:\/\/www.valaz.es\/it\/wp-json\/wp\/v2\/serie?post=5112"},{"taxonomy":"manual-de-instalacion","embeddable":true,"href":"https:\/\/www.valaz.es\/it\/wp-json\/wp\/v2\/manual-de-instalacion?post=5112"},{"taxonomy":"color","embeddable":true,"href":"https:\/\/www.valaz.es\/it\/wp-json\/wp\/v2\/color?post=5112"}],"curies":[{"name":"wp","href":"https:\/\/api.w.org\/{rel}","templated":true}]}}