{"id":5111,"date":"2023-05-25T13:21:40","date_gmt":"2023-05-25T11:21:40","guid":{"rendered":"https:\/\/www.valaz.es\/?post_type=product&#038;p=5111"},"modified":"2025-05-23T09:49:50","modified_gmt":"2025-05-23T07:49:50","slug":"cuerpo-empotrado-monomando-cuadrado-dos-vias-dorado-cepillado","status":"publish","type":"product","link":"https:\/\/www.valaz.es\/it\/prodotto\/cuerpo-empotrado-monomando-cuadrado-dos-vias-dorado-cepillado\/","title":{"rendered":"Cuerpo empotrado monomando cuadrado dos v\u00edas dorado cepillado"},"content":{"rendered":"<p class=\"\" data-start=\"67\" data-end=\"439\">Este cuerpo empotrado monomando cuadrado de dos v\u00edas con acabado dorado cepillado es una opci\u00f3n sofisticada y de alta gama para quienes buscan un dise\u00f1o contempor\u00e1neo y lujoso en su ba\u00f1o. Su acabado dorado cepillado proporciona un toque elegante, mientras que el sistema monomando garantiza facilidad de uso y precisi\u00f3n en el control de la temperatura y el flujo del agua.<\/p>\n<p class=\"\" data-start=\"441\" data-end=\"461\"><strong data-start=\"441\" data-end=\"461\">Especificaciones<\/strong><\/p>\n<ul data-start=\"462\" data-end=\"1091\">\n<li class=\"\" data-start=\"462\" data-end=\"500\">\n<p class=\"\" data-start=\"464\" data-end=\"500\"><strong data-start=\"464\" data-end=\"472\">Tipo<\/strong>: Cuerpo empotrado monomando<\/p>\n<\/li>\n<li class=\"\" data-start=\"501\" data-end=\"599\">\n<p class=\"\" data-start=\"503\" data-end=\"599\"><strong data-start=\"503\" data-end=\"521\">N\u00famero de v\u00edas<\/strong>: 2 (permite seleccionar entre dos salidas, como rociador y alcachofa de mano)<\/p>\n<\/li>\n<li class=\"\" data-start=\"600\" data-end=\"683\">\n<p class=\"\" data-start=\"602\" data-end=\"683\"><strong data-start=\"602\" data-end=\"613\">Acabado<\/strong>: Dorado cepillado, para un toque de lujo y resistencia a la corrosi\u00f3n<\/p>\n<\/li>\n<li class=\"\" data-start=\"684\" data-end=\"781\">\n<p class=\"\" data-start=\"686\" data-end=\"781\"><strong data-start=\"686\" data-end=\"698\">Material<\/strong>: Lat\u00f3n de alta calidad, ideal para una larga durabilidad y resistencia al desgaste<\/p>\n<\/li>\n<li class=\"\" data-start=\"782\" data-end=\"883\">\n<p class=\"\" data-start=\"784\" data-end=\"883\"><strong data-start=\"784\" data-end=\"806\">Cartucho monomando<\/strong>: Permite un control sencillo y preciso de la temperatura y el caudal de agua<\/p>\n<\/li>\n<li class=\"\" data-start=\"884\" data-end=\"959\">\n<p class=\"\" data-start=\"886\" data-end=\"959\"><strong data-start=\"886\" data-end=\"901\">Instalaci\u00f3n<\/strong>: Empotrado, ideal para instalaciones modernas y elegantes<\/p>\n<\/li>\n<li class=\"\" data-start=\"960\" data-end=\"1091\">\n<p class=\"\" data-start=\"962\" data-end=\"1091\"><strong data-start=\"962\" data-end=\"993\">Caracter\u00edsticas adicionales<\/strong>: Resistente a la corrosi\u00f3n y al desgaste, f\u00e1cil de mantener, y con un dise\u00f1o limpio y minimalista<\/p>\n<\/li>\n<\/ul>\n","protected":false},"excerpt":{"rendered":"<p>Este cuerpo empotrado monomando cuadrado de dos v\u00edas con acabado  [&#8230;]<\/p>\n","protected":false},"featured_media":17913,"template":"","meta":[],"product_brand":[],"product_cat":[390],"product_tag":[],"serie":[],"manual-de-instalacion":[],"color":[34],"class_list":{"0":"post-5111","1":"product","2":"type-product","3":"status-publish","4":"has-post-thumbnail","6":"product_cat-elementos-de-ducha","7":"color-dorado-cepillado","9":"first","10":"instock","11":"taxable","12":"shipping-taxable","13":"product-type-simple"},"_links":{"self":[{"href":"https:\/\/www.valaz.es\/it\/wp-json\/wp\/v2\/product\/5111","targetHints":{"allow":["GET"]}}],"collection":[{"href":"https:\/\/www.valaz.es\/it\/wp-json\/wp\/v2\/product"}],"about":[{"href":"https:\/\/www.valaz.es\/it\/wp-json\/wp\/v2\/types\/product"}],"wp:featuredmedia":[{"embeddable":true,"href":"https:\/\/www.valaz.es\/it\/wp-json\/wp\/v2\/media\/17913"}],"wp:attachment":[{"href":"https:\/\/www.valaz.es\/it\/wp-json\/wp\/v2\/media?parent=5111"}],"wp:term":[{"taxonomy":"product_brand","embeddable":true,"href":"https:\/\/www.valaz.es\/it\/wp-json\/wp\/v2\/product_brand?post=5111"},{"taxonomy":"product_cat","embeddable":true,"href":"https:\/\/www.valaz.es\/it\/wp-json\/wp\/v2\/product_cat?post=5111"},{"taxonomy":"product_tag","embeddable":true,"href":"https:\/\/www.valaz.es\/it\/wp-json\/wp\/v2\/product_tag?post=5111"},{"taxonomy":"serie","embeddable":true,"href":"https:\/\/www.valaz.es\/it\/wp-json\/wp\/v2\/serie?post=5111"},{"taxonomy":"manual-de-instalacion","embeddable":true,"href":"https:\/\/www.valaz.es\/it\/wp-json\/wp\/v2\/manual-de-instalacion?post=5111"},{"taxonomy":"color","embeddable":true,"href":"https:\/\/www.valaz.es\/it\/wp-json\/wp\/v2\/color?post=5111"}],"curies":[{"name":"wp","href":"https:\/\/api.w.org\/{rel}","templated":true}]}}