{"id":5108,"date":"2023-05-25T13:13:53","date_gmt":"2023-05-25T11:13:53","guid":{"rendered":"https:\/\/www.valaz.es\/?post_type=product&#038;p=5108"},"modified":"2025-04-09T09:18:13","modified_gmt":"2025-04-09T07:18:13","slug":"cuerpo-empotrado-monomando-redondo-dos-vias-dorado-cepillado","status":"publish","type":"product","link":"https:\/\/www.valaz.es\/it\/prodotto\/cuerpo-empotrado-monomando-redondo-dos-vias-dorado-cepillado\/","title":{"rendered":"Cuerpo empotrado monomando redondo dos v\u00edas dorado cepillado"},"content":{"rendered":"<p class=\"\" data-start=\"66\" data-end=\"398\">Este cuerpo empotrado monomando redondo de dos v\u00edas con acabado dorado cepillado ofrece una combinaci\u00f3n perfecta de elegancia y funcionalidad. Su dise\u00f1o redondo y el acabado dorado cepillado aportan un toque de lujo y sofisticaci\u00f3n a cualquier ba\u00f1o, mientras que la tecnolog\u00eda monomando permite un control preciso y c\u00f3modo del agua.<\/p>\n<p class=\"\" data-start=\"400\" data-end=\"420\"><strong data-start=\"400\" data-end=\"420\">Especificaciones<\/strong><\/p>\n<ul data-start=\"421\" data-end=\"1035\">\n<li class=\"\" data-start=\"421\" data-end=\"459\">\n<p class=\"\" data-start=\"423\" data-end=\"459\"><strong data-start=\"423\" data-end=\"431\">Tipo<\/strong>: Cuerpo empotrado monomando<\/p>\n<\/li>\n<li class=\"\" data-start=\"460\" data-end=\"564\">\n<p class=\"\" data-start=\"462\" data-end=\"564\"><strong data-start=\"462\" data-end=\"480\">N\u00famero de v\u00edas<\/strong>: 2 (permite controlar dos salidas de agua, como el rociador y la alcachofa de mano)<\/p>\n<\/li>\n<li class=\"\" data-start=\"565\" data-end=\"665\">\n<p class=\"\" data-start=\"567\" data-end=\"665\"><strong data-start=\"567\" data-end=\"578\">Acabado<\/strong>: Dorado cepillado, que proporciona un aspecto elegante y un toque c\u00e1lido a la grifer\u00eda<\/p>\n<\/li>\n<li class=\"\" data-start=\"666\" data-end=\"741\">\n<p class=\"\" data-start=\"668\" data-end=\"741\"><strong data-start=\"668\" data-end=\"680\">Material<\/strong>: Lat\u00f3n de alta calidad, duradero y resistente a la corrosi\u00f3n<\/p>\n<\/li>\n<li class=\"\" data-start=\"742\" data-end=\"828\">\n<p class=\"\" data-start=\"744\" data-end=\"828\"><strong data-start=\"744\" data-end=\"766\">Cartucho monomando<\/strong>: Control preciso y suave del caudal y la temperatura del agua<\/p>\n<\/li>\n<li class=\"\" data-start=\"829\" data-end=\"895\">\n<p class=\"\" data-start=\"831\" data-end=\"895\"><strong data-start=\"831\" data-end=\"846\">Instalaci\u00f3n<\/strong>: Empotrado, para un dise\u00f1o minimalista y moderno<\/p>\n<\/li>\n<li class=\"\" data-start=\"896\" data-end=\"1035\">\n<p class=\"\" data-start=\"898\" data-end=\"1035\"><strong data-start=\"898\" data-end=\"929\">Caracter\u00edsticas adicionales<\/strong>: Resistente a la corrosi\u00f3n, f\u00e1cil de limpiar y mantener, dise\u00f1o de lujo ideal para ba\u00f1os de alto est\u00e1ndar<\/p>\n<\/li>\n<\/ul>\n","protected":false},"excerpt":{"rendered":"<p>Este cuerpo empotrado monomando redondo de dos v\u00edas con acabado  [&#8230;]<\/p>\n","protected":false},"featured_media":13591,"template":"","meta":[],"product_brand":[],"product_cat":[390],"product_tag":[],"serie":[],"manual-de-instalacion":[],"color":[34],"class_list":{"0":"post-5108","1":"product","2":"type-product","3":"status-publish","4":"has-post-thumbnail","6":"product_cat-elementos-de-ducha","7":"color-dorado-cepillado","9":"first","10":"outofstock","11":"taxable","12":"shipping-taxable","13":"product-type-simple"},"_links":{"self":[{"href":"https:\/\/www.valaz.es\/it\/wp-json\/wp\/v2\/product\/5108","targetHints":{"allow":["GET"]}}],"collection":[{"href":"https:\/\/www.valaz.es\/it\/wp-json\/wp\/v2\/product"}],"about":[{"href":"https:\/\/www.valaz.es\/it\/wp-json\/wp\/v2\/types\/product"}],"wp:featuredmedia":[{"embeddable":true,"href":"https:\/\/www.valaz.es\/it\/wp-json\/wp\/v2\/media\/13591"}],"wp:attachment":[{"href":"https:\/\/www.valaz.es\/it\/wp-json\/wp\/v2\/media?parent=5108"}],"wp:term":[{"taxonomy":"product_brand","embeddable":true,"href":"https:\/\/www.valaz.es\/it\/wp-json\/wp\/v2\/product_brand?post=5108"},{"taxonomy":"product_cat","embeddable":true,"href":"https:\/\/www.valaz.es\/it\/wp-json\/wp\/v2\/product_cat?post=5108"},{"taxonomy":"product_tag","embeddable":true,"href":"https:\/\/www.valaz.es\/it\/wp-json\/wp\/v2\/product_tag?post=5108"},{"taxonomy":"serie","embeddable":true,"href":"https:\/\/www.valaz.es\/it\/wp-json\/wp\/v2\/serie?post=5108"},{"taxonomy":"manual-de-instalacion","embeddable":true,"href":"https:\/\/www.valaz.es\/it\/wp-json\/wp\/v2\/manual-de-instalacion?post=5108"},{"taxonomy":"color","embeddable":true,"href":"https:\/\/www.valaz.es\/it\/wp-json\/wp\/v2\/color?post=5108"}],"curies":[{"name":"wp","href":"https:\/\/api.w.org\/{rel}","templated":true}]}}