{"id":5054,"date":"2023-05-25T13:07:54","date_gmt":"2023-05-25T11:07:54","guid":{"rendered":"https:\/\/www.valaz.es\/?post_type=product&#038;p=5054"},"modified":"2025-10-31T18:54:28","modified_gmt":"2025-10-31T17:54:28","slug":"cuerpo-empotrado-monomando-redondo-dos-vias-cromado","status":"publish","type":"product","link":"https:\/\/www.valaz.es\/it\/prodotto\/cuerpo-empotrado-monomando-redondo-dos-vias-cromado\/","title":{"rendered":"Cuerpo empotrado monomando redondo dos v\u00edas cromado"},"content":{"rendered":"<p class=\"\" data-start=\"57\" data-end=\"388\">Este cuerpo empotrado monomando redondo de dos v\u00edas con acabado cromado ofrece un dise\u00f1o elegante y funcional, ideal para ba\u00f1os modernos. Su sistema monomando permite un control f\u00e1cil y preciso tanto del caudal como de la temperatura del agua, mientras que el acabado cromado garantiza una apariencia brillante y f\u00e1cil de mantener.<\/p>\n<p class=\"\" data-start=\"390\" data-end=\"410\"><strong data-start=\"390\" data-end=\"410\">Especificaciones<\/strong><\/p>\n<ul data-start=\"411\" data-end=\"1020\">\n<li class=\"\" data-start=\"411\" data-end=\"449\">\n<p class=\"\" data-start=\"413\" data-end=\"449\"><strong data-start=\"413\" data-end=\"421\">Tipo<\/strong>: Cuerpo empotrado monomando<\/p>\n<\/li>\n<li class=\"\" data-start=\"450\" data-end=\"551\">\n<p class=\"\" data-start=\"452\" data-end=\"551\"><strong data-start=\"452\" data-end=\"470\">N\u00famero de v\u00edas<\/strong>: 2 (para controlar dos salidas de agua, como el rociador y la alcachofa de mano)<\/p>\n<\/li>\n<li class=\"\" data-start=\"552\" data-end=\"631\">\n<p class=\"\" data-start=\"554\" data-end=\"631\"><strong data-start=\"554\" data-end=\"565\">Acabado<\/strong>: Cromado, proporcionando un brillo duradero y f\u00e1cil mantenimiento<\/p>\n<\/li>\n<li class=\"\" data-start=\"632\" data-end=\"707\">\n<p class=\"\" data-start=\"634\" data-end=\"707\"><strong data-start=\"634\" data-end=\"646\">Material<\/strong>: Lat\u00f3n de alta calidad, resistente a la corrosi\u00f3n y desgaste<\/p>\n<\/li>\n<li class=\"\" data-start=\"708\" data-end=\"797\">\n<p class=\"\" data-start=\"710\" data-end=\"797\"><strong data-start=\"710\" data-end=\"732\">Cartucho monomando<\/strong>: Permite ajustar con precisi\u00f3n la temperatura y el flujo de agua<\/p>\n<\/li>\n<li class=\"\" data-start=\"798\" data-end=\"866\">\n<p class=\"\" data-start=\"800\" data-end=\"866\"><strong data-start=\"800\" data-end=\"815\">Instalaci\u00f3n<\/strong>: Empotrado, creando un dise\u00f1o limpio y minimalista<\/p>\n<\/li>\n<li class=\"\" data-start=\"867\" data-end=\"1020\">\n<p class=\"\" data-start=\"869\" data-end=\"1020\"><strong data-start=\"869\" data-end=\"900\">Caracter\u00edsticas adicionales<\/strong>: Resistente a la corrosi\u00f3n, f\u00e1cil de limpiar, con un acabado brillante que mantiene su apariencia a lo largo del tiempo<\/p>\n<\/li>\n<\/ul>\n","protected":false},"excerpt":{"rendered":"<p>Este cuerpo empotrado monomando redondo de dos v\u00edas con acabado  [&#8230;]<\/p>\n","protected":false},"featured_media":13587,"template":"","meta":[],"product_brand":[],"product_cat":[390],"product_tag":[],"serie":[],"manual-de-instalacion":[],"color":[26],"class_list":{"0":"post-5054","1":"product","2":"type-product","3":"status-publish","4":"has-post-thumbnail","6":"product_cat-elementos-de-ducha","7":"color-cromo","9":"first","10":"instock","11":"taxable","12":"shipping-taxable","13":"product-type-simple"},"_links":{"self":[{"href":"https:\/\/www.valaz.es\/it\/wp-json\/wp\/v2\/product\/5054","targetHints":{"allow":["GET"]}}],"collection":[{"href":"https:\/\/www.valaz.es\/it\/wp-json\/wp\/v2\/product"}],"about":[{"href":"https:\/\/www.valaz.es\/it\/wp-json\/wp\/v2\/types\/product"}],"wp:featuredmedia":[{"embeddable":true,"href":"https:\/\/www.valaz.es\/it\/wp-json\/wp\/v2\/media\/13587"}],"wp:attachment":[{"href":"https:\/\/www.valaz.es\/it\/wp-json\/wp\/v2\/media?parent=5054"}],"wp:term":[{"taxonomy":"product_brand","embeddable":true,"href":"https:\/\/www.valaz.es\/it\/wp-json\/wp\/v2\/product_brand?post=5054"},{"taxonomy":"product_cat","embeddable":true,"href":"https:\/\/www.valaz.es\/it\/wp-json\/wp\/v2\/product_cat?post=5054"},{"taxonomy":"product_tag","embeddable":true,"href":"https:\/\/www.valaz.es\/it\/wp-json\/wp\/v2\/product_tag?post=5054"},{"taxonomy":"serie","embeddable":true,"href":"https:\/\/www.valaz.es\/it\/wp-json\/wp\/v2\/serie?post=5054"},{"taxonomy":"manual-de-instalacion","embeddable":true,"href":"https:\/\/www.valaz.es\/it\/wp-json\/wp\/v2\/manual-de-instalacion?post=5054"},{"taxonomy":"color","embeddable":true,"href":"https:\/\/www.valaz.es\/it\/wp-json\/wp\/v2\/color?post=5054"}],"curies":[{"name":"wp","href":"https:\/\/api.w.org\/{rel}","templated":true}]}}