{"id":502,"date":"2022-11-09T13:53:49","date_gmt":"2022-11-09T12:53:49","guid":{"rendered":"https:\/\/www.valaz.es\/?post_type=product&#038;p=502"},"modified":"2026-04-07T16:33:08","modified_gmt":"2026-04-07T14:33:08","slug":"ducha-empotrada-de-banera-a-pared-acero-cepillado-serie-jucar","status":"publish","type":"product","link":"https:\/\/www.valaz.es\/it\/prodotto\/ducha-empotrada-de-banera-a-pared-acero-cepillado-serie-jucar\/","title":{"rendered":"Ducha empotrada de ba\u00f1era a pared acero cepillado &#8211; Serie Jucar"},"content":{"rendered":"<p class=\"\" data-start=\"69\" data-end=\"468\">La ducha empotrada de ba\u00f1era a pared Serie Jucar con acabado en acero cepillado es la opci\u00f3n ideal para ba\u00f1os modernos que buscan funcionalidad y dise\u00f1o. Incluye un rociador de 20, 25 y 30 cm con efecto lluvia, alcachofa de mano y un ca\u00f1o de grifo de 21 cm, todo controlado por un monomando de 3 v\u00edas. Esta ducha te ofrece versatilidad y comodidad para disfrutar de una experiencia de ba\u00f1o completa.<\/p>\n<p class=\"\" data-start=\"470\" data-end=\"492\"><strong data-start=\"470\" data-end=\"490\">Especificaciones<\/strong><\/p>\n<ul data-start=\"493\" data-end=\"800\">\n<li class=\"\" data-start=\"493\" data-end=\"545\">\n<p class=\"\" data-start=\"495\" data-end=\"545\"><strong data-start=\"495\" data-end=\"513\">Tipo de ducha:<\/strong> Empotrada a pared para ba\u00f1era<\/p>\n<\/li>\n<li class=\"\" data-start=\"546\" data-end=\"578\">\n<p class=\"\" data-start=\"548\" data-end=\"578\"><strong data-start=\"548\" data-end=\"560\">Acabado:<\/strong> Acero cepillado<\/p>\n<\/li>\n<li class=\"\" data-start=\"579\" data-end=\"622\">\n<p class=\"\" data-start=\"581\" data-end=\"622\"><strong data-start=\"581\" data-end=\"594\">Rociador:<\/strong> 20, 25 y 30 cm con soporte a pared<\/p>\n<\/li>\n<li class=\"\" data-start=\"623\" data-end=\"710\">\n<p class=\"\" data-start=\"625\" data-end=\"710\"><strong data-start=\"625\" data-end=\"639\">Monomando:<\/strong> 3 v\u00edas (rociador efecto lluvia, alcachofa de mano, ca\u00f1o grifo 21 cm)<\/p>\n<\/li>\n<li class=\"\" data-start=\"711\" data-end=\"752\">\n<p class=\"\" data-start=\"713\" data-end=\"752\"><strong data-start=\"713\" data-end=\"723\">Flexo:<\/strong> 150 cm de acero inoxidable<\/p>\n<\/li>\n<li class=\"\" data-start=\"753\" data-end=\"800\">\n<p class=\"\" data-start=\"755\" data-end=\"800\"><strong data-start=\"755\" data-end=\"777\">Alcachofa de mano:<\/strong> de PVC , incluida con soporte<\/p>\n<\/li>\n<\/ul>\n<p class=\"\" data-start=\"802\" data-end=\"817\"><strong data-start=\"802\" data-end=\"815\">Funciones<\/strong><\/p>\n<ul data-start=\"818\" data-end=\"1019\">\n<li class=\"\" data-start=\"818\" data-end=\"885\">\n<p class=\"\" data-start=\"820\" data-end=\"885\">Rociador de efecto lluvia para una ducha envolvente y relajante<\/p>\n<\/li>\n<li class=\"\" data-start=\"886\" data-end=\"955\">\n<p class=\"\" data-start=\"888\" data-end=\"955\">Alcachofa de mano con soporte para mayor flexibilidad y comodidad<\/p>\n<\/li>\n<li class=\"\" data-start=\"956\" data-end=\"1019\">\n<p class=\"\" data-start=\"958\" data-end=\"1019\">Ca\u00f1o grifo de 21 cm para un flujo de agua adecuado y pr\u00e1ctico<\/p>\n<\/li>\n<\/ul>\n","protected":false},"excerpt":{"rendered":"<p>Serie J\u00facar con l\u00ednea curvas y redondas aporta confort, elegancia y bienestar, perfecta para todo tipo de ba\u00f1os. Actualmente disponemos diferentes acabados cromados, acero cepillado, dorado cepilladlo, dorado envejecido, negro mate, blanco. Es una de nuestras series m\u00e1s completa, ya que tenemos una gran variedad Ducha empotrada donde puedes a\u00f1adir ca\u00f1o para el ba\u00f1o, grifo empotrado de lavabo, grifo de bid\u00e9, grifo t\u00f3tem empotrado de ba\u00f1era exenta. Todos nuestros modelos de grifer\u00eda empotrada incluyen la caja box con cartucho monomando y selector, soporte ducha, flexo y alcachofa de mano junto con el rociador.<\/p>\n<p>La garant\u00eda de todos nuestros productos es de 3 a\u00f1os, para funcionamiento, duraci\u00f3n del esmaltado y anticorrosi\u00f3n.<\/p>\n<p>Recomendamos para un correcto mantenimiento de la grifer\u00eda y evitar el deterioro por el uso. Secar las gotas de agua con un pa\u00f1o suave despu\u00e9s del uso, evitando que se posen en la superficie y deterioran el acabado, no utilizar esponjas que puedan rayar la grifer\u00eda, utilizar limpiadores como vinagre limpieza, agua caliente y jab\u00f3n con ph neutro.<\/p>\n<p>&nbsp;<\/p>\n<p><strong>Nuestro departamento\u00a0t\u00e9cnico\u00a0dispone de\u00a0gu\u00edas\u00a0de todos los\u00a0modelos\u00a0empotrados\u00a0que vendemos<\/strong><strong>,\u00a0si tiene alguna duda con la\u00a0instalaci\u00f3n\u00a0contacte con nosotros mediante\u00a0tel\u00e9fono,\u00a0WhatsApp\u00a0o email dentro del horario laboral indicado en la web.<\/strong><\/p>\n<p><strong>Recuerden que una vez instalado el cuerpo\u00a0empotrado\u00a0de la\u00a0grifer\u00eda\u00a0revisar de su correcto funcionamiento de paso de agua, comprobaci\u00f3n de cartuchos y corte de agua, si detecta alguna\u00a0anomal\u00eda\u00a0informe a nuestro\u00a0departamento\u00a0para darle una\u00a0soluci\u00f3n, no\u00a0contin\u00fae\u00a0con la\u00a0instalaci\u00f3n\u00a0de cerramiento de la pared.<\/strong><\/p>\n","protected":false},"featured_media":503,"template":"","meta":[],"product_brand":[],"product_cat":[57,60,61,47],"product_tag":[],"serie":[56],"manual-de-instalacion":[78],"color":[28],"class_list":{"0":"post-502","1":"product","2":"type-product","3":"status-publish","4":"has-post-thumbnail","6":"product_cat-duchas-empotradas","7":"product_cat-griferia-de-banera","8":"product_cat-griferia-de-banera-empotrada","9":"product_cat-duchas","10":"pa_tamano-rociador-20cm","11":"pa_tamano-rociador-25cm","12":"pa_tamano-rociador-30cm","13":"serie-jucar","14":"manual-de-instalacion-guia-instalacion-duchas-empotradas-monomando","15":"color-acero-cepillado","17":"first","18":"instock","19":"taxable","20":"shipping-taxable","21":"product-type-variable"},"_links":{"self":[{"href":"https:\/\/www.valaz.es\/it\/wp-json\/wp\/v2\/product\/502","targetHints":{"allow":["GET"]}}],"collection":[{"href":"https:\/\/www.valaz.es\/it\/wp-json\/wp\/v2\/product"}],"about":[{"href":"https:\/\/www.valaz.es\/it\/wp-json\/wp\/v2\/types\/product"}],"wp:featuredmedia":[{"embeddable":true,"href":"https:\/\/www.valaz.es\/it\/wp-json\/wp\/v2\/media\/503"}],"wp:attachment":[{"href":"https:\/\/www.valaz.es\/it\/wp-json\/wp\/v2\/media?parent=502"}],"wp:term":[{"taxonomy":"product_brand","embeddable":true,"href":"https:\/\/www.valaz.es\/it\/wp-json\/wp\/v2\/product_brand?post=502"},{"taxonomy":"product_cat","embeddable":true,"href":"https:\/\/www.valaz.es\/it\/wp-json\/wp\/v2\/product_cat?post=502"},{"taxonomy":"product_tag","embeddable":true,"href":"https:\/\/www.valaz.es\/it\/wp-json\/wp\/v2\/product_tag?post=502"},{"taxonomy":"serie","embeddable":true,"href":"https:\/\/www.valaz.es\/it\/wp-json\/wp\/v2\/serie?post=502"},{"taxonomy":"manual-de-instalacion","embeddable":true,"href":"https:\/\/www.valaz.es\/it\/wp-json\/wp\/v2\/manual-de-instalacion?post=502"},{"taxonomy":"color","embeddable":true,"href":"https:\/\/www.valaz.es\/it\/wp-json\/wp\/v2\/color?post=502"}],"curies":[{"name":"wp","href":"https:\/\/api.w.org\/{rel}","templated":true}]}}