{"id":500,"date":"2022-11-09T13:51:54","date_gmt":"2022-11-09T12:51:54","guid":{"rendered":"https:\/\/www.valaz.es\/?post_type=product&#038;p=500"},"modified":"2026-04-07T07:23:08","modified_gmt":"2026-04-07T05:23:08","slug":"grifo-de-lavabo-empotrado-redondo-monomando-acero-cepillado-serie-jucar","status":"publish","type":"product","link":"https:\/\/www.valaz.es\/it\/prodotto\/grifo-de-lavabo-empotrado-redondo-monomando-acero-cepillado-serie-jucar\/","title":{"rendered":"Grifo de lavabo empotrado redondo monomando acero cepillado &#8211; Serie Jucar"},"content":{"rendered":"<p class=\"\" data-start=\"79\" data-end=\"458\">El grifo de lavabo empotrado redondo monomando de la Serie Jucar en acero cepillado es una opci\u00f3n moderna y elegante para tu ba\u00f1o. Su dise\u00f1o empotrado en el lavabo ahorra espacio y aporta un toque sofisticado, mientras que el ca\u00f1o de 21 cm ofrece un flujo de agua c\u00f3modo y eficiente. Ideal para aquellos que buscan un producto funcional sin renunciar al dise\u00f1o.<\/p>\n<p class=\"\" data-start=\"460\" data-end=\"482\"><strong data-start=\"460\" data-end=\"480\">Especificaciones<\/strong><\/p>\n<ul data-start=\"483\" data-end=\"783\">\n<li class=\"\" data-start=\"483\" data-end=\"525\">\n<p class=\"\" data-start=\"485\" data-end=\"525\"><strong data-start=\"485\" data-end=\"503\">Tipo de grifo:<\/strong> Empotrado monomando<\/p>\n<\/li>\n<li class=\"\" data-start=\"526\" data-end=\"562\">\n<p class=\"\" data-start=\"528\" data-end=\"562\"><strong data-start=\"528\" data-end=\"554\">Cuerpo de la grifer\u00eda:<\/strong> Lat\u00f3n<\/p>\n<\/li>\n<li class=\"\" data-start=\"563\" data-end=\"641\">\n<p class=\"\" data-start=\"565\" data-end=\"641\"><strong data-start=\"565\" data-end=\"587\">Cartucho cer\u00e1mico:<\/strong> Para un control suave y duradero del caudal de agua<\/p>\n<\/li>\n<li class=\"\" data-start=\"642\" data-end=\"687\">\n<p class=\"\" data-start=\"644\" data-end=\"687\"><strong data-start=\"644\" data-end=\"664\">Grifo mezclador:<\/strong> Agua fr\u00eda y caliente<\/p>\n<\/li>\n<li class=\"\" data-start=\"688\" data-end=\"720\">\n<p class=\"\" data-start=\"690\" data-end=\"720\"><strong data-start=\"690\" data-end=\"709\">Caja empotrada:<\/strong> Incluida<\/p>\n<\/li>\n<li class=\"\" data-start=\"721\" data-end=\"752\">\n<p class=\"\" data-start=\"723\" data-end=\"752\"><strong data-start=\"723\" data-end=\"732\">Ca\u00f1o:<\/strong> 21 cm de longitud<\/p>\n<\/li>\n<li class=\"\" data-start=\"753\" data-end=\"783\">\n<p class=\"\" data-start=\"755\" data-end=\"783\"><strong data-start=\"755\" data-end=\"767\">Acabado:<\/strong> Acero cepillado<\/p>\n<\/li>\n<\/ul>\n<p class=\"\" data-start=\"785\" data-end=\"800\"><strong data-start=\"785\" data-end=\"798\">Funciones<\/strong><\/p>\n<ul data-start=\"801\" data-end=\"1011\">\n<li class=\"\" data-start=\"801\" data-end=\"877\">\n<p class=\"\" data-start=\"803\" data-end=\"877\">Mezclador de agua fr\u00eda y caliente para ajustar la temperatura f\u00e1cilmente<\/p>\n<\/li>\n<li class=\"\" data-start=\"878\" data-end=\"931\">\n<p class=\"\" data-start=\"880\" data-end=\"931\">Dise\u00f1o empotrado para un estilo limpio y ordenado<\/p>\n<\/li>\n<li class=\"\" data-start=\"932\" data-end=\"1011\">\n<p class=\"\" data-start=\"934\" data-end=\"1011\">Durabilidad y resistencia gracias al material de lat\u00f3n y el cartucho cer\u00e1mico<\/p>\n<\/li>\n<\/ul>\n","protected":false},"excerpt":{"rendered":"<p>Serie J\u00facar con l\u00ednea curvas y redondas aporta confort, elegancia y bienestar, perfecta para todo tipo de ba\u00f1os. Actualmente disponemos diferentes acabados cromados, acero cepillado, dorado cepilladlo, dorado envejecido, negro mate, blanco. Es una de nuestras series m\u00e1s completa, ya que tenemos una gran variedad Ducha empotrada donde puedes a\u00f1adir ca\u00f1o para el ba\u00f1o, grifo empotrado de lavabo, grifo de bid\u00e9, grifo t\u00f3tem empotrado de ba\u00f1era exenta. Todos nuestros modelos de grifer\u00eda empotrada incluyen la caja box con cartucho monomando y selector, soporte ducha, flexo y alcachofa de mano junto con el rociador.<\/p>\n<p>La garant\u00eda de todos nuestros productos es de 3 a\u00f1os, para funcionamiento, duraci\u00f3n del esmaltado y anticorrosi\u00f3n.<\/p>\n<p>Recomendamos para un correcto mantenimiento de la grifer\u00eda y evitar el deterioro por el uso. Secar las gotas de agua con un pa\u00f1o suave despu\u00e9s del uso, evitando que se posen en la superficie y deterioran el acabado, no utilizar esponjas que puedan rayar la grifer\u00eda, utilizar limpiadores como vinagre limpieza, agua caliente y jab\u00f3n con ph neutro.<\/p>\n<p>&nbsp;<\/p>\n<p><strong>Nuestro departamento\u00a0t\u00e9cnico\u00a0dispone de\u00a0gu\u00edas\u00a0de todos los\u00a0modelos\u00a0empotrados\u00a0que vendemos<\/strong><strong>,\u00a0si tiene alguna duda con la\u00a0instalaci\u00f3n\u00a0contacte con nosotros mediante\u00a0tel\u00e9fono,\u00a0WhatsApp\u00a0o email dentro del horario laboral indicado en la web.<\/strong><\/p>\n<p><strong>Recuerden que una vez instalado el cuerpo\u00a0empotrado\u00a0de la\u00a0grifer\u00eda\u00a0revisar de su correcto funcionamiento de paso de agua, comprobaci\u00f3n de cartuchos y corte de agua, si detecta alguna\u00a0anomal\u00eda\u00a0informe a nuestro\u00a0departamento\u00a0para darle una\u00a0soluci\u00f3n, no\u00a0contin\u00fae\u00a0con la\u00a0instalaci\u00f3n\u00a0de cerramiento de la pared.<\/strong><\/p>\n","protected":false},"featured_media":501,"template":"","meta":[],"product_brand":[],"product_cat":[48,58],"product_tag":[],"serie":[56],"manual-de-instalacion":[80],"color":[28],"class_list":{"0":"post-500","1":"product","2":"type-product","3":"status-publish","4":"has-post-thumbnail","6":"product_cat-grifos-de-lavabo","7":"product_cat-grifos-de-lavabo-empotrados","8":"serie-jucar","9":"manual-de-instalacion-guia-instalacion-grifo-lavabo-empotrado-con-caja","10":"color-acero-cepillado","12":"first","13":"instock","14":"taxable","15":"shipping-taxable","16":"product-type-simple"},"_links":{"self":[{"href":"https:\/\/www.valaz.es\/it\/wp-json\/wp\/v2\/product\/500","targetHints":{"allow":["GET"]}}],"collection":[{"href":"https:\/\/www.valaz.es\/it\/wp-json\/wp\/v2\/product"}],"about":[{"href":"https:\/\/www.valaz.es\/it\/wp-json\/wp\/v2\/types\/product"}],"wp:featuredmedia":[{"embeddable":true,"href":"https:\/\/www.valaz.es\/it\/wp-json\/wp\/v2\/media\/501"}],"wp:attachment":[{"href":"https:\/\/www.valaz.es\/it\/wp-json\/wp\/v2\/media?parent=500"}],"wp:term":[{"taxonomy":"product_brand","embeddable":true,"href":"https:\/\/www.valaz.es\/it\/wp-json\/wp\/v2\/product_brand?post=500"},{"taxonomy":"product_cat","embeddable":true,"href":"https:\/\/www.valaz.es\/it\/wp-json\/wp\/v2\/product_cat?post=500"},{"taxonomy":"product_tag","embeddable":true,"href":"https:\/\/www.valaz.es\/it\/wp-json\/wp\/v2\/product_tag?post=500"},{"taxonomy":"serie","embeddable":true,"href":"https:\/\/www.valaz.es\/it\/wp-json\/wp\/v2\/serie?post=500"},{"taxonomy":"manual-de-instalacion","embeddable":true,"href":"https:\/\/www.valaz.es\/it\/wp-json\/wp\/v2\/manual-de-instalacion?post=500"},{"taxonomy":"color","embeddable":true,"href":"https:\/\/www.valaz.es\/it\/wp-json\/wp\/v2\/color?post=500"}],"curies":[{"name":"wp","href":"https:\/\/api.w.org\/{rel}","templated":true}]}}