{"id":4998,"date":"2023-05-24T17:20:12","date_gmt":"2023-05-24T15:20:12","guid":{"rendered":"https:\/\/www.valaz.es\/?post_type=product&#038;p=4998"},"modified":"2025-12-04T14:54:32","modified_gmt":"2025-12-04T13:54:32","slug":"soporte-pared-redondo-negro-mate","status":"publish","type":"product","link":"https:\/\/www.valaz.es\/it\/prodotto\/soporte-pared-redondo-negro-mate\/","title":{"rendered":"Soporte pared redondo negro mate"},"content":{"rendered":"<p class=\"\" data-start=\"41\" data-end=\"280\">Este soporte de pared redondo negro mate es una opci\u00f3n elegante y moderna para completar la instalaci\u00f3n de tu sistema de ducha. Su acabado negro mate le da un toque sofisticado y contempor\u00e1neo, adem\u00e1s de ser resistente y f\u00e1cil de mantener.<\/p>\n<p class=\"\" data-start=\"282\" data-end=\"302\"><strong data-start=\"282\" data-end=\"302\">Especificaciones<\/strong><\/p>\n<ul data-start=\"303\" data-end=\"906\">\n<li class=\"\" data-start=\"303\" data-end=\"339\">\n<p class=\"\" data-start=\"305\" data-end=\"339\"><strong data-start=\"305\" data-end=\"313\">Tipo<\/strong>: Soporte de pared redondo<\/p>\n<\/li>\n<li class=\"\" data-start=\"340\" data-end=\"489\">\n<p class=\"\" data-start=\"342\" data-end=\"489\"><strong data-start=\"342\" data-end=\"353\">Acabado<\/strong>: Negro mate, que ofrece un estilo elegante y moderno, con una superficie mate que evita huellas dactilares y mantiene un aspecto limpio<\/p>\n<\/li>\n<li class=\"\" data-start=\"490\" data-end=\"613\">\n<p class=\"\" data-start=\"492\" data-end=\"613\"><strong data-start=\"492\" data-end=\"504\">Material<\/strong>: Fabricado en lat\u00f3n de alta calidad con recubrimiento en negro mate, resistente a la corrosi\u00f3n y al desgaste<\/p>\n<\/li>\n<li class=\"\" data-start=\"614\" data-end=\"709\">\n<p class=\"\" data-start=\"616\" data-end=\"709\"><strong data-start=\"616\" data-end=\"626\">Dise\u00f1o<\/strong>: Redondo y sencillo, ideal para complementar duchas de pared o sistemas empotrados<\/p>\n<\/li>\n<li class=\"\" data-start=\"710\" data-end=\"801\">\n<p class=\"\" data-start=\"712\" data-end=\"801\"><strong data-start=\"712\" data-end=\"727\">Instalaci\u00f3n<\/strong>: F\u00e1cil de instalar en la pared, compatible con diversos sistemas de ducha<\/p>\n<\/li>\n<li class=\"\" data-start=\"802\" data-end=\"906\">\n<p class=\"\" data-start=\"804\" data-end=\"906\"><strong data-start=\"804\" data-end=\"819\">Durabilidad<\/strong>: Alta resistencia a la humedad y corrosi\u00f3n, f\u00e1cil de limpiar y mantener en buen estado<\/p>\n<\/li>\n<\/ul>\n","protected":false},"excerpt":{"rendered":"<p>Este soporte de pared redondo negro mate es una opci\u00f3n  [&#8230;]<\/p>\n","protected":false},"featured_media":15655,"template":"","meta":[],"product_brand":[],"product_cat":[390],"product_tag":[],"serie":[],"manual-de-instalacion":[],"color":[27],"class_list":{"0":"post-4998","1":"product","2":"type-product","3":"status-publish","4":"has-post-thumbnail","6":"product_cat-elementos-de-ducha","7":"color-negro-mate","9":"first","10":"instock","11":"taxable","12":"shipping-taxable","13":"product-type-simple"},"_links":{"self":[{"href":"https:\/\/www.valaz.es\/it\/wp-json\/wp\/v2\/product\/4998","targetHints":{"allow":["GET"]}}],"collection":[{"href":"https:\/\/www.valaz.es\/it\/wp-json\/wp\/v2\/product"}],"about":[{"href":"https:\/\/www.valaz.es\/it\/wp-json\/wp\/v2\/types\/product"}],"wp:featuredmedia":[{"embeddable":true,"href":"https:\/\/www.valaz.es\/it\/wp-json\/wp\/v2\/media\/15655"}],"wp:attachment":[{"href":"https:\/\/www.valaz.es\/it\/wp-json\/wp\/v2\/media?parent=4998"}],"wp:term":[{"taxonomy":"product_brand","embeddable":true,"href":"https:\/\/www.valaz.es\/it\/wp-json\/wp\/v2\/product_brand?post=4998"},{"taxonomy":"product_cat","embeddable":true,"href":"https:\/\/www.valaz.es\/it\/wp-json\/wp\/v2\/product_cat?post=4998"},{"taxonomy":"product_tag","embeddable":true,"href":"https:\/\/www.valaz.es\/it\/wp-json\/wp\/v2\/product_tag?post=4998"},{"taxonomy":"serie","embeddable":true,"href":"https:\/\/www.valaz.es\/it\/wp-json\/wp\/v2\/serie?post=4998"},{"taxonomy":"manual-de-instalacion","embeddable":true,"href":"https:\/\/www.valaz.es\/it\/wp-json\/wp\/v2\/manual-de-instalacion?post=4998"},{"taxonomy":"color","embeddable":true,"href":"https:\/\/www.valaz.es\/it\/wp-json\/wp\/v2\/color?post=4998"}],"curies":[{"name":"wp","href":"https:\/\/api.w.org\/{rel}","templated":true}]}}