{"id":4970,"date":"2023-05-24T17:02:04","date_gmt":"2023-05-24T15:02:04","guid":{"rendered":"https:\/\/www.valaz.es\/?post_type=product&#038;p=4970"},"modified":"2026-02-25T12:23:08","modified_gmt":"2026-02-25T11:23:08","slug":"premarco-40cm-cromo","status":"publish","type":"product","link":"https:\/\/www.valaz.es\/it\/prodotto\/premarco-40cm-cromo\/","title":{"rendered":"Premarco 40cm cromo"},"content":{"rendered":"<p class=\"\" data-start=\"47\" data-end=\"347\">El premarco de 40 cm cromado para rociador a techo ofrece una soluci\u00f3n s\u00f3lida y elegante para la instalaci\u00f3n de sistemas de ducha empotrados. Su acabado cromado aporta un toque de sofisticaci\u00f3n, adecuado para una variedad de estilos de ba\u00f1o, especialmente aquellos con una est\u00e9tica moderna o cl\u00e1sica.<\/p>\n<p class=\"\" data-start=\"349\" data-end=\"369\"><strong data-start=\"349\" data-end=\"369\">Especificaciones<\/strong><\/p>\n<ul data-start=\"370\" data-end=\"896\">\n<li class=\"\" data-start=\"370\" data-end=\"412\">\n<p class=\"\" data-start=\"372\" data-end=\"412\"><strong data-start=\"372\" data-end=\"380\">Tipo<\/strong>: Premarco para rociador a techo<\/p>\n<\/li>\n<li class=\"\" data-start=\"413\" data-end=\"432\">\n<p class=\"\" data-start=\"415\" data-end=\"432\"><strong data-start=\"415\" data-end=\"425\">Medida<\/strong>: 40 cm<\/p>\n<\/li>\n<li class=\"\" data-start=\"433\" data-end=\"511\">\n<p class=\"\" data-start=\"435\" data-end=\"511\"><strong data-start=\"435\" data-end=\"444\">Color<\/strong>: Cromado, ideal para combinar con grifer\u00edas y accesorios met\u00e1licos<\/p>\n<\/li>\n<li class=\"\" data-start=\"512\" data-end=\"609\">\n<p class=\"\" data-start=\"514\" data-end=\"609\"><strong data-start=\"514\" data-end=\"526\">Material<\/strong>: Acero resistente, dise\u00f1ado para garantizar estabilidad y durabilidad en el tiempo<\/p>\n<\/li>\n<li class=\"\" data-start=\"610\" data-end=\"686\">\n<p class=\"\" data-start=\"612\" data-end=\"686\"><strong data-start=\"612\" data-end=\"630\">Compatibilidad<\/strong>: Apto para rociadores a techo con instalaci\u00f3n empotrada<\/p>\n<\/li>\n<li class=\"\" data-start=\"687\" data-end=\"785\">\n<p class=\"\" data-start=\"689\" data-end=\"785\"><strong data-start=\"689\" data-end=\"704\">Instalaci\u00f3n<\/strong>: F\u00e1cil de instalar, dise\u00f1ado para mantener el rociador en su lugar con seguridad<\/p>\n<\/li>\n<li class=\"\" data-start=\"786\" data-end=\"896\">\n<p class=\"\" data-start=\"788\" data-end=\"896\"><strong data-start=\"788\" data-end=\"798\">Estilo<\/strong>: Acabado cromado brillante, ideal para ba\u00f1os con una decoraci\u00f3n de estilo contempor\u00e1neo o de lujo<\/p>\n<\/li>\n<\/ul>\n","protected":false},"excerpt":{"rendered":"<p>El premarco de 40 cm cromado para rociador a techo  [&#8230;]<\/p>\n","protected":false},"featured_media":17892,"template":"","meta":[],"product_brand":[],"product_cat":[390],"product_tag":[],"serie":[],"manual-de-instalacion":[],"color":[26],"class_list":{"0":"post-4970","1":"product","2":"type-product","3":"status-publish","4":"has-post-thumbnail","6":"product_cat-elementos-de-ducha","7":"color-cromo","9":"first","10":"instock","11":"taxable","12":"shipping-taxable","13":"product-type-simple"},"_links":{"self":[{"href":"https:\/\/www.valaz.es\/it\/wp-json\/wp\/v2\/product\/4970","targetHints":{"allow":["GET"]}}],"collection":[{"href":"https:\/\/www.valaz.es\/it\/wp-json\/wp\/v2\/product"}],"about":[{"href":"https:\/\/www.valaz.es\/it\/wp-json\/wp\/v2\/types\/product"}],"wp:featuredmedia":[{"embeddable":true,"href":"https:\/\/www.valaz.es\/it\/wp-json\/wp\/v2\/media\/17892"}],"wp:attachment":[{"href":"https:\/\/www.valaz.es\/it\/wp-json\/wp\/v2\/media?parent=4970"}],"wp:term":[{"taxonomy":"product_brand","embeddable":true,"href":"https:\/\/www.valaz.es\/it\/wp-json\/wp\/v2\/product_brand?post=4970"},{"taxonomy":"product_cat","embeddable":true,"href":"https:\/\/www.valaz.es\/it\/wp-json\/wp\/v2\/product_cat?post=4970"},{"taxonomy":"product_tag","embeddable":true,"href":"https:\/\/www.valaz.es\/it\/wp-json\/wp\/v2\/product_tag?post=4970"},{"taxonomy":"serie","embeddable":true,"href":"https:\/\/www.valaz.es\/it\/wp-json\/wp\/v2\/serie?post=4970"},{"taxonomy":"manual-de-instalacion","embeddable":true,"href":"https:\/\/www.valaz.es\/it\/wp-json\/wp\/v2\/manual-de-instalacion?post=4970"},{"taxonomy":"color","embeddable":true,"href":"https:\/\/www.valaz.es\/it\/wp-json\/wp\/v2\/color?post=4970"}],"curies":[{"name":"wp","href":"https:\/\/api.w.org\/{rel}","templated":true}]}}