{"id":496,"date":"2022-11-09T13:49:23","date_gmt":"2022-11-09T12:49:23","guid":{"rendered":"https:\/\/www.valaz.es\/?post_type=product&#038;p=496"},"modified":"2026-04-30T10:28:27","modified_gmt":"2026-04-30T08:28:27","slug":"grifo-de-banera-monomando-redonda-acero-cepillado-con-cano-de-21cm-serie-jucar","status":"publish","type":"product","link":"https:\/\/www.valaz.es\/it\/prodotto\/grifo-de-banera-monomando-redonda-acero-cepillado-con-cano-de-21cm-serie-jucar\/","title":{"rendered":"Grifo de ba\u00f1era monomando redonda acero cepillado con ca\u00f1o de 21CM &#8211; Serie Jucar"},"content":{"rendered":"<p class=\"\" data-start=\"87\" data-end=\"448\">Este grifo monomando de ba\u00f1era redondo, con un elegante acabado en acero cepillado, es una opci\u00f3n perfecta para quienes buscan un dise\u00f1o contempor\u00e1neo y funcional en su ba\u00f1o. Con un ca\u00f1o de 21 cm, permite un flujo c\u00f3modo de agua tanto para el ca\u00f1o de la ba\u00f1era como para la alcachofa de mano, proporcionando versatilidad y comodidad en el uso.<\/p>\n<p class=\"\" data-start=\"450\" data-end=\"472\"><strong data-start=\"450\" data-end=\"470\">Especificaciones<\/strong><\/p>\n<ul data-start=\"473\" data-end=\"742\">\n<li class=\"\" data-start=\"473\" data-end=\"549\">\n<p class=\"\" data-start=\"475\" data-end=\"549\"><strong data-start=\"475\" data-end=\"493\">Tipo de grifo:<\/strong> Monomando de 2 v\u00edas (alcachofa de mano y ca\u00f1o ba\u00f1era)<\/p>\n<\/li>\n<li class=\"\" data-start=\"550\" data-end=\"587\">\n<p class=\"\" data-start=\"552\" data-end=\"587\"><strong data-start=\"552\" data-end=\"579\">Material del monomando:<\/strong> Lat\u00f3n<\/p>\n<\/li>\n<li class=\"\" data-start=\"588\" data-end=\"618\">\n<p class=\"\" data-start=\"590\" data-end=\"618\"><strong data-start=\"590\" data-end=\"612\">Alcachofa de mano:<\/strong> PVC<\/p>\n<\/li>\n<li class=\"\" data-start=\"619\" data-end=\"658\">\n<p class=\"\" data-start=\"621\" data-end=\"658\"><strong data-start=\"621\" data-end=\"631\">Flexo:<\/strong> Acero inoxidable, 150 cm<\/p>\n<\/li>\n<li class=\"\" data-start=\"659\" data-end=\"709\">\n<p class=\"\" data-start=\"661\" data-end=\"709\"><strong data-start=\"661\" data-end=\"670\">Ca\u00f1o:<\/strong> Lat\u00f3n con acabado en acero cepillado<\/p>\n<\/li>\n<li class=\"\" data-start=\"710\" data-end=\"742\">\n<p class=\"\" data-start=\"712\" data-end=\"742\"><strong data-start=\"712\" data-end=\"724\">Acabado:<\/strong> Acero cepillado<\/p>\n<\/li>\n<\/ul>\n<p class=\"\" data-start=\"744\" data-end=\"759\"><strong data-start=\"744\" data-end=\"757\">Funciones<\/strong><\/p>\n<ul data-start=\"760\" data-end=\"1022\">\n<li class=\"\" data-start=\"760\" data-end=\"834\">\n<p class=\"\" data-start=\"762\" data-end=\"834\"><strong data-start=\"762\" data-end=\"784\">Alcachofa de mano:<\/strong> Ideal para un uso vers\u00e1til con soporte incluido<\/p>\n<\/li>\n<li class=\"\" data-start=\"835\" data-end=\"937\">\n<p class=\"\" data-start=\"837\" data-end=\"937\"><strong data-start=\"837\" data-end=\"856\">Ca\u00f1o de ba\u00f1era:<\/strong> Proporciona un flujo continuo de agua para llenar la ba\u00f1era de forma eficiente<\/p>\n<\/li>\n<li class=\"\" data-start=\"938\" data-end=\"1022\">\n<p class=\"\" data-start=\"940\" data-end=\"1022\"><strong data-start=\"940\" data-end=\"954\">Monomando:<\/strong> Controla con facilidad tanto el caudal como la temperatura del agua<\/p>\n<\/li>\n<\/ul>\n","protected":false},"excerpt":{"rendered":"<p>Serie J\u00facar con l\u00ednea curvas y redondas aporta confort, elegancia y bienestar, perfecta para todo tipo de ba\u00f1os. Actualmente disponemos diferentes acabados cromados, acero cepillado, dorado cepilladlo, dorado envejecido, negro mate, blanco. Es una de nuestras series m\u00e1s completa, ya que tenemos una gran variedad Ducha empotrada donde puedes a\u00f1adir ca\u00f1o para el ba\u00f1o, grifo empotrado de lavabo, grifo de bid\u00e9, grifo t\u00f3tem empotrado de ba\u00f1era exenta. Todos nuestros modelos de grifer\u00eda empotrada incluyen la caja box con cartucho monomando y selector, soporte ducha, flexo y alcachofa de mano junto con el rociador.<\/p>\n<p>La garant\u00eda de todos nuestros productos es de 3 a\u00f1os, para funcionamiento, duraci\u00f3n del esmaltado y anticorrosi\u00f3n.<\/p>\n<p>Recomendamos para un correcto mantenimiento de la grifer\u00eda y evitar el deterioro por el uso. Secar las gotas de agua con un pa\u00f1o suave despu\u00e9s del uso, evitando que se posen en la superficie y deterioran el acabado, no utilizar esponjas que puedan rayar la grifer\u00eda, utilizar limpiadores como vinagre limpieza, agua caliente y jab\u00f3n con ph neutro.<\/p>\n<p>&nbsp;<\/p>\n<p><strong>Nuestro departamento\u00a0t\u00e9cnico\u00a0dispone de\u00a0gu\u00edas\u00a0de todos los\u00a0modelos\u00a0empotrados\u00a0que vendemos<\/strong><strong>,\u00a0si tiene alguna duda con la\u00a0instalaci\u00f3n\u00a0contacte con nosotros mediante\u00a0tel\u00e9fono,\u00a0WhatsApp\u00a0o email dentro del horario laboral indicado en la web.<\/strong><\/p>\n<p><strong>Recuerden que una vez instalado el cuerpo\u00a0empotrado\u00a0de la\u00a0grifer\u00eda\u00a0revisar de su correcto funcionamiento de paso de agua, comprobaci\u00f3n de cartuchos y corte de agua, si detecta alguna\u00a0anomal\u00eda\u00a0informe a nuestro\u00a0departamento\u00a0para darle una\u00a0soluci\u00f3n, no\u00a0contin\u00fae\u00a0con la\u00a0instalaci\u00f3n\u00a0de cerramiento de la pared.<\/strong><\/p>\n","protected":false},"featured_media":4770,"template":"","meta":[],"product_brand":[],"product_cat":[60,61],"product_tag":[],"serie":[56],"manual-de-instalacion":[78],"color":[28],"class_list":{"0":"post-496","1":"product","2":"type-product","3":"status-publish","4":"has-post-thumbnail","6":"product_cat-griferia-de-banera","7":"product_cat-griferia-de-banera-empotrada","8":"serie-jucar","9":"manual-de-instalacion-guia-instalacion-duchas-empotradas-monomando","10":"color-acero-cepillado","12":"first","13":"instock","14":"taxable","15":"shipping-taxable","16":"product-type-simple"},"_links":{"self":[{"href":"https:\/\/www.valaz.es\/it\/wp-json\/wp\/v2\/product\/496","targetHints":{"allow":["GET"]}}],"collection":[{"href":"https:\/\/www.valaz.es\/it\/wp-json\/wp\/v2\/product"}],"about":[{"href":"https:\/\/www.valaz.es\/it\/wp-json\/wp\/v2\/types\/product"}],"wp:featuredmedia":[{"embeddable":true,"href":"https:\/\/www.valaz.es\/it\/wp-json\/wp\/v2\/media\/4770"}],"wp:attachment":[{"href":"https:\/\/www.valaz.es\/it\/wp-json\/wp\/v2\/media?parent=496"}],"wp:term":[{"taxonomy":"product_brand","embeddable":true,"href":"https:\/\/www.valaz.es\/it\/wp-json\/wp\/v2\/product_brand?post=496"},{"taxonomy":"product_cat","embeddable":true,"href":"https:\/\/www.valaz.es\/it\/wp-json\/wp\/v2\/product_cat?post=496"},{"taxonomy":"product_tag","embeddable":true,"href":"https:\/\/www.valaz.es\/it\/wp-json\/wp\/v2\/product_tag?post=496"},{"taxonomy":"serie","embeddable":true,"href":"https:\/\/www.valaz.es\/it\/wp-json\/wp\/v2\/serie?post=496"},{"taxonomy":"manual-de-instalacion","embeddable":true,"href":"https:\/\/www.valaz.es\/it\/wp-json\/wp\/v2\/manual-de-instalacion?post=496"},{"taxonomy":"color","embeddable":true,"href":"https:\/\/www.valaz.es\/it\/wp-json\/wp\/v2\/color?post=496"}],"curies":[{"name":"wp","href":"https:\/\/api.w.org\/{rel}","templated":true}]}}