{"id":4952,"date":"2023-05-24T16:46:56","date_gmt":"2023-05-24T14:46:56","guid":{"rendered":"https:\/\/www.valaz.es\/?post_type=product&#038;p=4952"},"modified":"2025-12-12T18:57:32","modified_gmt":"2025-12-12T17:57:32","slug":"rociador-redondo-30cm-acero-inox-dorado-cepillado","status":"publish","type":"product","link":"https:\/\/www.valaz.es\/it\/prodotto\/rociador-redondo-30cm-acero-inox-dorado-cepillado\/","title":{"rendered":"Rociador redondo 30cm acero inox dorado cepillado"},"content":{"rendered":"<p class=\"\" data-start=\"55\" data-end=\"271\">El rociador redondo de 30 cm en acero inoxidable con acabado dorado cepillado es la opci\u00f3n ideal para quienes buscan a\u00f1adir un toque de lujo y sofisticaci\u00f3n a su ba\u00f1o, sin comprometer la durabilidad y el rendimiento.<\/p>\n<p class=\"\" data-start=\"273\" data-end=\"293\"><strong data-start=\"273\" data-end=\"293\">Especificaciones<\/strong><\/p>\n<ul data-start=\"294\" data-end=\"842\">\n<li class=\"\" data-start=\"294\" data-end=\"331\">\n<p class=\"\" data-start=\"296\" data-end=\"331\"><strong data-start=\"296\" data-end=\"304\">Tipo<\/strong>: Rociador de ducha redondo<\/p>\n<\/li>\n<li class=\"\" data-start=\"332\" data-end=\"363\">\n<p class=\"\" data-start=\"334\" data-end=\"363\"><strong data-start=\"334\" data-end=\"344\">Tama\u00f1o<\/strong>: 30 cm de di\u00e1metro<\/p>\n<\/li>\n<li class=\"\" data-start=\"364\" data-end=\"473\">\n<p class=\"\" data-start=\"366\" data-end=\"473\"><strong data-start=\"366\" data-end=\"378\">Material<\/strong>: Acero inoxidable de alta calidad con acabado dorado cepillado, resistente y f\u00e1cil de mantener<\/p>\n<\/li>\n<li class=\"\" data-start=\"474\" data-end=\"575\">\n<p class=\"\" data-start=\"476\" data-end=\"575\"><strong data-start=\"476\" data-end=\"487\">Acabado<\/strong>: Dorado cepillado, que ofrece un aspecto elegante y moderno, con un toque de distinci\u00f3n<\/p>\n<\/li>\n<li class=\"\" data-start=\"576\" data-end=\"643\">\n<p class=\"\" data-start=\"578\" data-end=\"643\"><strong data-start=\"578\" data-end=\"593\">Instalaci\u00f3n<\/strong>: Compatible con sistemas de ducha a techo o pared<\/p>\n<\/li>\n<li class=\"\" data-start=\"644\" data-end=\"727\">\n<p class=\"\" data-start=\"646\" data-end=\"727\"><strong data-start=\"646\" data-end=\"664\">Funcionamiento<\/strong>: Difusi\u00f3n uniforme del agua para una ducha c\u00f3moda y envolvente<\/p>\n<\/li>\n<li class=\"\" data-start=\"728\" data-end=\"842\">\n<p class=\"\" data-start=\"730\" data-end=\"842\"><strong data-start=\"730\" data-end=\"740\">Estilo<\/strong>: Dise\u00f1o de lujo, ideal para ba\u00f1os de alta gama o con una decoraci\u00f3n de estilo contempor\u00e1neo o cl\u00e1sico<\/p>\n<\/li>\n<\/ul>\n","protected":false},"excerpt":{"rendered":"<p>El rociador redondo de 30 cm en acero inoxidable con  [&#8230;]<\/p>\n","protected":false},"featured_media":10513,"template":"","meta":[],"product_brand":[],"product_cat":[389],"product_tag":[],"serie":[],"manual-de-instalacion":[],"color":[34],"class_list":{"0":"post-4952","1":"product","2":"type-product","3":"status-publish","4":"has-post-thumbnail","6":"product_cat-rociadores-de-ducha","7":"color-dorado-cepillado","9":"first","10":"instock","11":"taxable","12":"shipping-taxable","13":"product-type-simple"},"_links":{"self":[{"href":"https:\/\/www.valaz.es\/it\/wp-json\/wp\/v2\/product\/4952","targetHints":{"allow":["GET"]}}],"collection":[{"href":"https:\/\/www.valaz.es\/it\/wp-json\/wp\/v2\/product"}],"about":[{"href":"https:\/\/www.valaz.es\/it\/wp-json\/wp\/v2\/types\/product"}],"wp:featuredmedia":[{"embeddable":true,"href":"https:\/\/www.valaz.es\/it\/wp-json\/wp\/v2\/media\/10513"}],"wp:attachment":[{"href":"https:\/\/www.valaz.es\/it\/wp-json\/wp\/v2\/media?parent=4952"}],"wp:term":[{"taxonomy":"product_brand","embeddable":true,"href":"https:\/\/www.valaz.es\/it\/wp-json\/wp\/v2\/product_brand?post=4952"},{"taxonomy":"product_cat","embeddable":true,"href":"https:\/\/www.valaz.es\/it\/wp-json\/wp\/v2\/product_cat?post=4952"},{"taxonomy":"product_tag","embeddable":true,"href":"https:\/\/www.valaz.es\/it\/wp-json\/wp\/v2\/product_tag?post=4952"},{"taxonomy":"serie","embeddable":true,"href":"https:\/\/www.valaz.es\/it\/wp-json\/wp\/v2\/serie?post=4952"},{"taxonomy":"manual-de-instalacion","embeddable":true,"href":"https:\/\/www.valaz.es\/it\/wp-json\/wp\/v2\/manual-de-instalacion?post=4952"},{"taxonomy":"color","embeddable":true,"href":"https:\/\/www.valaz.es\/it\/wp-json\/wp\/v2\/color?post=4952"}],"curies":[{"name":"wp","href":"https:\/\/api.w.org\/{rel}","templated":true}]}}