{"id":482,"date":"2022-11-09T13:24:53","date_gmt":"2022-11-09T12:24:53","guid":{"rendered":"https:\/\/www.valaz.es\/?post_type=product&#038;p=482"},"modified":"2026-04-06T11:01:36","modified_gmt":"2026-04-06T09:01:36","slug":"ducha-empotrada-de-banera-a-pared-dorado-cepillado-serie-jucar","status":"publish","type":"product","link":"https:\/\/www.valaz.es\/it\/prodotto\/ducha-empotrada-de-banera-a-pared-dorado-cepillado-serie-jucar\/","title":{"rendered":"Ducha empotrada de ba\u00f1era a pared dorado cepillado &#8211; Serie Jucar"},"content":{"rendered":"<p class=\"\" data-start=\"70\" data-end=\"497\">La ducha empotrada de ba\u00f1era a pared de la serie Jucar, con acabado dorado cepillado, es una opci\u00f3n ideal para quienes buscan una est\u00e9tica moderna y elegante en su ba\u00f1o. Equipado con un monomando de 3 v\u00edas, este sistema ofrece la posibilidad de elegir entre el rociador efecto lluvia, la alcachofa de mano o el ca\u00f1o de grifo de 21 cm. Es un producto de calidad que combina funcionalidad, dise\u00f1o y durabilidad.<\/p>\n<p class=\"\" data-start=\"499\" data-end=\"521\"><strong data-start=\"499\" data-end=\"519\">Especificaciones<\/strong><\/p>\n<ul data-start=\"522\" data-end=\"990\">\n<li class=\"\" data-start=\"522\" data-end=\"566\">\n<p class=\"\" data-start=\"524\" data-end=\"566\"><strong data-start=\"524\" data-end=\"542\">Tipo de ducha:<\/strong> Empotrada para ba\u00f1era<\/p>\n<\/li>\n<li class=\"\" data-start=\"567\" data-end=\"776\">\n<p class=\"\" data-start=\"569\" data-end=\"583\"><strong data-start=\"569\" data-end=\"581\">Incluye:<\/strong><\/p>\n<ul data-start=\"586\" data-end=\"776\">\n<li class=\"\" data-start=\"586\" data-end=\"627\">\n<p class=\"\" data-start=\"588\" data-end=\"627\">Rociador de 25 cm con soporte a pared<\/p>\n<\/li>\n<li class=\"\" data-start=\"630\" data-end=\"718\">\n<p class=\"\" data-start=\"632\" data-end=\"718\">Monomando de 3 v\u00edas (rociador efecto lluvia, alcachofa de mano, ca\u00f1o grifo de 21 cm)<\/p>\n<\/li>\n<li class=\"\" data-start=\"721\" data-end=\"740\">\n<p class=\"\" data-start=\"723\" data-end=\"740\">Flexo de 150 cm<\/p>\n<\/li>\n<li class=\"\" data-start=\"743\" data-end=\"776\">\n<p class=\"\" data-start=\"745\" data-end=\"776\">Alcachofa de mano con soporte<\/p>\n<\/li>\n<\/ul>\n<\/li>\n<li class=\"\" data-start=\"777\" data-end=\"956\">\n<p class=\"\" data-start=\"779\" data-end=\"796\"><strong data-start=\"779\" data-end=\"794\">Materiales:<\/strong><\/p>\n<ul data-start=\"799\" data-end=\"956\">\n<li class=\"\" data-start=\"799\" data-end=\"821\">\n<p class=\"\" data-start=\"801\" data-end=\"821\">Monomando de lat\u00f3n<\/p>\n<\/li>\n<li class=\"\" data-start=\"824\" data-end=\"856\">\n<p class=\"\" data-start=\"826\" data-end=\"856\">Rociador de acero inoxidable<\/p>\n<\/li>\n<li class=\"\" data-start=\"859\" data-end=\"887\">\n<p class=\"\" data-start=\"861\" data-end=\"887\">Alcachofa de mano de PVC<\/p>\n<\/li>\n<li class=\"\" data-start=\"890\" data-end=\"919\">\n<p class=\"\" data-start=\"892\" data-end=\"919\">Flexo de PVC<\/p>\n<\/li>\n<li class=\"\" data-start=\"922\" data-end=\"956\">\n<p class=\"\" data-start=\"924\" data-end=\"956\">Ca\u00f1o de lat\u00f3n dorado cepillado<\/p>\n<\/li>\n<\/ul>\n<\/li>\n<li class=\"\" data-start=\"957\" data-end=\"990\">\n<p class=\"\" data-start=\"959\" data-end=\"990\"><strong data-start=\"959\" data-end=\"971\">Acabado:<\/strong> Dorado cepillado<\/p>\n<\/li>\n<\/ul>\n","protected":false},"excerpt":{"rendered":"<p>Serie J\u00facar con l\u00ednea curvas y redondas aporta confort, elegancia y bienestar, perfecta para todo tipo de ba\u00f1os. Actualmente disponemos diferentes acabados cromados, acero cepillado, dorado cepilladlo, dorado envejecido, negro mate, blanco. Es una de nuestras series m\u00e1s completa, ya que tenemos una gran variedad Ducha empotrada donde puedes a\u00f1adir ca\u00f1o para el ba\u00f1o, grifo empotrado de lavabo, grifo de bid\u00e9, grifo t\u00f3tem empotrado de ba\u00f1era exenta. Todos nuestros modelos de grifer\u00eda empotrada incluyen la caja box con cartucho monomando y selector, soporte ducha, flexo y alcachofa de mano junto con el rociador.<\/p>\n<p>La garant\u00eda de todos nuestros productos es de 3 a\u00f1os, para funcionamiento, duraci\u00f3n del esmaltado y anticorrosi\u00f3n.<\/p>\n<p>Recomendamos para un correcto mantenimiento de la grifer\u00eda y evitar el deterioro por el uso. Secar las gotas de agua con un pa\u00f1o suave despu\u00e9s del uso, evitando que se posen en la superficie y deterioran el acabado, no utilizar esponjas que puedan rayar la grifer\u00eda, utilizar limpiadores como vinagre limpieza, agua caliente y jab\u00f3n con ph neutro.<\/p>\n<p>&nbsp;<\/p>\n<p><strong>Nuestro departamento\u00a0t\u00e9cnico\u00a0dispone de\u00a0gu\u00edas\u00a0de todos los\u00a0modelos\u00a0empotrados\u00a0que vendemos<\/strong><strong>,\u00a0si tiene alguna duda con la\u00a0instalaci\u00f3n\u00a0contacte con nosotros mediante\u00a0tel\u00e9fono,\u00a0WhatsApp\u00a0o email dentro del horario laboral indicado en la web.<\/strong><\/p>\n<p><strong>Recuerden que una vez instalado el cuerpo\u00a0empotrado\u00a0de la\u00a0grifer\u00eda\u00a0revisar de su correcto funcionamiento de paso de agua, comprobaci\u00f3n de cartuchos y corte de agua, si detecta alguna\u00a0anomal\u00eda\u00a0informe a nuestro\u00a0departamento\u00a0para darle una\u00a0soluci\u00f3n, no\u00a0contin\u00fae\u00a0con la\u00a0instalaci\u00f3n\u00a0de cerramiento de la pared.<\/strong><\/p>\n","protected":false},"featured_media":13278,"template":"","meta":[],"product_brand":[],"product_cat":[57,61,47],"product_tag":[],"serie":[56],"manual-de-instalacion":[78],"color":[34],"class_list":{"0":"post-482","1":"product","2":"type-product","3":"status-publish","4":"has-post-thumbnail","6":"product_cat-duchas-empotradas","7":"product_cat-griferia-de-banera-empotrada","8":"product_cat-duchas","9":"pa_tamano-rociador-20cm","10":"pa_tamano-rociador-25cm","11":"pa_tamano-rociador-30cm","12":"serie-jucar","13":"manual-de-instalacion-guia-instalacion-duchas-empotradas-monomando","14":"color-dorado-cepillado","16":"first","17":"instock","18":"taxable","19":"shipping-taxable","20":"product-type-variable"},"_links":{"self":[{"href":"https:\/\/www.valaz.es\/it\/wp-json\/wp\/v2\/product\/482","targetHints":{"allow":["GET"]}}],"collection":[{"href":"https:\/\/www.valaz.es\/it\/wp-json\/wp\/v2\/product"}],"about":[{"href":"https:\/\/www.valaz.es\/it\/wp-json\/wp\/v2\/types\/product"}],"wp:featuredmedia":[{"embeddable":true,"href":"https:\/\/www.valaz.es\/it\/wp-json\/wp\/v2\/media\/13278"}],"wp:attachment":[{"href":"https:\/\/www.valaz.es\/it\/wp-json\/wp\/v2\/media?parent=482"}],"wp:term":[{"taxonomy":"product_brand","embeddable":true,"href":"https:\/\/www.valaz.es\/it\/wp-json\/wp\/v2\/product_brand?post=482"},{"taxonomy":"product_cat","embeddable":true,"href":"https:\/\/www.valaz.es\/it\/wp-json\/wp\/v2\/product_cat?post=482"},{"taxonomy":"product_tag","embeddable":true,"href":"https:\/\/www.valaz.es\/it\/wp-json\/wp\/v2\/product_tag?post=482"},{"taxonomy":"serie","embeddable":true,"href":"https:\/\/www.valaz.es\/it\/wp-json\/wp\/v2\/serie?post=482"},{"taxonomy":"manual-de-instalacion","embeddable":true,"href":"https:\/\/www.valaz.es\/it\/wp-json\/wp\/v2\/manual-de-instalacion?post=482"},{"taxonomy":"color","embeddable":true,"href":"https:\/\/www.valaz.es\/it\/wp-json\/wp\/v2\/color?post=482"}],"curies":[{"name":"wp","href":"https:\/\/api.w.org\/{rel}","templated":true}]}}