{"id":479,"date":"2022-11-09T13:20:45","date_gmt":"2022-11-09T12:20:45","guid":{"rendered":"https:\/\/www.valaz.es\/?post_type=product&#038;p=479"},"modified":"2026-03-23T21:23:36","modified_gmt":"2026-03-23T20:23:36","slug":"grifo-de-lavabo-empotrado-redondo-monomando-dorado-cepillado-serie-jucar","status":"publish","type":"product","link":"https:\/\/www.valaz.es\/it\/prodotto\/grifo-de-lavabo-empotrado-redondo-monomando-dorado-cepillado-serie-jucar\/","title":{"rendered":"Grifo de lavabo empotrado redondo monomando dorado cepillado con ca\u00f1o de 21CM &#8211; Serie Jucar"},"content":{"rendered":"<p class=\"\" data-start=\"98\" data-end=\"497\">Este grifo de lavabo empotrado de la serie Jucar, con acabado dorado cepillado, aporta un estilo elegante y sofisticado a tu ba\u00f1o. El dise\u00f1o redondo y el ca\u00f1o de 21 cm permiten un flujo de agua c\u00f3modo y funcional, mientras que el monomando asegura un control preciso de la temperatura y el caudal. Ideal para lavabos modernos, este grifo combina durabilidad y dise\u00f1o contempor\u00e1neo.<\/p>\n<p class=\"\" data-start=\"499\" data-end=\"521\"><strong data-start=\"499\" data-end=\"519\">Especificaciones<\/strong><\/p>\n<ul data-start=\"522\" data-end=\"735\">\n<li class=\"\" data-start=\"522\" data-end=\"565\">\n<p class=\"\" data-start=\"524\" data-end=\"565\"><strong data-start=\"524\" data-end=\"542\">Tipo de grifo:<\/strong> Empotrado, monomando<\/p>\n<\/li>\n<li class=\"\" data-start=\"566\" data-end=\"585\">\n<p class=\"\" data-start=\"568\" data-end=\"585\"><strong data-start=\"568\" data-end=\"577\">Ca\u00f1o:<\/strong> 21 cm<\/p>\n<\/li>\n<li class=\"\" data-start=\"586\" data-end=\"701\">\n<p class=\"\" data-start=\"588\" data-end=\"603\"><strong data-start=\"588\" data-end=\"601\">Material:<\/strong><\/p>\n<ul data-start=\"606\" data-end=\"701\">\n<li class=\"\" data-start=\"606\" data-end=\"637\">\n<p class=\"\" data-start=\"608\" data-end=\"637\">Cuerpo de grifer\u00eda en lat\u00f3n<\/p>\n<\/li>\n<li class=\"\" data-start=\"640\" data-end=\"661\">\n<p class=\"\" data-start=\"642\" data-end=\"661\">Cartucho cer\u00e1mico<\/p>\n<\/li>\n<li class=\"\" data-start=\"664\" data-end=\"701\">\n<p class=\"\" data-start=\"666\" data-end=\"701\">Mezclador de agua fr\u00eda y caliente<\/p>\n<\/li>\n<\/ul>\n<\/li>\n<li class=\"\" data-start=\"702\" data-end=\"735\">\n<p class=\"\" data-start=\"704\" data-end=\"735\"><strong data-start=\"704\" data-end=\"716\">Acabado:<\/strong> Dorado cepillado<\/p>\n<\/li>\n<\/ul>\n","protected":false},"excerpt":{"rendered":"<p>Serie J\u00facar con l\u00ednea curvas y redondas aporta confort, elegancia y bienestar, perfecta para todo tipo de ba\u00f1os. Actualmente disponemos diferentes acabados cromados, acero cepillado, dorado cepilladlo, dorado envejecido, negro mate, blanco. Es una de nuestras series m\u00e1s completa, ya que tenemos una gran variedad Ducha empotrada donde puedes a\u00f1adir ca\u00f1o para el ba\u00f1o, grifo empotrado de lavabo, grifo de bid\u00e9, grifo t\u00f3tem empotrado de ba\u00f1era exenta. Todos nuestros modelos de grifer\u00eda empotrada incluyen la caja box con cartucho monomando y selector, soporte ducha, flexo y alcachofa de mano junto con el rociador.<\/p>\n<p>La garant\u00eda de todos nuestros productos es de 3 a\u00f1os, para funcionamiento, duraci\u00f3n del esmaltado y anticorrosi\u00f3n.<\/p>\n<p>Recomendamos para un correcto mantenimiento de la grifer\u00eda y evitar el deterioro por el uso. Secar las gotas de agua con un pa\u00f1o suave despu\u00e9s del uso, evitando que se posen en la superficie y deterioran el acabado, no utilizar esponjas que puedan rayar la grifer\u00eda, utilizar limpiadores como vinagre limpieza, agua caliente y jab\u00f3n con ph neutro.<\/p>\n<p>&nbsp;<\/p>\n<p><strong>Nuestro departamento\u00a0t\u00e9cnico\u00a0dispone de\u00a0gu\u00edas\u00a0de todos los\u00a0modelos\u00a0empotrados\u00a0que vendemos<\/strong><strong>,\u00a0si tiene alguna duda con la\u00a0instalaci\u00f3n\u00a0contacte con nosotros mediante\u00a0tel\u00e9fono,\u00a0WhatsApp\u00a0o email dentro del horario laboral indicado en la web.<\/strong><\/p>\n<p><strong>Recuerden que una vez instalado el cuerpo\u00a0empotrado\u00a0de la\u00a0grifer\u00eda\u00a0revisar de su correcto funcionamiento de paso de agua, comprobaci\u00f3n de cartuchos y corte de agua, si detecta alguna\u00a0anomal\u00eda\u00a0informe a nuestro\u00a0departamento\u00a0para darle una\u00a0soluci\u00f3n, no\u00a0contin\u00fae\u00a0con la\u00a0instalaci\u00f3n\u00a0de cerramiento de la pared.<\/strong><\/p>\n","protected":false},"featured_media":480,"template":"","meta":[],"product_brand":[],"product_cat":[48,58],"product_tag":[],"serie":[56],"manual-de-instalacion":[80],"color":[34],"class_list":{"0":"post-479","1":"product","2":"type-product","3":"status-publish","4":"has-post-thumbnail","6":"product_cat-grifos-de-lavabo","7":"product_cat-grifos-de-lavabo-empotrados","8":"serie-jucar","9":"manual-de-instalacion-guia-instalacion-grifo-lavabo-empotrado-con-caja","10":"color-dorado-cepillado","12":"first","13":"instock","14":"taxable","15":"shipping-taxable","16":"product-type-simple"},"_links":{"self":[{"href":"https:\/\/www.valaz.es\/it\/wp-json\/wp\/v2\/product\/479","targetHints":{"allow":["GET"]}}],"collection":[{"href":"https:\/\/www.valaz.es\/it\/wp-json\/wp\/v2\/product"}],"about":[{"href":"https:\/\/www.valaz.es\/it\/wp-json\/wp\/v2\/types\/product"}],"wp:featuredmedia":[{"embeddable":true,"href":"https:\/\/www.valaz.es\/it\/wp-json\/wp\/v2\/media\/480"}],"wp:attachment":[{"href":"https:\/\/www.valaz.es\/it\/wp-json\/wp\/v2\/media?parent=479"}],"wp:term":[{"taxonomy":"product_brand","embeddable":true,"href":"https:\/\/www.valaz.es\/it\/wp-json\/wp\/v2\/product_brand?post=479"},{"taxonomy":"product_cat","embeddable":true,"href":"https:\/\/www.valaz.es\/it\/wp-json\/wp\/v2\/product_cat?post=479"},{"taxonomy":"product_tag","embeddable":true,"href":"https:\/\/www.valaz.es\/it\/wp-json\/wp\/v2\/product_tag?post=479"},{"taxonomy":"serie","embeddable":true,"href":"https:\/\/www.valaz.es\/it\/wp-json\/wp\/v2\/serie?post=479"},{"taxonomy":"manual-de-instalacion","embeddable":true,"href":"https:\/\/www.valaz.es\/it\/wp-json\/wp\/v2\/manual-de-instalacion?post=479"},{"taxonomy":"color","embeddable":true,"href":"https:\/\/www.valaz.es\/it\/wp-json\/wp\/v2\/color?post=479"}],"curies":[{"name":"wp","href":"https:\/\/api.w.org\/{rel}","templated":true}]}}