{"id":471,"date":"2022-11-09T12:52:06","date_gmt":"2022-11-09T11:52:06","guid":{"rendered":"https:\/\/www.valaz.es\/?post_type=product&#038;p=471"},"modified":"2026-02-14T17:28:54","modified_gmt":"2026-02-14T16:28:54","slug":"ducha-empotrada-monomando-techo-redonda-dorado-cepillado-serie-jucar","status":"publish","type":"product","link":"https:\/\/www.valaz.es\/it\/prodotto\/ducha-empotrada-monomando-techo-redonda-dorado-cepillado-serie-jucar\/","title":{"rendered":"Ducha empotrada monomando a techo redonda dorado cepillado &#8211; Serie Jucar"},"content":{"rendered":"<div class=\"descripcion\">\n<p class=\"\" data-start=\"78\" data-end=\"441\">La ducha empotrada monomando a techo de la serie Jucar con acabado dorado cepillado es el producto ideal para quienes buscan elegancia y funcionalidad en su ba\u00f1o. Su dise\u00f1o minimalista y elegante aporta un toque sofisticado a cualquier espacio, mientras que el monomando permite un control preciso del agua, garantizando comodidad en cada ducha.<\/p>\n<p class=\"\" data-start=\"443\" data-end=\"465\"><strong data-start=\"443\" data-end=\"463\">Especificaciones<\/strong><\/p>\n<ul data-start=\"466\" data-end=\"708\">\n<li class=\"\" data-start=\"466\" data-end=\"517\">\n<p class=\"\" data-start=\"468\" data-end=\"517\"><strong data-start=\"468\" data-end=\"486\">Tipo de ducha:<\/strong> Empotrada, monomando a techo<\/p>\n<\/li>\n<li class=\"\" data-start=\"518\" data-end=\"575\">\n<p class=\"\" data-start=\"520\" data-end=\"575\"><strong data-start=\"520\" data-end=\"544\">Tama\u00f1o del rociador:<\/strong> Disponible en 20, 25 y 30 cm<\/p>\n<\/li>\n<li class=\"\" data-start=\"576\" data-end=\"674\">\n<p class=\"\" data-start=\"578\" data-end=\"595\"><strong data-start=\"578\" data-end=\"593\">Materiales:<\/strong><\/p>\n<ul data-start=\"598\" data-end=\"674\">\n<li class=\"\" data-start=\"598\" data-end=\"630\">\n<p class=\"\" data-start=\"600\" data-end=\"630\">Rociador de acero inoxidable<\/p>\n<\/li>\n<li class=\"\" data-start=\"633\" data-end=\"655\">\n<p class=\"\" data-start=\"635\" data-end=\"655\">Monomando de lat\u00f3n<\/p>\n<\/li>\n<li class=\"\" data-start=\"658\" data-end=\"674\">\n<p class=\"\" data-start=\"660\" data-end=\"674\">Flexo\u00a0 y alcachofa de mano de PVC<\/p>\n<\/li>\n<\/ul>\n<\/li>\n<li class=\"\" data-start=\"675\" data-end=\"708\">\n<p class=\"\" data-start=\"677\" data-end=\"708\"><strong data-start=\"677\" data-end=\"689\">Acabado:<\/strong> Dorado cepillado<\/p>\n<\/li>\n<\/ul>\n<p class=\"\" data-start=\"710\" data-end=\"928\"><strong data-start=\"710\" data-end=\"723\">Funciones<\/strong><br data-start=\"723\" data-end=\"726\" \/>Esta ducha ofrece una funci\u00f3n de <strong data-start=\"759\" data-end=\"776\">efecto lluvia<\/strong> con el rociador de techo, creando una experiencia relajante y envolvente. Su dise\u00f1o eficiente y elegante asegura que cada ducha sea c\u00f3moda y funcional.<\/p>\n<\/div>\n","protected":false},"excerpt":{"rendered":"<p>Serie J\u00facar con l\u00ednea curvas y redondas aporta confort, elegancia y bienestar, perfecta para todo tipo de ba\u00f1os. Actualmente disponemos diferentes acabados cromados, acero cepillado, dorado cepilladlo, dorado envejecido, negro mate, blanco. Es una de nuestras series m\u00e1s completa, ya que tenemos una gran variedad Ducha empotrada donde puedes a\u00f1adir ca\u00f1o para el ba\u00f1o, grifo empotrado de lavabo, grifo de bid\u00e9, grifo t\u00f3tem empotrado de ba\u00f1era exenta. Todos nuestros modelos de grifer\u00eda empotrada incluyen la caja box con cartucho monomando y selector, soporte ducha, flexo y alcachofa de mano junto con el rociador.<br \/>\nLa garant\u00eda de todos nuestros productos es de 3 a\u00f1os, para funcionamiento, duraci\u00f3n del esmaltado y anticorrosi\u00f3n.<br \/>\nRecomendamos para un correcto mantenimiento de la grifer\u00eda y evitar el deterioro por el uso. Secar las gotas de agua con un pa\u00f1o suave despu\u00e9s del uso, evitando que se posen en la superficie y deterioran el acabado, no utilizar esponjas que puedan rayar la grifer\u00eda, utilizar limpiadores como vinagre limpieza, agua caliente y jab\u00f3n con ph neutro.<\/p>\n<p>Nuestro departamento t\u00e9cnico dispone de gu\u00edas de todos los modelos empotrados que vendemos, si tiene alguna duda con la instalaci\u00f3n contacte con nosotros mediante tel\u00e9fono, WhatsApp o email dentro del horario laboral indicado en la web.<br \/>\nRecuerden que una vez instalado el cuerpo empotrado de la grifer\u00eda revisar de su correcto funcionamiento de paso de agua, comprobaci\u00f3n de cartuchos y corte de agua, si detecta alguna anomal\u00eda informe a nuestro departamento para darle una soluci\u00f3n, no contin\u00fae con la instalaci\u00f3n de cerramiento de la pared.<\/p>\n","protected":false},"featured_media":13282,"template":"","meta":[],"product_brand":[],"product_cat":[57],"product_tag":[],"serie":[56],"manual-de-instalacion":[78],"color":[34],"class_list":{"0":"post-471","1":"product","2":"type-product","3":"status-publish","4":"has-post-thumbnail","6":"product_cat-duchas-empotradas","7":"pa_tamano-rociador-20cm","8":"pa_tamano-rociador-25cm","9":"pa_tamano-rociador-30cm","10":"serie-jucar","11":"manual-de-instalacion-guia-instalacion-duchas-empotradas-monomando","12":"color-dorado-cepillado","14":"first","15":"outofstock","16":"taxable","17":"shipping-taxable","18":"product-type-variable"},"_links":{"self":[{"href":"https:\/\/www.valaz.es\/it\/wp-json\/wp\/v2\/product\/471","targetHints":{"allow":["GET"]}}],"collection":[{"href":"https:\/\/www.valaz.es\/it\/wp-json\/wp\/v2\/product"}],"about":[{"href":"https:\/\/www.valaz.es\/it\/wp-json\/wp\/v2\/types\/product"}],"wp:featuredmedia":[{"embeddable":true,"href":"https:\/\/www.valaz.es\/it\/wp-json\/wp\/v2\/media\/13282"}],"wp:attachment":[{"href":"https:\/\/www.valaz.es\/it\/wp-json\/wp\/v2\/media?parent=471"}],"wp:term":[{"taxonomy":"product_brand","embeddable":true,"href":"https:\/\/www.valaz.es\/it\/wp-json\/wp\/v2\/product_brand?post=471"},{"taxonomy":"product_cat","embeddable":true,"href":"https:\/\/www.valaz.es\/it\/wp-json\/wp\/v2\/product_cat?post=471"},{"taxonomy":"product_tag","embeddable":true,"href":"https:\/\/www.valaz.es\/it\/wp-json\/wp\/v2\/product_tag?post=471"},{"taxonomy":"serie","embeddable":true,"href":"https:\/\/www.valaz.es\/it\/wp-json\/wp\/v2\/serie?post=471"},{"taxonomy":"manual-de-instalacion","embeddable":true,"href":"https:\/\/www.valaz.es\/it\/wp-json\/wp\/v2\/manual-de-instalacion?post=471"},{"taxonomy":"color","embeddable":true,"href":"https:\/\/www.valaz.es\/it\/wp-json\/wp\/v2\/color?post=471"}],"curies":[{"name":"wp","href":"https:\/\/api.w.org\/{rel}","templated":true}]}}