{"id":448,"date":"2022-11-09T12:06:07","date_gmt":"2022-11-09T11:06:07","guid":{"rendered":"https:\/\/www.valaz.es\/?post_type=product&#038;p=448"},"modified":"2026-04-09T13:23:11","modified_gmt":"2026-04-09T11:23:11","slug":"ducha-empotrada-termostatica-a-pared-redonda-negro-mate-serie-jucar","status":"publish","type":"product","link":"https:\/\/www.valaz.es\/it\/prodotto\/ducha-empotrada-termostatica-a-pared-redonda-negro-mate-serie-jucar\/","title":{"rendered":"Ducha empotrada termost\u00e1tica a pared redonda negro mate &#8211; Serie Jucar"},"content":{"rendered":"<p class=\"\" data-start=\"75\" data-end=\"429\">La ducha empotrada termost\u00e1tica de la serie Jucar combina confort y precisi\u00f3n en un dise\u00f1o redondo de estilo moderno. Su acabado negro mate aporta elegancia al ba\u00f1o, mientras que su funcionamiento termost\u00e1tico permite mantener la temperatura del agua constante durante toda la ducha. Perfecta para quienes buscan dise\u00f1o y funcionalidad.<\/p>\n<p class=\"\" data-start=\"431\" data-end=\"453\"><strong data-start=\"431\" data-end=\"451\">Especificaciones<\/strong><\/p>\n<ul data-start=\"454\" data-end=\"883\">\n<li class=\"\" data-start=\"454\" data-end=\"499\">\n<p class=\"\" data-start=\"456\" data-end=\"499\"><strong data-start=\"456\" data-end=\"474\">Tipo de grifo:<\/strong> Termost\u00e1tica de 2 v\u00edas<\/p>\n<\/li>\n<li class=\"\" data-start=\"500\" data-end=\"575\">\n<p class=\"\" data-start=\"502\" data-end=\"518\"><strong data-start=\"502\" data-end=\"516\">Funciones:<\/strong><\/p>\n<ul data-start=\"521\" data-end=\"575\">\n<li class=\"\" data-start=\"521\" data-end=\"551\">\n<p class=\"\" data-start=\"523\" data-end=\"551\">Rociador con efecto lluvia<\/p>\n<\/li>\n<li class=\"\" data-start=\"554\" data-end=\"575\">\n<p class=\"\" data-start=\"556\" data-end=\"575\">Alcachofa de mano<\/p>\n<\/li>\n<\/ul>\n<\/li>\n<li class=\"\" data-start=\"576\" data-end=\"725\">\n<p class=\"\" data-start=\"578\" data-end=\"592\"><strong data-start=\"578\" data-end=\"590\">Incluye:<\/strong><\/p>\n<ul data-start=\"595\" data-end=\"725\">\n<li class=\"\" data-start=\"595\" data-end=\"645\">\n<p class=\"\" data-start=\"597\" data-end=\"645\">Rociador disponible en tama\u00f1os: 20, 25 y 30 cm<\/p>\n<\/li>\n<li class=\"\" data-start=\"648\" data-end=\"667\">\n<p class=\"\" data-start=\"650\" data-end=\"667\">Soporte a pared<\/p>\n<\/li>\n<li class=\"\" data-start=\"670\" data-end=\"689\">\n<p class=\"\" data-start=\"672\" data-end=\"689\">Flexo de 150 cm<\/p>\n<\/li>\n<li class=\"\" data-start=\"692\" data-end=\"725\">\n<p class=\"\" data-start=\"694\" data-end=\"725\">Alcachofa de mano con soporte<\/p>\n<\/li>\n<\/ul>\n<\/li>\n<li class=\"\" data-start=\"726\" data-end=\"855\">\n<p class=\"\" data-start=\"728\" data-end=\"745\"><strong data-start=\"728\" data-end=\"743\">Materiales:<\/strong><\/p>\n<ul data-start=\"748\" data-end=\"855\">\n<li class=\"\" data-start=\"748\" data-end=\"780\">\n<p class=\"\" data-start=\"750\" data-end=\"780\">Rociador de acero inoxidable<\/p>\n<\/li>\n<li class=\"\" data-start=\"783\" data-end=\"805\">\n<p class=\"\" data-start=\"785\" data-end=\"805\">Monomando de lat\u00f3n<\/p>\n<\/li>\n<li class=\"\" data-start=\"808\" data-end=\"836\">\n<p class=\"\" data-start=\"810\" data-end=\"836\">Alcachofa de mano de PVC<\/p>\n<\/li>\n<li class=\"\" data-start=\"839\" data-end=\"855\">\n<p class=\"\" data-start=\"841\" data-end=\"855\">Flexo de PVC<\/p>\n<\/li>\n<\/ul>\n<\/li>\n<li class=\"\" data-start=\"856\" data-end=\"883\">\n<p class=\"\" data-start=\"858\" data-end=\"883\"><strong data-start=\"858\" data-end=\"870\">Acabado:<\/strong> Negro mate<\/p>\n<\/li>\n<\/ul>\n","protected":false},"excerpt":{"rendered":"<p>La ducha empotrada termost\u00e1tica de la serie Jucar combina confort  [&#8230;]<\/p>\n","protected":false},"featured_media":15098,"template":"","meta":[],"product_brand":[],"product_cat":[57,47],"product_tag":[],"serie":[56],"manual-de-instalacion":[79],"color":[27],"class_list":{"0":"post-448","1":"product","2":"type-product","3":"status-publish","4":"has-post-thumbnail","6":"product_cat-duchas-empotradas","7":"product_cat-duchas","8":"pa_tamano-rociador-20cm","9":"pa_tamano-rociador-25cm","10":"pa_tamano-rociador-30cm","11":"serie-jucar","12":"manual-de-instalacion-guia-instalacion-duchas-empotradas-termostaticas","13":"color-negro-mate","15":"first","16":"outofstock","17":"taxable","18":"shipping-taxable","19":"product-type-variable"},"_links":{"self":[{"href":"https:\/\/www.valaz.es\/it\/wp-json\/wp\/v2\/product\/448","targetHints":{"allow":["GET"]}}],"collection":[{"href":"https:\/\/www.valaz.es\/it\/wp-json\/wp\/v2\/product"}],"about":[{"href":"https:\/\/www.valaz.es\/it\/wp-json\/wp\/v2\/types\/product"}],"wp:featuredmedia":[{"embeddable":true,"href":"https:\/\/www.valaz.es\/it\/wp-json\/wp\/v2\/media\/15098"}],"wp:attachment":[{"href":"https:\/\/www.valaz.es\/it\/wp-json\/wp\/v2\/media?parent=448"}],"wp:term":[{"taxonomy":"product_brand","embeddable":true,"href":"https:\/\/www.valaz.es\/it\/wp-json\/wp\/v2\/product_brand?post=448"},{"taxonomy":"product_cat","embeddable":true,"href":"https:\/\/www.valaz.es\/it\/wp-json\/wp\/v2\/product_cat?post=448"},{"taxonomy":"product_tag","embeddable":true,"href":"https:\/\/www.valaz.es\/it\/wp-json\/wp\/v2\/product_tag?post=448"},{"taxonomy":"serie","embeddable":true,"href":"https:\/\/www.valaz.es\/it\/wp-json\/wp\/v2\/serie?post=448"},{"taxonomy":"manual-de-instalacion","embeddable":true,"href":"https:\/\/www.valaz.es\/it\/wp-json\/wp\/v2\/manual-de-instalacion?post=448"},{"taxonomy":"color","embeddable":true,"href":"https:\/\/www.valaz.es\/it\/wp-json\/wp\/v2\/color?post=448"}],"curies":[{"name":"wp","href":"https:\/\/api.w.org\/{rel}","templated":true}]}}