{"id":430,"date":"2022-11-09T11:32:24","date_gmt":"2022-11-09T10:32:24","guid":{"rendered":"https:\/\/www.valaz.es\/?post_type=product&#038;p=430"},"modified":"2025-09-04T16:31:25","modified_gmt":"2025-09-04T14:31:25","slug":"grifo-de-lavabo-empotrado-monomando-cromado-serie-jucar","status":"publish","type":"product","link":"https:\/\/www.valaz.es\/it\/prodotto\/grifo-de-lavabo-empotrado-monomando-cromado-serie-jucar\/","title":{"rendered":"Grifo de lavabo empotrado redondo monomando cromado &#8211; Serie Jucar"},"content":{"rendered":"<p class=\"\" data-start=\"71\" data-end=\"386\">Este grifo de lavabo empotrado combina funcionalidad y est\u00e9tica minimalista. Su dise\u00f1o redondo y acabado en cromo lo convierten en una opci\u00f3n vers\u00e1til y moderna para ba\u00f1os contempor\u00e1neos. Incorpora un ca\u00f1o de 21 cm que aporta comodidad y un flujo de agua eficiente, ideal para lavabos de encimera.<\/p>\n<p class=\"\" data-start=\"388\" data-end=\"410\"><strong data-start=\"388\" data-end=\"408\">Especificaciones<\/strong><\/p>\n<ul data-start=\"411\" data-end=\"639\">\n<li class=\"\" data-start=\"411\" data-end=\"454\">\n<p class=\"\" data-start=\"413\" data-end=\"454\"><strong data-start=\"413\" data-end=\"431\">Tipo de grifo:<\/strong> Empotrado, monomando<\/p>\n<\/li>\n<li class=\"\" data-start=\"455\" data-end=\"478\">\n<p class=\"\" data-start=\"457\" data-end=\"478\"><strong data-start=\"457\" data-end=\"470\">Material:<\/strong> Lat\u00f3n<\/p>\n<\/li>\n<li class=\"\" data-start=\"479\" data-end=\"505\">\n<p class=\"\" data-start=\"481\" data-end=\"505\"><strong data-start=\"481\" data-end=\"494\">Cartucho:<\/strong> Cer\u00e1mico<\/p>\n<\/li>\n<li class=\"\" data-start=\"506\" data-end=\"564\">\n<p class=\"\" data-start=\"508\" data-end=\"564\"><strong data-start=\"508\" data-end=\"522\">Funciones:<\/strong> Grifo mezclador de agua fr\u00eda y caliente<\/p>\n<\/li>\n<li class=\"\" data-start=\"565\" data-end=\"596\">\n<p class=\"\" data-start=\"567\" data-end=\"596\"><strong data-start=\"567\" data-end=\"579\">Incluye:<\/strong> Caja empotrada<\/p>\n<\/li>\n<li class=\"\" data-start=\"597\" data-end=\"616\">\n<p class=\"\" data-start=\"599\" data-end=\"616\"><strong data-start=\"599\" data-end=\"608\">Ca\u00f1o:<\/strong> 21 cm<\/p>\n<\/li>\n<li class=\"\" data-start=\"617\" data-end=\"639\">\n<p class=\"\" data-start=\"619\" data-end=\"639\"><strong data-start=\"619\" data-end=\"631\">Acabado:<\/strong> Cromo<\/p>\n<\/li>\n<\/ul>\n","protected":false},"excerpt":{"rendered":"<p>Serie J\u00facar con l\u00ednea curvas y redondas aporta confort, elegancia y bienestar, perfecta para todo tipo de ba\u00f1os. Actualmente disponemos diferentes acabados cromados, acero cepillado, dorado cepilladlo, dorado envejecido, negro mate, blanco. Es una de nuestras series m\u00e1s completa, ya que tenemos una gran variedad Ducha empotrada donde puedes a\u00f1adir ca\u00f1o para el ba\u00f1o, grifo empotrado de lavabo, grifo de bid\u00e9, grifo t\u00f3tem empotrado de ba\u00f1era exenta. Todos nuestros modelos de grifer\u00eda empotrada incluyen la caja box con cartucho monomando y selector, soporte ducha, flexo y alcachofa de mano junto con el rociador.<\/p>\n<p>La garant\u00eda de todos nuestros productos es de 3 a\u00f1os, para funcionamiento, duraci\u00f3n del esmaltado y anticorrosi\u00f3n.<\/p>\n<p>Recomendamos para un correcto mantenimiento de la grifer\u00eda y evitar el deterioro por el uso. Secar las gotas de agua con un pa\u00f1o suave despu\u00e9s del uso, evitando que se posen en la superficie y deterioran el acabado, no utilizar esponjas que puedan rayar la grifer\u00eda, utilizar limpiadores como vinagre limpieza, agua caliente y jab\u00f3n con ph neutro.<\/p>\n<p>&nbsp;<\/p>\n<p><strong>Nuestro departamento\u00a0t\u00e9cnico\u00a0dispone de\u00a0gu\u00edas\u00a0de todos los\u00a0modelos\u00a0empotrados\u00a0que vendemos<\/strong><strong>,\u00a0si tiene alguna duda con la\u00a0instalaci\u00f3n\u00a0contacte con nosotros mediante\u00a0tel\u00e9fono,\u00a0WhatsApp\u00a0o email dentro del horario laboral indicado en la web.<\/strong><\/p>\n<p><strong>Recuerden que una vez instalado el cuerpo\u00a0empotrado\u00a0de la\u00a0grifer\u00eda\u00a0revisar de su correcto funcionamiento de paso de agua, comprobaci\u00f3n de cartuchos y corte de agua, si detecta alguna\u00a0anomal\u00eda\u00a0informe a nuestro\u00a0departamento\u00a0para darle una\u00a0soluci\u00f3n, no\u00a0contin\u00fae\u00a0con la\u00a0instalaci\u00f3n\u00a0de cerramiento de la pared.<\/strong><\/p>\n","protected":false},"featured_media":436,"template":"","meta":[],"product_brand":[],"product_cat":[48,58],"product_tag":[],"serie":[56],"manual-de-instalacion":[80],"color":[26],"class_list":{"0":"post-430","1":"product","2":"type-product","3":"status-publish","4":"has-post-thumbnail","6":"product_cat-grifos-de-lavabo","7":"product_cat-grifos-de-lavabo-empotrados","8":"serie-jucar","9":"manual-de-instalacion-guia-instalacion-grifo-lavabo-empotrado-con-caja","10":"color-cromo","12":"first","13":"instock","14":"taxable","15":"shipping-taxable","16":"product-type-simple"},"_links":{"self":[{"href":"https:\/\/www.valaz.es\/it\/wp-json\/wp\/v2\/product\/430","targetHints":{"allow":["GET"]}}],"collection":[{"href":"https:\/\/www.valaz.es\/it\/wp-json\/wp\/v2\/product"}],"about":[{"href":"https:\/\/www.valaz.es\/it\/wp-json\/wp\/v2\/types\/product"}],"wp:featuredmedia":[{"embeddable":true,"href":"https:\/\/www.valaz.es\/it\/wp-json\/wp\/v2\/media\/436"}],"wp:attachment":[{"href":"https:\/\/www.valaz.es\/it\/wp-json\/wp\/v2\/media?parent=430"}],"wp:term":[{"taxonomy":"product_brand","embeddable":true,"href":"https:\/\/www.valaz.es\/it\/wp-json\/wp\/v2\/product_brand?post=430"},{"taxonomy":"product_cat","embeddable":true,"href":"https:\/\/www.valaz.es\/it\/wp-json\/wp\/v2\/product_cat?post=430"},{"taxonomy":"product_tag","embeddable":true,"href":"https:\/\/www.valaz.es\/it\/wp-json\/wp\/v2\/product_tag?post=430"},{"taxonomy":"serie","embeddable":true,"href":"https:\/\/www.valaz.es\/it\/wp-json\/wp\/v2\/serie?post=430"},{"taxonomy":"manual-de-instalacion","embeddable":true,"href":"https:\/\/www.valaz.es\/it\/wp-json\/wp\/v2\/manual-de-instalacion?post=430"},{"taxonomy":"color","embeddable":true,"href":"https:\/\/www.valaz.es\/it\/wp-json\/wp\/v2\/color?post=430"}],"curies":[{"name":"wp","href":"https:\/\/api.w.org\/{rel}","templated":true}]}}